{"id":13643,"date":"2020-04-14T01:27:19","date_gmt":"2020-04-13T23:27:19","guid":{"rendered":"http:\/\/beta.hempmont.pl\/?page_id=13643"},"modified":"2021-03-22T19:44:39","modified_gmt":"2021-03-22T18:44:39","slug":"hempmont-opinie","status":"publish","type":"page","link":"https:\/\/b2b.hempmont.pl\/de\/uber-die-hempmont\/meinungen-uber-hempmont\/","title":{"rendered":"Feedback von K\u00e4ufern"},"content":{"rendered":"<div data-elementor-type=\"wp-page\" data-elementor-id=\"13643\" class=\"elementor elementor-13643\">\n\t\t\t\t\t\t\t\t\t<section class=\"elementor-section elementor-top-section elementor-element elementor-element-b779652 elementor-section-boxed elementor-section-height-default elementor-section-height-default\" data-id=\"b779652\" data-element_type=\"section\">\n\t\t\t\t\t\t<div class=\"elementor-container elementor-column-gap-default\">\n\t\t\t\t\t<div class=\"elementor-column elementor-col-100 elementor-top-column elementor-element elementor-element-6bdbb78\" data-id=\"6bdbb78\" data-element_type=\"column\">\n\t\t\t<div class=\"elementor-widget-wrap elementor-element-populated\">\n\t\t\t\t\t\t\t\t<div class=\"elementor-element elementor-element-1046f25 lte-heading-style-header-subheader elementor-widget elementor-widget-lte-header\" data-id=\"1046f25\" data-element_type=\"widget\" data-widget_type=\"lte-header.default\">\n\t\t\t\t<div class=\"elementor-widget-container\">\n\t\t\t<div class=\"lte-heading lte-style-header-subheader lte-subcolor-main has-subheader heading-tag-h3 heading-subtag-h6\"><div class=\"lte-heading-content\"><h6 class=\"lte-subheader\">Bewertungen<\/h6><h3 class=\"lte-header\">Am besten bewertete Meinungen<\/h3><\/div><\/div>\t\t<\/div>\n\t\t\t\t<\/div>\n\t\t\t\t<div class=\"elementor-element elementor-element-3c523f3 elementor-widget elementor-widget-spacer\" data-id=\"3c523f3\" data-element_type=\"widget\" data-widget_type=\"spacer.default\">\n\t\t\t\t<div class=\"elementor-widget-container\">\n\t\t\t<style>\/*! elementor - v3.14.0 - 26-06-2023 *\/\n.elementor-column .elementor-spacer-inner{height:var(--spacer-size)}.e-con{--container-widget-width:100%}.e-con-inner>.elementor-widget-spacer,.e-con>.elementor-widget-spacer{width:var(--container-widget-width,var(--spacer-size));--align-self:var(--container-widget-align-self,initial);--flex-shrink:0}.e-con-inner>.elementor-widget-spacer>.elementor-widget-container,.e-con-inner>.elementor-widget-spacer>.elementor-widget-container>.elementor-spacer,.e-con>.elementor-widget-spacer>.elementor-widget-container,.e-con>.elementor-widget-spacer>.elementor-widget-container>.elementor-spacer{height:100%}.e-con-inner>.elementor-widget-spacer>.elementor-widget-container>.elementor-spacer>.elementor-spacer-inner,.e-con>.elementor-widget-spacer>.elementor-widget-container>.elementor-spacer>.elementor-spacer-inner{height:var(--container-widget-height,var(--spacer-size))}<\/style>\t\t<div class=\"elementor-spacer\">\n\t\t\t<div class=\"elementor-spacer-inner\"><\/div>\n\t\t<\/div>\n\t\t\t\t<\/div>\n\t\t\t\t<\/div>\n\t\t\t\t<div class=\"elementor-element elementor-element-4995c1a elementor-widget elementor-widget-lte-testimonials\" data-id=\"4995c1a\" data-element_type=\"widget\" data-widget_type=\"lte-testimonials.default\">\n\t\t\t\t<div class=\"elementor-widget-container\">\n\t\t\t<div class=\"lte-swiper-slider-wrapper\"><div class=\"lte-swiper-slider swiper-container lte-testimonials-list lte-testimonials-layout-swiper lte-cols-1\" data-space-between=\"30\" data-arrows=\"fraction\" data-autoplay=\"0\" data-autoplay-interaction=\"\" data-loop=\"\" data-speed=\"1000\" data-effect=\"slide\" data-slides-per-group=\"\" data-pagination=\"fraction\" data-breakpoints=\"1;;;;;\"><div class=\"swiper-wrapper\"><div class=\"lte-item swiper-slide\"><div class=\"lte-inner\">\r\n\t<div class=\"lte-descr\"><p>Es macht das Einschlafen leichter. Es beruhigt und bes\u00e4nftigt - eine subtile, aber sp\u00fcrbare Wirkung. Der Schlaf selbst ist, im Gegensatz zu anderen \"Schlaf\"-Produkten, nat\u00fcrlich und regenerativ, und am Morgen gibt es keine Probleme mit dem Aufwachen. Es ist schade, dass ich so lange gewartet habe, um CBD-\u00d6len eine Chance zu geben, denn sie funktionieren wirklich gut. Eine angenehme \u00dcberraschung...<\/p><span class=\"lte-triangle\"><\/span><\/div><div class=\"lte-image\"><\/div><div class=\"lte-header\">Lukas D.<\/div><\/div>\r\n<\/div><div class=\"lte-item swiper-slide\"><div class=\"lte-inner\">\r\n\t<div class=\"lte-descr\"><p>Tolles \u00d6l, ich schlafe besser, seit ich diese Hanf\u00f6le benutze!<\/p><span class=\"lte-triangle\"><\/span><\/div><div class=\"lte-image\"><\/div><div class=\"lte-header\">Beata W.<\/div><\/div>\r\n<\/div><div class=\"lte-item swiper-slide\"><div class=\"lte-inner\">\r\n\t<div class=\"lte-descr\"><p>Das \u00d6l ist sehr empfehlenswert. Sehr angenehmer Geschmack und sch\u00f6ne Konsistenz. Ich werde die Auswirkungen erst nach einiger Zeit beurteilen k\u00f6nnen. Das Preis-\/Leistungsverh\u00e4ltnis ist vorbildlich!<\/p><span class=\"lte-triangle\"><\/span><\/div><div class=\"lte-image\"><\/div><div class=\"lte-header\">Patrick K.<\/div><\/div>\r\n<\/div><div class=\"lte-item swiper-slide\"><div class=\"lte-inner\">\r\n\t<div class=\"lte-descr\"><p>Es schmeckt anders als andere \u00d6le, die ich probiert habe... krautiger und intensiver. Ich empfehle es :-).<\/p><span class=\"lte-triangle\"><\/span><\/div><div class=\"lte-image\"><\/div><div class=\"lte-header\">Maria M.<\/div><\/div>\r\n<\/div><\/div><\/div><\/div>\t\t<\/div>\n\t\t\t\t<\/div>\n\t\t\t\t<div class=\"elementor-element elementor-element-712fcc1 elementor-widget elementor-widget-spacer\" data-id=\"712fcc1\" data-element_type=\"widget\" data-widget_type=\"spacer.default\">\n\t\t\t\t<div class=\"elementor-widget-container\">\n\t\t\t\t\t<div class=\"elementor-spacer\">\n\t\t\t<div class=\"elementor-spacer-inner\"><\/div>\n\t\t<\/div>\n\t\t\t\t<\/div>\n\t\t\t\t<\/div>\n\t\t\t\t<div class=\"elementor-element elementor-element-9aa1a2b elementor-widget elementor-widget-spacer\" data-id=\"9aa1a2b\" data-element_type=\"widget\" data-widget_type=\"spacer.default\">\n\t\t\t\t<div class=\"elementor-widget-container\">\n\t\t\t\t\t<div class=\"elementor-spacer\">\n\t\t\t<div class=\"elementor-spacer-inner\"><\/div>\n\t\t<\/div>\n\t\t\t\t<\/div>\n\t\t\t\t<\/div>\n\t\t\t\t\t<\/div>\n\t\t<\/div>\n\t\t\t\t\t\t\t<\/div>\n\t\t<\/section>\n\t\t\t\t<section class=\"lte-background-gray elementor-section elementor-top-section elementor-element elementor-element-c0b634b lte-background-gray elementor-section-full_width elementor-section-height-default elementor-section-height-default\" data-id=\"c0b634b\" data-element_type=\"section\" data-settings=\"{&quot;background_background&quot;:&quot;classic&quot;}\">\n\t\t\t\t\t\t<div class=\"elementor-container elementor-column-gap-default\">\n\t\t\t\t\t<div class=\"elementor-column elementor-col-100 elementor-top-column elementor-element elementor-element-ed2c047\" data-id=\"ed2c047\" data-element_type=\"column\">\n\t\t\t<div class=\"elementor-widget-wrap elementor-element-populated\">\n\t\t\t\t\t\t\t\t<section class=\"elementor-section elementor-inner-section elementor-element elementor-element-9fdc161 elementor-section-boxed elementor-section-height-default elementor-section-height-default\" data-id=\"9fdc161\" data-element_type=\"section\">\n\t\t\t\t\t\t<div class=\"elementor-container elementor-column-gap-default\">\n\t\t\t\t\t<div class=\"elementor-column elementor-col-100 elementor-inner-column elementor-element elementor-element-fca28eb\" data-id=\"fca28eb\" data-element_type=\"column\">\n\t\t\t<div class=\"elementor-widget-wrap elementor-element-populated\">\n\t\t\t\t\t\t\t\t<div class=\"elementor-element elementor-element-7d7c46e elementor-widget elementor-widget-spacer\" data-id=\"7d7c46e\" data-element_type=\"widget\" data-widget_type=\"spacer.default\">\n\t\t\t\t<div class=\"elementor-widget-container\">\n\t\t\t\t\t<div class=\"elementor-spacer\">\n\t\t\t<div class=\"elementor-spacer-inner\"><\/div>\n\t\t<\/div>\n\t\t\t\t<\/div>\n\t\t\t\t<\/div>\n\t\t\t\t<div class=\"elementor-element elementor-element-7229053 lte-heading-style-header-subheader elementor-widget elementor-widget-lte-header\" data-id=\"7229053\" data-element_type=\"widget\" data-widget_type=\"lte-header.default\">\n\t\t\t\t<div class=\"elementor-widget-container\">\n\t\t\t<div class=\"lte-heading lte-style-header-subheader lte-subcolor-main has-subheader heading-tag-h3 heading-subtag-h6\"><div class=\"lte-heading-content\"><h6 class=\"lte-subheader\">R\u00fcckmeldung<\/h6><h3 class=\"lte-header\">Hinterlassen Sie Ihr Feedback<\/h3><\/div><\/div>\t\t<\/div>\n\t\t\t\t<\/div>\n\t\t\t\t<div class=\"elementor-element elementor-element-4dd3e9b elementor-widget__width-initial elementor-widget elementor-widget-text-editor\" data-id=\"4dd3e9b\" data-element_type=\"widget\" data-widget_type=\"text-editor.default\">\n\t\t\t\t<div class=\"elementor-widget-container\">\n\t\t\t<style>\/*! elementor - v3.14.0 - 26-06-2023 *\/\n.elementor-widget-text-editor.elementor-drop-cap-view-stacked .elementor-drop-cap{background-color:#69727d;color:#fff}.elementor-widget-text-editor.elementor-drop-cap-view-framed .elementor-drop-cap{color:#69727d;border:3px solid;background-color:transparent}.elementor-widget-text-editor:not(.elementor-drop-cap-view-default) .elementor-drop-cap{margin-top:8px}.elementor-widget-text-editor:not(.elementor-drop-cap-view-default) .elementor-drop-cap-letter{width:1em;height:1em}.elementor-widget-text-editor .elementor-drop-cap{float:left;text-align:center;line-height:1;font-size:50px}.elementor-widget-text-editor .elementor-drop-cap-letter{display:inline-block}<\/style>\t\t\t\t<p>Die Erfahrungen unserer Kunden sind uns sehr wichtig, und wir m\u00f6chten Sie ermutigen, uns Ihr Feedback oder Ihre Kommentare zu unseren Produkten mitzuteilen.<\/p>\t\t\t\t\t\t<\/div>\n\t\t\t\t<\/div>\n\t\t\t\t<div class=\"elementor-element elementor-element-d47b45e lte-background-transparent elementor-widget__width-initial elementor-widget elementor-widget-lte-cf7\" data-id=\"d47b45e\" data-element_type=\"widget\" data-widget_type=\"lte-cf7.default\">\n\t\t\t\t<div class=\"elementor-widget-container\">\n\t\t\t<div class=\"lte-contact-form-7 lte-padding- lte-full-width-no\">\n<div class=\"wpcf7 no-js\" id=\"wpcf7-f12000-o1\" lang=\"en-US\" dir=\"ltr\">\n<div class=\"screen-reader-response\"><p role=\"status\" aria-live=\"polite\" aria-atomic=\"true\"><\/p> <ul><\/ul><\/div>\n<form action=\"\/de\/wp-json\/wp\/v2\/pages\/13643#wpcf7-f12000-o1\" method=\"post\" class=\"wpcf7-form init\" aria-label=\"Contact form\" novalidate=\"novalidate\" data-status=\"init\" data-trp-original-action=\"\/de\/wp-json\/wp\/v2\/pages\/13643#wpcf7-f12000-o1\">\n<div style=\"display: none;\">\n<input type=\"hidden\" name=\"_wpcf7\" value=\"12000\" \/>\n<input type=\"hidden\" name=\"_wpcf7_version\" value=\"5.7.7\" \/>\n<input type=\"hidden\" name=\"_wpcf7_locale\" value=\"en_US\" \/>\n<input type=\"hidden\" name=\"_wpcf7_unit_tag\" value=\"wpcf7-f12000-o1\" \/>\n<input type=\"hidden\" name=\"_wpcf7_container_post\" value=\"0\" \/>\n<input type=\"hidden\" name=\"_wpcf7_posted_data_hash\" value=\"\" \/>\n<\/div>\n<div class=\"row\">\n\t<div class=\"col-lg-6 col-md-12 col-xs-12\">\n\t\t<p><span class=\"wpcf7-form-control-wrap\" data-name=\"field-name\"><input size=\"40\" class=\"wpcf7-form-control wpcf7-text wpcf7-validates-as-required\" aria-required=\"true\" aria-invalid=\"false\" placeholder=\"Ihr Name\" value=\"\" type=\"text\" name=\"field-name\" \/><\/span>\n\t\t<\/p>\n\t<\/div>\n\t<div class=\"col-lg-6 col-md-12 col-xs-12\">\n\t\t<p><span class=\"wpcf7-form-control-wrap\" data-name=\"field-email\"><input size=\"40\" class=\"wpcf7-form-control wpcf7-text wpcf7-email wpcf7-validates-as-required wpcf7-validates-as-email\" aria-required=\"true\" aria-invalid=\"false\" placeholder=\"Deine E-Mail\" value=\"\" type=\"email\" name=\"field-email\" \/><\/span>\n\t\t<\/p>\n\t<\/div>\n\t<div class=\"col-lg-12 col-md-12 col-xs-12\">\n\t\t<p><span class=\"wpcf7-form-control-wrap\" data-name=\"field-message\"><textarea cols=\"40\" rows=\"10\" class=\"wpcf7-form-control wpcf7-textarea\" aria-invalid=\"false\" placeholder=\"Nachricht\" name=\"field-message\"><\/textarea><\/span>\n\t\t<\/p>\n\t\t<div class=\"row\">\n\t\t\t<div class=\"col-lg-6 col-md-12 col-xs-12\">\n\t\t\t\t<p><span class=\"wpcf7-form-control-wrap\" data-name=\"quiz-818\"><label><span class=\"wpcf7-quiz-label\">Spam-Filter. Was ist das Ergebnis der Addition von 2 und 3?<\/span> <input size=\"40\" class=\"wpcf7-form-control wpcf7-quiz\" autocomplete=\"off\" aria-required=\"true\" aria-invalid=\"false\" type=\"text\" name=\"quiz-818\" \/><\/label><input type=\"hidden\" name=\"_wpcf7_quiz_answer_quiz-818\" value=\"5588f0d10fda244f730bfe7a5bec0210\" \/><\/span>\n\t\t\t\t<\/p>\n\t\t\t\t<div class=\"row\">\n\t\t\t\t<\/div>\n\t\t\t<\/div>\n\t\t\t<p><input class=\"wpcf7-form-control has-spinner wpcf7-submit\" type=\"submit\" value=\"Senden Sie\" \/>\n\t\t\t<\/p>\n\t\t<\/div>\n\t<\/div>\n<\/div><div class=\"wpcf7-response-output\" aria-hidden=\"true\"><\/div>\n<input type=\"hidden\" name=\"trp-form-language\" value=\"de\"\/><\/form>\n<\/div>\n<\/div>\t\t<\/div>\n\t\t\t\t<\/div>\n\t\t\t\t<div class=\"elementor-element elementor-element-5cd1e2a elementor-widget elementor-widget-spacer\" data-id=\"5cd1e2a\" data-element_type=\"widget\" data-widget_type=\"spacer.default\">\n\t\t\t\t<div class=\"elementor-widget-container\">\n\t\t\t\t\t<div class=\"elementor-spacer\">\n\t\t\t<div class=\"elementor-spacer-inner\"><\/div>\n\t\t<\/div>\n\t\t\t\t<\/div>\n\t\t\t\t<\/div>\n\t\t\t\t\t<\/div>\n\t\t<\/div>\n\t\t\t\t\t\t\t<\/div>\n\t\t<\/section>\n\t\t\t\t\t<\/div>\n\t\t<\/div>\n\t\t\t\t\t\t\t<\/div>\n\t\t<\/section>\n\t\t\t\t<section class=\"elementor-section elementor-top-section elementor-element elementor-element-75c6ff2 elementor-section-boxed elementor-section-height-default elementor-section-height-default\" data-id=\"75c6ff2\" data-element_type=\"section\">\n\t\t\t\t\t\t<div class=\"elementor-container elementor-column-gap-default\">\n\t\t\t\t\t<div class=\"elementor-column elementor-col-100 elementor-top-column elementor-element elementor-element-822832d\" data-id=\"822832d\" data-element_type=\"column\">\n\t\t\t<div class=\"elementor-widget-wrap elementor-element-populated\">\n\t\t\t\t\t\t\t\t<div class=\"elementor-element elementor-element-72c79a0 elementor-widget elementor-widget-spacer\" data-id=\"72c79a0\" data-element_type=\"widget\" data-widget_type=\"spacer.default\">\n\t\t\t\t<div class=\"elementor-widget-container\">\n\t\t\t\t\t<div class=\"elementor-spacer\">\n\t\t\t<div class=\"elementor-spacer-inner\"><\/div>\n\t\t<\/div>\n\t\t\t\t<\/div>\n\t\t\t\t<\/div>\n\t\t\t\t<div class=\"elementor-element elementor-element-3b267f7 lte-heading-style-header-subheader elementor-widget elementor-widget-lte-header\" data-id=\"3b267f7\" data-element_type=\"widget\" data-widget_type=\"lte-header.default\">\n\t\t\t\t<div class=\"elementor-widget-container\">\n\t\t\t<div class=\"lte-heading lte-style-header-subheader lte-subcolor-main has-subheader heading-tag-h3 heading-subtag-h6\"><div class=\"lte-heading-content\"><h6 class=\"lte-subheader\">Bewertungen<\/h6><h3 class=\"lte-header\">Was unsere Kunden sagen<\/h3><\/div><\/div>\t\t<\/div>\n\t\t\t\t<\/div>\n\t\t\t\t<div class=\"elementor-element elementor-element-3794a99 elementor-widget elementor-widget-spacer\" data-id=\"3794a99\" data-element_type=\"widget\" data-widget_type=\"spacer.default\">\n\t\t\t\t<div class=\"elementor-widget-container\">\n\t\t\t\t\t<div class=\"elementor-spacer\">\n\t\t\t<div class=\"elementor-spacer-inner\"><\/div>\n\t\t<\/div>\n\t\t\t\t<\/div>\n\t\t\t\t<\/div>\n\t\t\t\t\t<\/div>\n\t\t<\/div>\n\t\t\t\t\t\t\t<\/div>\n\t\t<\/section>\n\t\t\t\t\t\t\t<\/div>","protected":false},"excerpt":{"rendered":"<p>Recenzje Opinie z najwy\u017csz\u0105 ocen\u0105 \u0141atwiej si\u0119 po nim zasypia. Ot, wycisza i uspokaja &#8211; subtelne, ale zauwa\u017calne dzia\u0142anie. Sam sen, w przeciwie\u0144stwie do innych specyfik\u00f3w &#8220;na spanie&#8221;, jest natomiast naturalny i regeneruj\u0105cy, a rano nie ma problem\u00f3w z pobudk\u0105. Szkoda, \u017ce tyle zwleka\u0142em z daniem olejkom CBD szansy, bo jednak dzia\u0142aj\u0105 naprawd\u0119 zacnie. Mi\u0142e [&hellip;]<\/p>","protected":false},"author":1,"featured_media":0,"parent":20607,"menu_order":0,"comment_status":"closed","ping_status":"closed","template":"page-templates\/testimonials.php","meta":[],"yoast_head":"<!-- This site is optimized with the Yoast SEO plugin v18.4.1 - https:\/\/yoast.com\/wordpress\/plugins\/seo\/ -->\n<title>Opinie kupuj\u0105cych - Hempmont<\/title>\n<meta name=\"robots\" content=\"index, follow, max-snippet:-1, max-image-preview:large, max-video-preview:-1\" \/>\n<link rel=\"canonical\" href=\"https:\/\/b2b.hempmont.pl\/de\/uber-die-hempmont\/meinungen-uber-hempmont\/\" \/>\n<meta property=\"og:locale\" content=\"de_DE\" \/>\n<meta property=\"og:type\" content=\"article\" \/>\n<meta property=\"og:title\" content=\"Opinie kupuj\u0105cych - Hempmont\" \/>\n<meta property=\"og:description\" content=\"Recenzje Opinie z najwy\u017csz\u0105 ocen\u0105 \u0141atwiej si\u0119 po nim zasypia. Ot, wycisza i uspokaja &#8211; subtelne, ale zauwa\u017calne dzia\u0142anie. Sam sen, w przeciwie\u0144stwie do innych specyfik\u00f3w &#8220;na spanie&#8221;, jest natomiast naturalny i regeneruj\u0105cy, a rano nie ma problem\u00f3w z pobudk\u0105. Szkoda, \u017ce tyle zwleka\u0142em z daniem olejkom CBD szansy, bo jednak dzia\u0142aj\u0105 naprawd\u0119 zacnie. Mi\u0142e [&hellip;]\" \/>\n<meta property=\"og:url\" content=\"https:\/\/b2b.hempmont.pl\/de\/uber-die-hempmont\/meinungen-uber-hempmont\/\" \/>\n<meta property=\"og:site_name\" content=\"Hempmont\" \/>\n<meta property=\"article:modified_time\" content=\"2021-03-22T18:44:39+00:00\" \/>\n<meta property=\"og:image\" content=\"https:\/\/b2b.hempmont.pl\/wp-content\/uploads\/2019\/06\/testimonials-11-110x110.jpg\" \/>\n<meta name=\"twitter:card\" content=\"summary_large_image\" \/>\n<meta name=\"twitter:label1\" content=\"Gesch\u00e4tzte Lesezeit\" \/>\n\t<meta name=\"twitter:data1\" content=\"2\u00a0Minuten\" \/>\n<script type=\"application\/ld+json\" class=\"yoast-schema-graph\">{\"@context\":\"https:\/\/schema.org\",\"@graph\":[{\"@type\":\"WebSite\",\"@id\":\"https:\/\/b2b.hempmont.pl\/#website\",\"url\":\"https:\/\/b2b.hempmont.pl\/\",\"name\":\"Hempmont\",\"description\":\"\",\"potentialAction\":[{\"@type\":\"SearchAction\",\"target\":{\"@type\":\"EntryPoint\",\"urlTemplate\":\"https:\/\/b2b.hempmont.pl\/?s={search_term_string}\"},\"query-input\":\"required name=search_term_string\"}],\"inLanguage\":\"de\"},{\"@type\":\"ImageObject\",\"@id\":\"https:\/\/b2b.hempmont.pl\/o-hempmont\/hempmont-opinie\/#primaryimage\",\"inLanguage\":\"de\",\"url\":\"https:\/\/b2b.hempmont.pl\/wp-content\/uploads\/2019\/06\/testimonials-11-110x110.jpg\",\"contentUrl\":\"https:\/\/b2b.hempmont.pl\/wp-content\/uploads\/2019\/06\/testimonials-11-110x110.jpg\"},{\"@type\":\"WebPage\",\"@id\":\"https:\/\/b2b.hempmont.pl\/o-hempmont\/hempmont-opinie\/#webpage\",\"url\":\"https:\/\/b2b.hempmont.pl\/o-hempmont\/hempmont-opinie\/\",\"name\":\"Opinie kupuj\u0105cych - Hempmont\",\"isPartOf\":{\"@id\":\"https:\/\/b2b.hempmont.pl\/#website\"},\"primaryImageOfPage\":{\"@id\":\"https:\/\/b2b.hempmont.pl\/o-hempmont\/hempmont-opinie\/#primaryimage\"},\"datePublished\":\"2020-04-13T23:27:19+00:00\",\"dateModified\":\"2021-03-22T18:44:39+00:00\",\"breadcrumb\":{\"@id\":\"https:\/\/b2b.hempmont.pl\/o-hempmont\/hempmont-opinie\/#breadcrumb\"},\"inLanguage\":\"de\",\"potentialAction\":[{\"@type\":\"ReadAction\",\"target\":[\"https:\/\/b2b.hempmont.pl\/o-hempmont\/hempmont-opinie\/\"]}]},{\"@type\":\"BreadcrumbList\",\"@id\":\"https:\/\/b2b.hempmont.pl\/o-hempmont\/hempmont-opinie\/#breadcrumb\",\"itemListElement\":[{\"@type\":\"ListItem\",\"position\":1,\"name\":\"Strona g\u0142\u00f3wna\",\"item\":\"https:\/\/b2b.hempmont.pl\/\"},{\"@type\":\"ListItem\",\"position\":2,\"name\":\"O Hempmont\",\"item\":\"https:\/\/b2b.hempmont.pl\/o-hempmont\/\"},{\"@type\":\"ListItem\",\"position\":3,\"name\":\"Opinie kupuj\u0105cych\"}]}]}<\/script>\n<!-- \/ Yoast SEO plugin. -->","yoast_head_json":{"title":"Opinie kupuj\u0105cych - Hempmont","robots":{"index":"index","follow":"follow","max-snippet":"max-snippet:-1","max-image-preview":"max-image-preview:large","max-video-preview":"max-video-preview:-1"},"canonical":"https:\/\/b2b.hempmont.pl\/de\/uber-die-hempmont\/meinungen-uber-hempmont\/","og_locale":"de_DE","og_type":"article","og_title":"Opinie kupuj\u0105cych - Hempmont","og_description":"Recenzje Opinie z najwy\u017csz\u0105 ocen\u0105 \u0141atwiej si\u0119 po nim zasypia. Ot, wycisza i uspokaja &#8211; subtelne, ale zauwa\u017calne dzia\u0142anie. Sam sen, w przeciwie\u0144stwie do innych specyfik\u00f3w &#8220;na spanie&#8221;, jest natomiast naturalny i regeneruj\u0105cy, a rano nie ma problem\u00f3w z pobudk\u0105. Szkoda, \u017ce tyle zwleka\u0142em z daniem olejkom CBD szansy, bo jednak dzia\u0142aj\u0105 naprawd\u0119 zacnie. Mi\u0142e [&hellip;]","og_url":"https:\/\/b2b.hempmont.pl\/de\/uber-die-hempmont\/meinungen-uber-hempmont\/","og_site_name":"Hempmont","article_modified_time":"2021-03-22T18:44:39+00:00","og_image":[{"url":"https:\/\/b2b.hempmont.pl\/wp-content\/uploads\/2019\/06\/testimonials-11-110x110.jpg"}],"twitter_card":"summary_large_image","twitter_misc":{"Gesch\u00e4tzte Lesezeit":"2\u00a0Minuten"},"schema":{"@context":"https:\/\/schema.org","@graph":[{"@type":"WebSite","@id":"https:\/\/b2b.hempmont.pl\/#website","url":"https:\/\/b2b.hempmont.pl\/","name":"Hempmont","description":"","potentialAction":[{"@type":"SearchAction","target":{"@type":"EntryPoint","urlTemplate":"https:\/\/b2b.hempmont.pl\/?s={search_term_string}"},"query-input":"required name=search_term_string"}],"inLanguage":"de"},{"@type":"ImageObject","@id":"https:\/\/b2b.hempmont.pl\/o-hempmont\/hempmont-opinie\/#primaryimage","inLanguage":"de","url":"https:\/\/b2b.hempmont.pl\/wp-content\/uploads\/2019\/06\/testimonials-11-110x110.jpg","contentUrl":"https:\/\/b2b.hempmont.pl\/wp-content\/uploads\/2019\/06\/testimonials-11-110x110.jpg"},{"@type":"WebPage","@id":"https:\/\/b2b.hempmont.pl\/o-hempmont\/hempmont-opinie\/#webpage","url":"https:\/\/b2b.hempmont.pl\/o-hempmont\/hempmont-opinie\/","name":"Opinie kupuj\u0105cych - Hempmont","isPartOf":{"@id":"https:\/\/b2b.hempmont.pl\/#website"},"primaryImageOfPage":{"@id":"https:\/\/b2b.hempmont.pl\/o-hempmont\/hempmont-opinie\/#primaryimage"},"datePublished":"2020-04-13T23:27:19+00:00","dateModified":"2021-03-22T18:44:39+00:00","breadcrumb":{"@id":"https:\/\/b2b.hempmont.pl\/o-hempmont\/hempmont-opinie\/#breadcrumb"},"inLanguage":"de","potentialAction":[{"@type":"ReadAction","target":["https:\/\/b2b.hempmont.pl\/o-hempmont\/hempmont-opinie\/"]}]},{"@type":"BreadcrumbList","@id":"https:\/\/b2b.hempmont.pl\/o-hempmont\/hempmont-opinie\/#breadcrumb","itemListElement":[{"@type":"ListItem","position":1,"name":"Strona g\u0142\u00f3wna","item":"https:\/\/b2b.hempmont.pl\/"},{"@type":"ListItem","position":2,"name":"O Hempmont","item":"https:\/\/b2b.hempmont.pl\/o-hempmont\/"},{"@type":"ListItem","position":3,"name":"Opinie kupuj\u0105cych"}]}]}},"_links":{"self":[{"href":"https:\/\/b2b.hempmont.pl\/de\/wp-json\/wp\/v2\/pages\/13643"}],"collection":[{"href":"https:\/\/b2b.hempmont.pl\/de\/wp-json\/wp\/v2\/pages"}],"about":[{"href":"https:\/\/b2b.hempmont.pl\/de\/wp-json\/wp\/v2\/types\/page"}],"author":[{"embeddable":true,"href":"https:\/\/b2b.hempmont.pl\/de\/wp-json\/wp\/v2\/users\/1"}],"replies":[{"embeddable":true,"href":"https:\/\/b2b.hempmont.pl\/de\/wp-json\/wp\/v2\/comments?post=13643"}],"version-history":[{"count":0,"href":"https:\/\/b2b.hempmont.pl\/de\/wp-json\/wp\/v2\/pages\/13643\/revisions"}],"up":[{"embeddable":true,"href":"https:\/\/b2b.hempmont.pl\/de\/wp-json\/wp\/v2\/pages\/20607"}],"wp:attachment":[{"href":"https:\/\/b2b.hempmont.pl\/de\/wp-json\/wp\/v2\/media?parent=13643"}],"curies":[{"name":"wp","href":"https:\/\/api.w.org\/{rel}","templated":true}]}}