{"id":14726,"date":"2020-05-30T15:12:50","date_gmt":"2020-05-30T15:12:50","guid":{"rendered":"http:\/\/beta.hempmont.pl\/?page_id=14726"},"modified":"2021-10-27T00:46:38","modified_gmt":"2021-10-26T22:46:38","slug":"polityka-prywatnosci","status":"publish","type":"page","link":"https:\/\/b2b.hempmont.pl\/de\/datenschutzbestimmungen\/","title":{"rendered":"Datenschutzbestimmungen"},"content":{"rendered":"<div data-elementor-type=\"wp-page\" data-elementor-id=\"14726\" class=\"elementor elementor-14726\">\n\t\t\t\t\t\t\t\t\t<section class=\"elementor-section elementor-top-section elementor-element elementor-element-51a2bdf elementor-section-boxed elementor-section-height-default elementor-section-height-default\" data-id=\"51a2bdf\" data-element_type=\"section\">\n\t\t\t\t\t\t<div class=\"elementor-container elementor-column-gap-default\">\n\t\t\t\t\t<div class=\"elementor-column elementor-col-100 elementor-top-column elementor-element elementor-element-f4c4940\" data-id=\"f4c4940\" data-element_type=\"column\">\n\t\t\t<div class=\"elementor-widget-wrap elementor-element-populated\">\n\t\t\t\t\t\t\t\t<div class=\"elementor-element elementor-element-1a86484 elementor-widget elementor-widget-text-editor\" data-id=\"1a86484\" data-element_type=\"widget\" data-widget_type=\"text-editor.default\">\n\t\t\t\t<div class=\"elementor-widget-container\">\n\t\t\t<style>\/*! elementor - v3.14.0 - 26-06-2023 *\/\n.elementor-widget-text-editor.elementor-drop-cap-view-stacked .elementor-drop-cap{background-color:#69727d;color:#fff}.elementor-widget-text-editor.elementor-drop-cap-view-framed .elementor-drop-cap{color:#69727d;border:3px solid;background-color:transparent}.elementor-widget-text-editor:not(.elementor-drop-cap-view-default) .elementor-drop-cap{margin-top:8px}.elementor-widget-text-editor:not(.elementor-drop-cap-view-default) .elementor-drop-cap-letter{width:1em;height:1em}.elementor-widget-text-editor .elementor-drop-cap{float:left;text-align:center;line-height:1;font-size:50px}.elementor-widget-text-editor .elementor-drop-cap-letter{display:inline-block}<\/style>\t\t\t\t<p>Die folgende Cookie-Richtlinie gilt f\u00fcr alle Websites und Anwendungen f\u00fcr mobile Ger\u00e4te.<br>Durch die Nutzung der Websites und Anwendungen stimmen Sie der Verwendung von Cookies in \u00dcbereinstimmung mit dieser Richtlinie zu. Wenn Sie mit der Verwendung von Cookies durch uns nicht einverstanden sind, sollten Sie Ihre Browsereinstellungen entsprechend \u00e4ndern oder die Nutzung der Websites und Anwendungen einstellen.<\/p>\n<p>I Allgemeine Informationen<br>In dieser Datenschutzerkl\u00e4rung wird dargelegt, wie personenbezogene Daten im Sinne des Gesetzes \u00fcber den Schutz personenbezogener Daten vom 29. August 1997 (Gesetzblatt Nr. 133, Pos. 883, in der ge\u00e4nderten Fassung) und des Gesetzes \u00fcber die Erbringung elektronischer Dienstleistungen vom 18. Juli 2002 erhoben, verarbeitet und gesichert werden. (Gesetzblatt Nr. 144, Punkt 1204 in ge\u00e4nderter Fassung)<br>Inhaber der Website www.hempmont.pl und Verwalter der personenbezogenen Daten ist Smart Botanic Filip Piskorz, eingetragen im Zentralen Register f\u00fcr Wirtschaftst\u00e4tigkeit und Information der Republik Polen.<\/p>\n<p>II Personenbezogene Daten<br>Die Website sammelt Informationen, die der Nutzer freiwillig zur Verf\u00fcgung stellt.<br>Personenbezogene Daten werden w\u00e4hrend des Einkaufsvorgangs im Online-Shop erhoben.<br>Personenbezogene Daten werden ausschlie\u00dflich f\u00fcr die Zusendung von Newslettern und Informationen \u00fcber Seminare\/Schulungen verwendet, f\u00fcr die sich der Nutzer angemeldet hat, sofern der Nutzer seine Zustimmung erteilt hat.<br>Der Inhalt der Website kann ohne Angabe pers\u00f6nlicher Daten eingesehen werden.<br>Jede Person, die ihre personenbezogenen Daten zur Verf\u00fcgung gestellt hat, hat das Recht, auf deren Inhalt zuzugreifen und die M\u00f6glichkeit, sie zu korrigieren, zu aktualisieren, zu vervollst\u00e4ndigen sowie zu verlangen, dass die Verarbeitung der personenbezogenen Daten gestoppt wird, und der Verarbeitung der personenbezogenen Daten zu widersprechen. Die oben genannten Ma\u00dfnahmen k\u00f6nnen durch \u00dcbermittlung einer entsprechenden Erkl\u00e4rung an die folgende E-Mail-Adresse durchgef\u00fchrt werden E-Mail<br>Die von dem f\u00fcr die Verarbeitung Verantwortlichen erhobenen personenbezogenen Daten werden gem\u00e4\u00df den geltenden Rechtsvorschriften gespeichert, verarbeitet und gesch\u00fctzt.<br>Der f\u00fcr die Verarbeitung Verantwortliche sch\u00fctzt die erhobenen personenbezogenen Daten durch die folgenden Ma\u00dfnahmen:<\/p>\n<p>- Verschl\u00fcsselung der w\u00e4hrend des Bestellvorgangs eingegebenen Daten<br>- Verschl\u00fcsselung der f\u00fcr die Anmeldung zum Newsletter verwendeten Daten<br>- Sicherung des Datensatzes gegen unbefugten Zugriff<\/p>\n<p>III Informationen \u00fcber Cookies.<\/p>\n<p>Die Website verwendet Cookies.<br>Cookies (sog. \"Kekse\") sind IT-Daten, insbesondere Textdateien, die im Endger\u00e4t des Nutzers des Dienstes gespeichert werden und f\u00fcr die Verwendung auf den Websites des Dienstes bestimmt sind. Cookies enthalten in der Regel den Namen der Website, von der sie stammen, den Zeitpunkt der Speicherung auf dem Endger\u00e4t und eine eindeutige Nummer.<br>Der Betreiber der Website ist derjenige, der die Cookies auf dem Endger\u00e4t des Website-Benutzers platziert und auf sie zugreift.<\/p>\n<p>Cookies werden f\u00fcr die folgenden Zwecke verwendet:<br>Erstellung von Statistiken, die Aufschluss dar\u00fcber geben, wie die Nutzer der Website die Websites nutzen, was die Verbesserung ihrer Struktur und ihres Inhalts erm\u00f6glicht;<br>Aufrechterhaltung einer Sitzung des Nutzers des Dienstes (nach dem Einloggen), dank derer der Nutzer nicht auf jeder Unterseite des Dienstes das Login und das Passwort erneut eingeben muss;<br>Erstellung von Profilen von Ihnen, um Ihnen ma\u00dfgeschneiderte Inhalte in Werbenetzwerken, insbesondere im Google-Netzwerk, zu zeigen.<br>Auf der Website werden haupts\u00e4chlich zwei Arten von Cookies verwendet: \"Sitzung\" (Sitzungscookies) und \"permanente\" Cookies (dauerhafte Cookies). Session\"-Cookies sind tempor\u00e4re Dateien, die auf dem Endger\u00e4t des Nutzers gespeichert werden, bis er sich abmeldet, die Website verl\u00e4sst oder die Software (Webbrowser) ausschaltet. \"Permanente\" Cookies werden auf dem Endger\u00e4t des Nutzers f\u00fcr die in den Cookie-Parametern angegebene Dauer oder bis zu ihrer L\u00f6schung durch den Nutzer gespeichert.<br>Web-Browsing-Software (Internet-Browser) erlaubt in der Regel standardm\u00e4\u00dfig die Speicherung von Cookies auf dem Endger\u00e4t des Nutzers. Die Nutzer der Website k\u00f6nnen ihre diesbez\u00fcglichen Einstellungen \u00e4ndern. Der Internet-Browser bietet die M\u00f6glichkeit, Cookies zu l\u00f6schen. Es ist auch m\u00f6glich, Cookies automatisch zu blockieren. Ausf\u00fchrliche Informationen zu diesem Thema finden Sie in der Hilfe oder Dokumentation des Internet-Browsers.<br>Einschr\u00e4nkungen bei der Verwendung von Cookies k\u00f6nnen einige der auf der Website verf\u00fcgbaren Funktionen beeintr\u00e4chtigen.<br>Cookies, die auf dem Endger\u00e4t des Service-Nutzers platziert und verwendet werden, k\u00f6nnen auch von Werbetreibenden und Partnern, die mit dem Service-Betreiber zusammenarbeiten, verwendet werden.<br>Wir empfehlen Ihnen, die Datenschutzrichtlinien dieser Unternehmen zu lesen, um die Verwendung von Cookies in Statistiken zu verstehen: Google Analytics Datenschutzbestimmungen.<br>Cookies k\u00f6nnen von Werbenetzwerken, insbesondere dem Google-Netzwerk, verwendet werden, um Werbung anzuzeigen, die auf die Nutzung der Website durch den Nutzer zugeschnitten ist. Zu diesem Zweck k\u00f6nnen sie Informationen \u00fcber den Navigationspfad des Nutzers oder die auf einer bestimmten Seite verbrachte Zeit speichern.<br>Was die vom Google-Werbenetzwerk gesammelten Informationen \u00fcber die Nutzerpr\u00e4ferenzen betrifft, so kann der Nutzer die aus den Cookies resultierenden Informationen mithilfe eines Tools einsehen und bearbeiten:&nbsp;<a href=\"https:\/\/www.google.com\/ads\/preferences\/\" target=\"_blank\" rel=\"noopener noreferrer\">https:\/\/www.google.com\/ads\/preferences\/<\/a><\/p>\n<p>IV Umgang mit Cookies - wie kann die Zustimmung in der Praxis erteilt und zur\u00fcckgezogen werden?<br>Wenn Sie keine Cookies erhalten m\u00f6chten, k\u00f6nnen Sie Ihre Browsereinstellungen \u00e4ndern. Wir weisen darauf hin, dass die Deaktivierung von Cookies, die f\u00fcr Authentifizierungsprozesse, die Sicherheit und die Verwaltung von Benutzereinstellungen erforderlich sind, die Nutzung der Websites behindern und im Extremfall unm\u00f6glich machen kann.<br>Um Ihre Cookie-Einstellungen zu verwalten, w\u00e4hlen Sie Ihren Browser\/Ihr System aus der folgenden Liste aus und folgen Sie den Anweisungen<br>- Internet Explorer<br>- Chrom<br>- Safari<br>- Firefox<br>- Oper<br>- Android<br>- Safari (iOS)<br>- Windows Phone<br>- Brombeere<\/p>\n<p>V Gemeinsame Nutzung von Daten.<br>Die Daten werden externen Parteien nur im Rahmen der gesetzlichen Bestimmungen zur Verf\u00fcgung gestellt.<br>Der Betreiber kann verpflichtet sein, von der Website gesammelte Informationen auf der Grundlage rechtm\u00e4\u00dfiger Anfragen im Rahmen der Anfrage an autorisierte Beh\u00f6rden weiterzugeben.<\/p>\n<p>VI. Schlussbestimmungen<br>Der Verk\u00e4ufer hat das Recht, diese Datenschutzrichtlinie zu \u00e4ndern. Personen, die ihre personenbezogenen Daten zur Verf\u00fcgung stellen, sind an die aktuelle Fassung der Datenschutzrichtlinie gebunden, die unter https:\/\/b2b.hempmont.pl\/polityka-prywatnosci\/ abrufbar ist.<\/p>\n<p>In Angelegenheiten, die nicht von dieser Datenschutzrichtlinie abgedeckt werden, gelten die Bestimmungen der Website https:\/\/hempmont.pl und die geltenden polnischen Rechtsvorschriften entsprechend.<\/p>\t\t\t\t\t\t<\/div>\n\t\t\t\t<\/div>\n\t\t\t\t\t<\/div>\n\t\t<\/div>\n\t\t\t\t\t\t\t<\/div>\n\t\t<\/section>\n\t\t\t\t\t\t\t<\/div>","protected":false},"excerpt":{"rendered":"<p>Poni\u017csza polityka dotycz\u0105ca plik\u00f3w cookie odnosi si\u0119 do wszystkich stron internetowych oraz aplikacji na urz\u0105dzenia mobilne.Przez korzystanie ze stron i aplikacji wyra\u017casz zgod\u0119 na u\u017cywanie ciasteczek zgodnie z t\u0105 polityk\u0105. Je\u017celi nie zgadzasz si\u0119 na u\u017cywanie przez nas plik\u00f3w cookie, powiniene\u015b zmieni\u0107 ustawienia swojej przegl\u0105darki w odpowiedni spos\u00f3b lub zrezygnowa\u0107 z u\u017cywania stron oraz aplikacji. [&hellip;]<\/p>","protected":false},"author":1,"featured_media":0,"parent":0,"menu_order":0,"comment_status":"closed","ping_status":"closed","template":"","meta":[],"yoast_head":"<!-- This site is optimized with the Yoast SEO plugin v18.4.1 - https:\/\/yoast.com\/wordpress\/plugins\/seo\/ -->\n<title>Zasady Polityki Prywatno\u015bci Hempmont.pl - Hempmont<\/title>\n<meta name=\"description\" content=\"Polityka prywatno\u015bci serwisu Hempmont.pl, zbi\u00f3r wszystkich zasad przetwarzania danych w jednym miejscu.\" \/>\n<meta name=\"robots\" content=\"noindex, nofollow\" \/>\n<meta property=\"og:locale\" content=\"de_DE\" \/>\n<meta property=\"og:type\" content=\"article\" \/>\n<meta property=\"og:title\" content=\"Zasady Polityki Prywatno\u015bci Hempmont.pl - Hempmont\" \/>\n<meta property=\"og:description\" content=\"Polityka prywatno\u015bci serwisu Hempmont.pl, zbi\u00f3r wszystkich zasad przetwarzania danych w jednym miejscu.\" \/>\n<meta property=\"og:url\" content=\"https:\/\/b2b.hempmont.pl\/de\/polityka-prywatnosci\/\" \/>\n<meta property=\"og:site_name\" content=\"Hempmont\" \/>\n<meta property=\"article:modified_time\" content=\"2021-10-26T22:46:38+00:00\" \/>\n<meta name=\"twitter:card\" content=\"summary_large_image\" \/>\n<meta name=\"twitter:label1\" content=\"Gesch\u00e4tzte Lesezeit\" \/>\n\t<meta name=\"twitter:data1\" content=\"4\u00a0Minuten\" \/>\n<script type=\"application\/ld+json\" class=\"yoast-schema-graph\">{\"@context\":\"https:\/\/schema.org\",\"@graph\":[{\"@type\":\"WebSite\",\"@id\":\"https:\/\/b2b.hempmont.pl\/#website\",\"url\":\"https:\/\/b2b.hempmont.pl\/\",\"name\":\"Hempmont\",\"description\":\"\",\"potentialAction\":[{\"@type\":\"SearchAction\",\"target\":{\"@type\":\"EntryPoint\",\"urlTemplate\":\"https:\/\/b2b.hempmont.pl\/?s={search_term_string}\"},\"query-input\":\"required name=search_term_string\"}],\"inLanguage\":\"de\"},{\"@type\":\"WebPage\",\"@id\":\"https:\/\/b2b.hempmont.pl\/en\/polityka-prywatnosci\/#webpage\",\"url\":\"https:\/\/b2b.hempmont.pl\/en\/polityka-prywatnosci\/\",\"name\":\"Zasady Polityki Prywatno\u015bci Hempmont.pl - Hempmont\",\"isPartOf\":{\"@id\":\"https:\/\/b2b.hempmont.pl\/#website\"},\"datePublished\":\"2020-05-30T15:12:50+00:00\",\"dateModified\":\"2021-10-26T22:46:38+00:00\",\"description\":\"Polityka prywatno\u015bci serwisu Hempmont.pl, zbi\u00f3r wszystkich zasad przetwarzania danych w jednym miejscu.\",\"breadcrumb\":{\"@id\":\"https:\/\/b2b.hempmont.pl\/en\/polityka-prywatnosci\/#breadcrumb\"},\"inLanguage\":\"de\",\"potentialAction\":[{\"@type\":\"ReadAction\",\"target\":[\"https:\/\/b2b.hempmont.pl\/en\/polityka-prywatnosci\/\"]}]},{\"@type\":\"BreadcrumbList\",\"@id\":\"https:\/\/b2b.hempmont.pl\/en\/polityka-prywatnosci\/#breadcrumb\",\"itemListElement\":[{\"@type\":\"ListItem\",\"position\":1,\"name\":\"Strona g\u0142\u00f3wna\",\"item\":\"https:\/\/b2b.hempmont.pl\/\"},{\"@type\":\"ListItem\",\"position\":2,\"name\":\"Polityka Prywatno\u015bci\"}]}]}<\/script>\n<!-- \/ Yoast SEO plugin. -->","yoast_head_json":{"title":"Zasady Polityki Prywatno\u015bci Hempmont.pl - Hempmont","description":"Polityka prywatno\u015bci serwisu Hempmont.pl, zbi\u00f3r wszystkich zasad przetwarzania danych w jednym miejscu.","robots":{"index":"noindex","follow":"nofollow"},"og_locale":"de_DE","og_type":"article","og_title":"Zasady Polityki Prywatno\u015bci Hempmont.pl - Hempmont","og_description":"Polityka prywatno\u015bci serwisu Hempmont.pl, zbi\u00f3r wszystkich zasad przetwarzania danych w jednym miejscu.","og_url":"https:\/\/b2b.hempmont.pl\/de\/polityka-prywatnosci\/","og_site_name":"Hempmont","article_modified_time":"2021-10-26T22:46:38+00:00","twitter_card":"summary_large_image","twitter_misc":{"Gesch\u00e4tzte Lesezeit":"4\u00a0Minuten"},"schema":{"@context":"https:\/\/schema.org","@graph":[{"@type":"WebSite","@id":"https:\/\/b2b.hempmont.pl\/#website","url":"https:\/\/b2b.hempmont.pl\/","name":"Hempmont","description":"","potentialAction":[{"@type":"SearchAction","target":{"@type":"EntryPoint","urlTemplate":"https:\/\/b2b.hempmont.pl\/?s={search_term_string}"},"query-input":"required name=search_term_string"}],"inLanguage":"de"},{"@type":"WebPage","@id":"https:\/\/b2b.hempmont.pl\/en\/polityka-prywatnosci\/#webpage","url":"https:\/\/b2b.hempmont.pl\/en\/polityka-prywatnosci\/","name":"Zasady Polityki Prywatno\u015bci Hempmont.pl - Hempmont","isPartOf":{"@id":"https:\/\/b2b.hempmont.pl\/#website"},"datePublished":"2020-05-30T15:12:50+00:00","dateModified":"2021-10-26T22:46:38+00:00","description":"Polityka prywatno\u015bci serwisu Hempmont.pl, zbi\u00f3r wszystkich zasad przetwarzania danych w jednym miejscu.","breadcrumb":{"@id":"https:\/\/b2b.hempmont.pl\/en\/polityka-prywatnosci\/#breadcrumb"},"inLanguage":"de","potentialAction":[{"@type":"ReadAction","target":["https:\/\/b2b.hempmont.pl\/en\/polityka-prywatnosci\/"]}]},{"@type":"BreadcrumbList","@id":"https:\/\/b2b.hempmont.pl\/en\/polityka-prywatnosci\/#breadcrumb","itemListElement":[{"@type":"ListItem","position":1,"name":"Strona g\u0142\u00f3wna","item":"https:\/\/b2b.hempmont.pl\/"},{"@type":"ListItem","position":2,"name":"Polityka Prywatno\u015bci"}]}]}},"_links":{"self":[{"href":"https:\/\/b2b.hempmont.pl\/de\/wp-json\/wp\/v2\/pages\/14726"}],"collection":[{"href":"https:\/\/b2b.hempmont.pl\/de\/wp-json\/wp\/v2\/pages"}],"about":[{"href":"https:\/\/b2b.hempmont.pl\/de\/wp-json\/wp\/v2\/types\/page"}],"author":[{"embeddable":true,"href":"https:\/\/b2b.hempmont.pl\/de\/wp-json\/wp\/v2\/users\/1"}],"replies":[{"embeddable":true,"href":"https:\/\/b2b.hempmont.pl\/de\/wp-json\/wp\/v2\/comments?post=14726"}],"version-history":[{"count":0,"href":"https:\/\/b2b.hempmont.pl\/de\/wp-json\/wp\/v2\/pages\/14726\/revisions"}],"wp:attachment":[{"href":"https:\/\/b2b.hempmont.pl\/de\/wp-json\/wp\/v2\/media?parent=14726"}],"curies":[{"name":"wp","href":"https:\/\/api.w.org\/{rel}","templated":true}]}}