{"id":24152,"date":"2021-10-26T04:34:53","date_gmt":"2021-10-26T02:34:53","guid":{"rendered":"https:\/\/b2b.hempmont.pl\/?page_id=24152"},"modified":"2022-03-27T15:08:31","modified_gmt":"2022-03-27T13:08:31","slug":"probki-olejkow-cbd","status":"publish","type":"page","link":"https:\/\/b2b.hempmont.pl\/de\/proben-ol-cbd\/","title":{"rendered":"CBD-\u00d6l-Proben"},"content":{"rendered":"<div data-elementor-type=\"wp-page\" data-elementor-id=\"24152\" class=\"elementor elementor-24152\">\n\t\t\t\t\t\t\t\t\t<section class=\"elementor-section elementor-top-section elementor-element elementor-element-6b26571 elementor-section-boxed elementor-section-height-default elementor-section-height-default\" data-id=\"6b26571\" data-element_type=\"section\">\n\t\t\t\t\t\t<div class=\"elementor-container elementor-column-gap-extended\">\n\t\t\t\t\t<div class=\"elementor-column elementor-col-50 elementor-top-column elementor-element elementor-element-ab584be\" data-id=\"ab584be\" data-element_type=\"column\">\n\t\t\t<div class=\"elementor-widget-wrap elementor-element-populated\">\n\t\t\t\t\t\t\t\t<div class=\"elementor-element elementor-element-f0892b4 elementor-widget elementor-widget-spacer\" data-id=\"f0892b4\" data-element_type=\"widget\" data-widget_type=\"spacer.default\">\n\t\t\t\t<div class=\"elementor-widget-container\">\n\t\t\t<style>\/*! elementor - v3.14.0 - 26-06-2023 *\/\n.elementor-column .elementor-spacer-inner{height:var(--spacer-size)}.e-con{--container-widget-width:100%}.e-con-inner>.elementor-widget-spacer,.e-con>.elementor-widget-spacer{width:var(--container-widget-width,var(--spacer-size));--align-self:var(--container-widget-align-self,initial);--flex-shrink:0}.e-con-inner>.elementor-widget-spacer>.elementor-widget-container,.e-con-inner>.elementor-widget-spacer>.elementor-widget-container>.elementor-spacer,.e-con>.elementor-widget-spacer>.elementor-widget-container,.e-con>.elementor-widget-spacer>.elementor-widget-container>.elementor-spacer{height:100%}.e-con-inner>.elementor-widget-spacer>.elementor-widget-container>.elementor-spacer>.elementor-spacer-inner,.e-con>.elementor-widget-spacer>.elementor-widget-container>.elementor-spacer>.elementor-spacer-inner{height:var(--container-widget-height,var(--spacer-size))}<\/style>\t\t<div class=\"elementor-spacer\">\n\t\t\t<div class=\"elementor-spacer-inner\"><\/div>\n\t\t<\/div>\n\t\t\t\t<\/div>\n\t\t\t\t<\/div>\n\t\t\t\t<div class=\"elementor-element elementor-element-0adf30a lte-heading-style-header-subheader-dash elementor-widget elementor-widget-lte-header\" data-id=\"0adf30a\" data-element_type=\"widget\" data-widget_type=\"lte-header.default\">\n\t\t\t\t<div class=\"elementor-widget-container\">\n\t\t\t<div class=\"lte-heading lte-style-header-subheader-dash lte-subcolor-main has-subheader heading-tag-h3 heading-subtag-h6\"><div class=\"lte-heading-content\"><h6 class=\"lte-subheader\">Test Hempmont<\/h6><h3 class=\"lte-header\">Welche CBD-\u00d6lproben k\u00f6nnen Sie erhalten?<br \/>\n<\/h3><\/div><\/div>\t\t<\/div>\n\t\t\t\t<\/div>\n\t\t\t\t<div class=\"elementor-element elementor-element-38f24d1 elementor-widget elementor-widget-text-editor\" data-id=\"38f24d1\" data-element_type=\"widget\" data-widget_type=\"text-editor.default\">\n\t\t\t\t<div class=\"elementor-widget-container\">\n\t\t\t<style>\/*! elementor - v3.14.0 - 26-06-2023 *\/\n.elementor-widget-text-editor.elementor-drop-cap-view-stacked .elementor-drop-cap{background-color:#69727d;color:#fff}.elementor-widget-text-editor.elementor-drop-cap-view-framed .elementor-drop-cap{color:#69727d;border:3px solid;background-color:transparent}.elementor-widget-text-editor:not(.elementor-drop-cap-view-default) .elementor-drop-cap{margin-top:8px}.elementor-widget-text-editor:not(.elementor-drop-cap-view-default) .elementor-drop-cap-letter{width:1em;height:1em}.elementor-widget-text-editor .elementor-drop-cap{float:left;text-align:center;line-height:1;font-size:50px}.elementor-widget-text-editor .elementor-drop-cap-letter{display:inline-block}<\/style>\t\t\t\t<p style=\"text-align: justify;\">Nachstehend finden Sie Beispiele f\u00fcr unsere Produkte, die Sie bestellen k\u00f6nnen. Bitte beachten Sie, dass Sie nur einen Artikel einer Art kaufen k\u00f6nnen. Wenn Sie ein Muster mit einem Rabatt von -80% erhalten m\u00f6chten, melden Sie sich bitte f\u00fcr unseren Newsletter an. Sie erhalten dann einen Rabattcode an die angegebene E-Mail-Adresse, mit dem Sie Muster bestellen k\u00f6nnen.<\/p>\t\t\t\t\t\t<\/div>\n\t\t\t\t<\/div>\n\t\t\t\t<div class=\"elementor-element elementor-element-02bb2d8 elementor-widget elementor-widget-spacer\" data-id=\"02bb2d8\" data-element_type=\"widget\" data-widget_type=\"spacer.default\">\n\t\t\t\t<div class=\"elementor-widget-container\">\n\t\t\t\t\t<div class=\"elementor-spacer\">\n\t\t\t<div class=\"elementor-spacer-inner\"><\/div>\n\t\t<\/div>\n\t\t\t\t<\/div>\n\t\t\t\t<\/div>\n\t\t\t\t<div class=\"elementor-element elementor-element-4832ccf elementor-widget elementor-widget-spacer\" data-id=\"4832ccf\" data-element_type=\"widget\" data-widget_type=\"spacer.default\">\n\t\t\t\t<div class=\"elementor-widget-container\">\n\t\t\t\t\t<div class=\"elementor-spacer\">\n\t\t\t<div class=\"elementor-spacer-inner\"><\/div>\n\t\t<\/div>\n\t\t\t\t<\/div>\n\t\t\t\t<\/div>\n\t\t\t\t\t<\/div>\n\t\t<\/div>\n\t\t\t\t<div class=\"elementor-column elementor-col-50 elementor-top-column elementor-element elementor-element-08de7a4\" data-id=\"08de7a4\" data-element_type=\"column\">\n\t\t\t<div class=\"elementor-widget-wrap elementor-element-populated\">\n\t\t\t\t\t\t\t\t<div class=\"elementor-element elementor-element-993f747 elementor-widget elementor-widget-spacer\" data-id=\"993f747\" data-element_type=\"widget\" data-widget_type=\"spacer.default\">\n\t\t\t\t<div class=\"elementor-widget-container\">\n\t\t\t\t\t<div class=\"elementor-spacer\">\n\t\t\t<div class=\"elementor-spacer-inner\"><\/div>\n\t\t<\/div>\n\t\t\t\t<\/div>\n\t\t\t\t<\/div>\n\t\t\t\t<div class=\"elementor-element elementor-element-5f27f79 lte-heading-style-header-subheader-dash elementor-widget elementor-widget-lte-header\" data-id=\"5f27f79\" data-element_type=\"widget\" data-widget_type=\"lte-header.default\">\n\t\t\t\t<div class=\"elementor-widget-container\">\n\t\t\t<div class=\"lte-heading lte-style-header-subheader-dash lte-subcolor-main has-subheader heading-tag-h3 heading-subtag-h6\"><div class=\"lte-heading-content\"><h6 class=\"lte-subheader\">Nachhaltige Entwicklung<\/h6><h3 class=\"lte-header\">Qualit\u00e4t und Vertrauen<\/h3><\/div><\/div>\t\t<\/div>\n\t\t\t\t<\/div>\n\t\t\t\t<div class=\"elementor-element elementor-element-ace6ca6 elementor-widget elementor-widget-text-editor\" data-id=\"ace6ca6\" data-element_type=\"widget\" data-widget_type=\"text-editor.default\">\n\t\t\t\t<div class=\"elementor-widget-container\">\n\t\t\t\t\t\t\t<p style=\"text-align: justify;\">Unser Ziel als Unternehmen war es von Anfang an, qualitativ hochwertige Produkte zu erschwinglichen Preisen anzubieten. Alle Produkte, die wir anbieten, sind nachhaltig produziert und f\u00fcr den Verbraucher sicher in der Anwendung.\u00a0<\/p>\t\t\t\t\t\t<\/div>\n\t\t\t\t<\/div>\n\t\t\t\t<section class=\"elementor-section elementor-inner-section elementor-element elementor-element-bd6ab59 elementor-section-boxed elementor-section-height-default elementor-section-height-default\" data-id=\"bd6ab59\" data-element_type=\"section\">\n\t\t\t\t\t\t<div class=\"elementor-container elementor-column-gap-no\">\n\t\t\t\t\t<div class=\"elementor-column elementor-col-33 elementor-inner-column elementor-element elementor-element-8fa6fe6\" data-id=\"8fa6fe6\" data-element_type=\"column\">\n\t\t\t<div class=\"elementor-widget-wrap elementor-element-populated\">\n\t\t\t\t\t\t\t\t<div class=\"elementor-element elementor-element-3aea268 elementor-widget elementor-widget-image\" data-id=\"3aea268\" data-element_type=\"widget\" data-widget_type=\"image.default\">\n\t\t\t\t<div class=\"elementor-widget-container\">\n\t\t\t<style>\/*! elementor - v3.14.0 - 26-06-2023 *\/\n.elementor-widget-image{text-align:center}.elementor-widget-image a{display:inline-block}.elementor-widget-image a img[src$=\".svg\"]{width:48px}.elementor-widget-image img{vertical-align:middle;display:inline-block}<\/style>\t\t\t\t\t\t\t\t\t\t\t\t<img decoding=\"async\" width=\"100\" height=\"69\" src=\"https:\/\/b2b.hempmont.pl\/wp-content\/uploads\/2021\/10\/xeu.png.pagespeed.ic_.YI_1jn-XoD.png\" class=\"attachment-woocommerce_gallery_thumbnail size-woocommerce_gallery_thumbnail wp-image-24217\" alt=\"Bio-Zertifizierung\" loading=\"lazy\" srcset=\"https:\/\/b2b.hempmont.pl\/wp-content\/uploads\/2021\/10\/xeu.png.pagespeed.ic_.YI_1jn-XoD.png 100w, https:\/\/b2b.hempmont.pl\/wp-content\/uploads\/2021\/10\/xeu.png.pagespeed.ic_.YI_1jn-XoD-18x12.png 18w\" sizes=\"(max-width: 100px) 100vw, 100px\" \/>\t\t\t\t\t\t\t\t\t\t\t\t\t\t\t<\/div>\n\t\t\t\t<\/div>\n\t\t\t\t\t<\/div>\n\t\t<\/div>\n\t\t\t\t<div class=\"elementor-column elementor-col-66 elementor-inner-column elementor-element elementor-element-06a9443\" data-id=\"06a9443\" data-element_type=\"column\">\n\t\t\t<div class=\"elementor-widget-wrap elementor-element-populated\">\n\t\t\t\t\t\t\t\t<div class=\"elementor-element elementor-element-67faafd elementor-widget elementor-widget-image\" data-id=\"67faafd\" data-element_type=\"widget\" data-widget_type=\"image.default\">\n\t\t\t\t<div class=\"elementor-widget-container\">\n\t\t\t\t\t\t\t\t\t\t\t\t\t\t\t<img decoding=\"async\" src=\"https:\/\/b2b.hempmont.pl\/wp-content\/uploads\/elementor\/thumbs\/Bio-Siegel-EG-Oko-VO-Deutschland.svg-q128joc5oguszd2tp79cn16wfkrid6mbcxpljult18.png\" title=\"Bio-Siegel-EG-\u00d6ko-VO-Deutschland.svg\" alt=\"Bio-Siegel-EG-\u00d6ko-VO-Deutschland.svg\" loading=\"lazy\" \/>\t\t\t\t\t\t\t\t\t\t\t\t\t\t\t<\/div>\n\t\t\t\t<\/div>\n\t\t\t\t\t<\/div>\n\t\t<\/div>\n\t\t\t\t\t\t\t<\/div>\n\t\t<\/section>\n\t\t\t\t<div class=\"elementor-element elementor-element-7aed09e elementor-widget elementor-widget-spacer\" data-id=\"7aed09e\" data-element_type=\"widget\" data-widget_type=\"spacer.default\">\n\t\t\t\t<div class=\"elementor-widget-container\">\n\t\t\t\t\t<div class=\"elementor-spacer\">\n\t\t\t<div class=\"elementor-spacer-inner\"><\/div>\n\t\t<\/div>\n\t\t\t\t<\/div>\n\t\t\t\t<\/div>\n\t\t\t\t\t<\/div>\n\t\t<\/div>\n\t\t\t\t\t\t\t<\/div>\n\t\t<\/section>\n\t\t\t\t<section class=\"elementor-section elementor-top-section elementor-element elementor-element-69f76b8 elementor-section-boxed elementor-section-height-default elementor-section-height-default\" data-id=\"69f76b8\" data-element_type=\"section\">\n\t\t\t\t\t\t<div class=\"elementor-container elementor-column-gap-default\">\n\t\t\t\t\t<div class=\"elementor-column elementor-col-100 elementor-top-column elementor-element elementor-element-c76abc8\" data-id=\"c76abc8\" data-element_type=\"column\">\n\t\t\t<div class=\"elementor-widget-wrap elementor-element-populated\">\n\t\t\t\t\t\t\t\t<div class=\"elementor-element elementor-element-1947334 elementor-widget elementor-widget-spacer\" data-id=\"1947334\" data-element_type=\"widget\" data-widget_type=\"spacer.default\">\n\t\t\t\t<div class=\"elementor-widget-container\">\n\t\t\t\t\t<div class=\"elementor-spacer\">\n\t\t\t<div class=\"elementor-spacer-inner\"><\/div>\n\t\t<\/div>\n\t\t\t\t<\/div>\n\t\t\t\t<\/div>\n\t\t\t\t\t<\/div>\n\t\t<\/div>\n\t\t\t\t\t\t\t<\/div>\n\t\t<\/section>\n\t\t\t\t<section class=\"elementor-section elementor-top-section elementor-element elementor-element-2bbfa2c elementor-section-boxed elementor-section-height-default elementor-section-height-default\" data-id=\"2bbfa2c\" data-element_type=\"section\">\n\t\t\t\t\t\t<div class=\"elementor-container elementor-column-gap-default\">\n\t\t\t\t\t<div class=\"elementor-column elementor-col-50 elementor-top-column elementor-element elementor-element-169ed6a\" data-id=\"169ed6a\" data-element_type=\"column\">\n\t\t\t<div class=\"elementor-widget-wrap elementor-element-populated\">\n\t\t\t\t\t\t\t\t<div class=\"elementor-element elementor-element-34dfb34 elementor-widget elementor-widget-spacer\" data-id=\"34dfb34\" data-element_type=\"widget\" data-widget_type=\"spacer.default\">\n\t\t\t\t<div class=\"elementor-widget-container\">\n\t\t\t\t\t<div class=\"elementor-spacer\">\n\t\t\t<div class=\"elementor-spacer-inner\"><\/div>\n\t\t<\/div>\n\t\t\t\t<\/div>\n\t\t\t\t<\/div>\n\t\t\t\t<div class=\"elementor-element elementor-element-3046f14 elementor-widget elementor-widget-heading\" data-id=\"3046f14\" data-element_type=\"widget\" data-widget_type=\"heading.default\">\n\t\t\t\t<div class=\"elementor-widget-container\">\n\t\t\t<style>\/*! elementor - v3.14.0 - 26-06-2023 *\/\n.elementor-heading-title{padding:0;margin:0;line-height:1}.elementor-widget-heading .elementor-heading-title[class*=elementor-size-]>a{color:inherit;font-size:inherit;line-height:inherit}.elementor-widget-heading .elementor-heading-title.elementor-size-small{font-size:15px}.elementor-widget-heading .elementor-heading-title.elementor-size-medium{font-size:19px}.elementor-widget-heading .elementor-heading-title.elementor-size-large{font-size:29px}.elementor-widget-heading .elementor-heading-title.elementor-size-xl{font-size:39px}.elementor-widget-heading .elementor-heading-title.elementor-size-xxl{font-size:59px}<\/style><h2 class=\"elementor-heading-title elementor-size-default\">Hanfmont RAW 20% CBD<\/h2>\t\t<\/div>\n\t\t\t\t<\/div>\n\t\t\t\t<div class=\"elementor-element elementor-element-add4c43 elementor-widget elementor-widget-text-editor\" data-id=\"add4c43\" data-element_type=\"widget\" data-widget_type=\"text-editor.default\">\n\t\t\t\t<div class=\"elementor-widget-container\">\n\t\t\t\t\t\t\t<p>Dies ist die nat\u00fcrlichste Konzentration unter unseren Hanf\u00f6len mit einem vollen Spektrum an Phytosubstanzen. Ein Tropfen enth\u00e4lt 10 mg CBD und andere Vollspektrum-Hanfverbindungen! RAW-\u00d6l ist ein v\u00f6llig rohes Produkt, ungefiltert und enth\u00e4lt Chlorophylle und Wachse. In einer 2-ml-Flasche sind etwa 40 Tropfen \u00d6l enthalten.<\/p>\n<p>Jeder Kunde ist berechtigt, ein Muster zu kaufen, und der Rabattcode kann nicht mit anderen Codes kombiniert werden.<\/p>\n<p>Sehen Sie sich die Analyse von Hempmont RAW 20% CBD an!<\/p>\t\t\t\t\t\t<\/div>\n\t\t\t\t<\/div>\n\t\t\t\t\t<\/div>\n\t\t<\/div>\n\t\t\t\t<div class=\"elementor-column elementor-col-50 elementor-top-column elementor-element elementor-element-6a27b7b\" data-id=\"6a27b7b\" data-element_type=\"column\">\n\t\t\t<div class=\"elementor-widget-wrap elementor-element-populated\">\n\t\t\t\t\t\t\t\t<div class=\"elementor-element elementor-element-acb73e7 elementor-widget elementor-widget-lte-products\" data-id=\"acb73e7\" data-element_type=\"widget\" data-widget_type=\"lte-products.default\">\n\t\t\t\t<div class=\"elementor-widget-container\">\n\t\t\t<div class=\"lte-cols-xl-1 lte-cols-lg-1 lte-cols-md-1 lte-cols-sm-1 lte-cols-ms-1 lte-cols-xs-1 lte-padding-no woocommerce lte-products-sc lte-product-style-default lte-wc-wrapper\"><ul class=\"products columns-128 lte-products-sc lte-products-sc-simple\">\t\t\t<li class=\"product post-24624 type-product status-publish has-post-thumbnail hentry product_cat-probki product_cat-seria-raw\">\r\n\t\t\t\t<div class=\"lte-item\"><div class=\"lte-image\"><img width=\"480\" height=\"480\" src=\"https:\/\/b2b.hempmont.pl\/wp-content\/uploads\/2021\/11\/sample-raw-min-2-480x480.jpg\" class=\"attachment-woocommerce_thumbnail size-woocommerce_thumbnail\" alt=\"Muster Hempmont RAW 20%\" decoding=\"async\" loading=\"lazy\" srcset=\"https:\/\/b2b.hempmont.pl\/wp-content\/uploads\/2021\/11\/sample-raw-min-2-480x480.jpg 480w, https:\/\/b2b.hempmont.pl\/wp-content\/uploads\/2021\/11\/sample-raw-min-2-300x300.jpg 300w, https:\/\/b2b.hempmont.pl\/wp-content\/uploads\/2021\/11\/sample-raw-min-2-150x150.jpg 150w, https:\/\/b2b.hempmont.pl\/wp-content\/uploads\/2021\/11\/sample-raw-min-2-768x768.jpg 768w, https:\/\/b2b.hempmont.pl\/wp-content\/uploads\/2021\/11\/sample-raw-min-2-12x12.jpg 12w, https:\/\/b2b.hempmont.pl\/wp-content\/uploads\/2021\/11\/sample-raw-min-2-140x140.jpg 140w, https:\/\/b2b.hempmont.pl\/wp-content\/uploads\/2021\/11\/sample-raw-min-2-110x110.jpg 110w, https:\/\/b2b.hempmont.pl\/wp-content\/uploads\/2021\/11\/sample-raw-min-2-100x100.jpg 100w, https:\/\/b2b.hempmont.pl\/wp-content\/uploads\/2021\/11\/sample-raw-min-2-360x360.jpg 360w, https:\/\/b2b.hempmont.pl\/wp-content\/uploads\/2021\/11\/sample-raw-min-2-800x800.jpg 800w, https:\/\/b2b.hempmont.pl\/wp-content\/uploads\/2021\/11\/sample-raw-min-2-600x600.jpg 600w, https:\/\/b2b.hempmont.pl\/wp-content\/uploads\/2021\/11\/sample-raw-min-2.jpg 1000w\" sizes=\"(max-width: 480px) 100vw, 480px\" \/><\/a><\/div><div class=\"lte-item-descr\"><a href=\"https:\/\/b2b.hempmont.pl\/de\/produkt\/probe-hanfol-cbd-20-raw-2-ml\/\" class=\"woocommerce-LoopProduct-link woocommerce-loop-product__link\"><h2 class=\"woocommerce-loop-product__title\">Probe - CBD Hanf\u00f6l 20%, Hempmont RAW, 2 ml<\/h2><\/a><div class=\"lte-excerpt\">Probieren Sie CBD-Hanf\u00f6l aus dem RAW-Sortiment von Hempmont. Dies ist eine v\u00f6llig ...<\/div>\n\t<span class=\"price\">Cena po zalogowaniu<\/span>\n<\/div>\r\n\t\t<\/div>\t\t\t<\/li>\r\n\t\t\t\t\t<\/ul><\/div>\t\t<\/div>\n\t\t\t\t<\/div>\n\t\t\t\t\t<\/div>\n\t\t<\/div>\n\t\t\t\t\t\t\t<\/div>\n\t\t<\/section>\n\t\t\t\t\t\t\t<\/div>","protected":false},"excerpt":{"rendered":"<p>Test Hempmont Welche CBD-\u00d6lproben k\u00f6nnen Sie erhalten? Nachstehend finden Sie Beispiele f\u00fcr unsere Produkte, die Sie bestellen k\u00f6nnen. Bitte beachten Sie, dass Sie nur einen Artikel einer Art kaufen k\u00f6nnen. Wenn Sie ein Muster mit einem Rabatt von -80% erhalten m\u00f6chten, melden Sie sich f\u00fcr unseren Newsletter an und Sie erhalten einen Rabattcode an die angegebene E-Mail-Adresse, um Muster zu bestellen. Nachhaltigkeit Qualit\u00e4t und Vertrauen Unsere Pr\u00e4misse als Unternehmen, [...]<\/p>","protected":false},"author":1,"featured_media":0,"parent":0,"menu_order":0,"comment_status":"closed","ping_status":"closed","template":"","meta":[],"yoast_head":"<!-- This site is optimized with the Yoast SEO plugin v18.4.1 - https:\/\/yoast.com\/wordpress\/plugins\/seo\/ -->\n<title>Pr\u00f3bki olejk\u00f3w CBD - Hempmont<\/title>\n<meta name=\"robots\" content=\"index, follow, max-snippet:-1, max-image-preview:large, max-video-preview:-1\" \/>\n<link rel=\"canonical\" href=\"https:\/\/b2b.hempmont.pl\/de\/proben-ol-cbd\/\" \/>\n<meta property=\"og:locale\" content=\"de_DE\" \/>\n<meta property=\"og:type\" content=\"article\" \/>\n<meta property=\"og:title\" content=\"Pr\u00f3bki olejk\u00f3w CBD - Hempmont\" \/>\n<meta property=\"og:description\" content=\"Przetestuj Hempmont Jakie pr\u00f3bki olejk\u00f3w CBD mo\u017cesz otrzyma\u0107? Poni\u017cej znajdziesz dost\u0119pne do zam\u00f3wienia pr\u00f3bki naszych produkt\u00f3w. Pami\u0119taj \u017ce mo\u017cesz zakupi\u0107 jedynie jedn\u0105 sztuk\u0119 z rodzaju. Je\u015bli chcesz otrzyma\u0107 pr\u00f3bk\u0119 z rabatem -80%, zapisz si\u0119 do newslettera, a otrzymasz kod rabatowy na podany mail, na zam\u00f3wienie pr\u00f3bek. Zr\u00f3wnowa\u017cony rozw\u00f3j Jako\u015b\u0107 i zaufanie Naszym za\u0142o\u017ceniem jako przedsi\u0119biorstwa, [&hellip;]\" \/>\n<meta property=\"og:url\" content=\"https:\/\/b2b.hempmont.pl\/de\/proben-ol-cbd\/\" \/>\n<meta property=\"og:site_name\" content=\"Hempmont\" \/>\n<meta property=\"article:modified_time\" content=\"2022-03-27T13:08:31+00:00\" \/>\n<meta property=\"og:image\" content=\"https:\/\/b2b.hempmont.pl\/wp-content\/uploads\/2021\/10\/xeu.png.pagespeed.ic_.YI_1jn-XoD.png\" \/>\n<meta name=\"twitter:card\" content=\"summary_large_image\" \/>\n<meta name=\"twitter:label1\" content=\"Gesch\u00e4tzte Lesezeit\" \/>\n\t<meta name=\"twitter:data1\" content=\"2\u00a0Minuten\" \/>\n<script type=\"application\/ld+json\" class=\"yoast-schema-graph\">{\"@context\":\"https:\/\/schema.org\",\"@graph\":[{\"@type\":\"WebSite\",\"@id\":\"https:\/\/b2b.hempmont.pl\/#website\",\"url\":\"https:\/\/b2b.hempmont.pl\/\",\"name\":\"Hempmont\",\"description\":\"\",\"potentialAction\":[{\"@type\":\"SearchAction\",\"target\":{\"@type\":\"EntryPoint\",\"urlTemplate\":\"https:\/\/b2b.hempmont.pl\/?s={search_term_string}\"},\"query-input\":\"required name=search_term_string\"}],\"inLanguage\":\"de\"},{\"@type\":\"ImageObject\",\"@id\":\"https:\/\/b2b.hempmont.pl\/probki-olejkow-cbd\/#primaryimage\",\"inLanguage\":\"de\",\"url\":\"https:\/\/b2b.hempmont.pl\/wp-content\/uploads\/2021\/10\/xeu.png.pagespeed.ic_.YI_1jn-XoD.png\",\"contentUrl\":\"https:\/\/b2b.hempmont.pl\/wp-content\/uploads\/2021\/10\/xeu.png.pagespeed.ic_.YI_1jn-XoD.png\",\"width\":100,\"height\":69,\"caption\":\"Certyfikat ekologiczny\"},{\"@type\":\"WebPage\",\"@id\":\"https:\/\/b2b.hempmont.pl\/probki-olejkow-cbd\/#webpage\",\"url\":\"https:\/\/b2b.hempmont.pl\/probki-olejkow-cbd\/\",\"name\":\"Pr\u00f3bki olejk\u00f3w CBD - Hempmont\",\"isPartOf\":{\"@id\":\"https:\/\/b2b.hempmont.pl\/#website\"},\"primaryImageOfPage\":{\"@id\":\"https:\/\/b2b.hempmont.pl\/probki-olejkow-cbd\/#primaryimage\"},\"datePublished\":\"2021-10-26T02:34:53+00:00\",\"dateModified\":\"2022-03-27T13:08:31+00:00\",\"breadcrumb\":{\"@id\":\"https:\/\/b2b.hempmont.pl\/probki-olejkow-cbd\/#breadcrumb\"},\"inLanguage\":\"de\",\"potentialAction\":[{\"@type\":\"ReadAction\",\"target\":[\"https:\/\/b2b.hempmont.pl\/probki-olejkow-cbd\/\"]}]},{\"@type\":\"BreadcrumbList\",\"@id\":\"https:\/\/b2b.hempmont.pl\/probki-olejkow-cbd\/#breadcrumb\",\"itemListElement\":[{\"@type\":\"ListItem\",\"position\":1,\"name\":\"Strona g\u0142\u00f3wna\",\"item\":\"https:\/\/b2b.hempmont.pl\/\"},{\"@type\":\"ListItem\",\"position\":2,\"name\":\"Pr\u00f3bki olejk\u00f3w CBD\"}]}]}<\/script>\n<!-- \/ Yoast SEO plugin. -->","yoast_head_json":{"title":"Pr\u00f3bki olejk\u00f3w CBD - Hempmont","robots":{"index":"index","follow":"follow","max-snippet":"max-snippet:-1","max-image-preview":"max-image-preview:large","max-video-preview":"max-video-preview:-1"},"canonical":"https:\/\/b2b.hempmont.pl\/de\/proben-ol-cbd\/","og_locale":"de_DE","og_type":"article","og_title":"Pr\u00f3bki olejk\u00f3w CBD - Hempmont","og_description":"Przetestuj Hempmont Jakie pr\u00f3bki olejk\u00f3w CBD mo\u017cesz otrzyma\u0107? Poni\u017cej znajdziesz dost\u0119pne do zam\u00f3wienia pr\u00f3bki naszych produkt\u00f3w. Pami\u0119taj \u017ce mo\u017cesz zakupi\u0107 jedynie jedn\u0105 sztuk\u0119 z rodzaju. Je\u015bli chcesz otrzyma\u0107 pr\u00f3bk\u0119 z rabatem -80%, zapisz si\u0119 do newslettera, a otrzymasz kod rabatowy na podany mail, na zam\u00f3wienie pr\u00f3bek. Zr\u00f3wnowa\u017cony rozw\u00f3j Jako\u015b\u0107 i zaufanie Naszym za\u0142o\u017ceniem jako przedsi\u0119biorstwa, [&hellip;]","og_url":"https:\/\/b2b.hempmont.pl\/de\/proben-ol-cbd\/","og_site_name":"Hempmont","article_modified_time":"2022-03-27T13:08:31+00:00","og_image":[{"url":"https:\/\/b2b.hempmont.pl\/wp-content\/uploads\/2021\/10\/xeu.png.pagespeed.ic_.YI_1jn-XoD.png"}],"twitter_card":"summary_large_image","twitter_misc":{"Gesch\u00e4tzte Lesezeit":"2\u00a0Minuten"},"schema":{"@context":"https:\/\/schema.org","@graph":[{"@type":"WebSite","@id":"https:\/\/b2b.hempmont.pl\/#website","url":"https:\/\/b2b.hempmont.pl\/","name":"Hempmont","description":"","potentialAction":[{"@type":"SearchAction","target":{"@type":"EntryPoint","urlTemplate":"https:\/\/b2b.hempmont.pl\/?s={search_term_string}"},"query-input":"required name=search_term_string"}],"inLanguage":"de"},{"@type":"ImageObject","@id":"https:\/\/b2b.hempmont.pl\/probki-olejkow-cbd\/#primaryimage","inLanguage":"de","url":"https:\/\/b2b.hempmont.pl\/wp-content\/uploads\/2021\/10\/xeu.png.pagespeed.ic_.YI_1jn-XoD.png","contentUrl":"https:\/\/b2b.hempmont.pl\/wp-content\/uploads\/2021\/10\/xeu.png.pagespeed.ic_.YI_1jn-XoD.png","width":100,"height":69,"caption":"Certyfikat ekologiczny"},{"@type":"WebPage","@id":"https:\/\/b2b.hempmont.pl\/probki-olejkow-cbd\/#webpage","url":"https:\/\/b2b.hempmont.pl\/probki-olejkow-cbd\/","name":"Pr\u00f3bki olejk\u00f3w CBD - Hempmont","isPartOf":{"@id":"https:\/\/b2b.hempmont.pl\/#website"},"primaryImageOfPage":{"@id":"https:\/\/b2b.hempmont.pl\/probki-olejkow-cbd\/#primaryimage"},"datePublished":"2021-10-26T02:34:53+00:00","dateModified":"2022-03-27T13:08:31+00:00","breadcrumb":{"@id":"https:\/\/b2b.hempmont.pl\/probki-olejkow-cbd\/#breadcrumb"},"inLanguage":"de","potentialAction":[{"@type":"ReadAction","target":["https:\/\/b2b.hempmont.pl\/probki-olejkow-cbd\/"]}]},{"@type":"BreadcrumbList","@id":"https:\/\/b2b.hempmont.pl\/probki-olejkow-cbd\/#breadcrumb","itemListElement":[{"@type":"ListItem","position":1,"name":"Strona g\u0142\u00f3wna","item":"https:\/\/b2b.hempmont.pl\/"},{"@type":"ListItem","position":2,"name":"Pr\u00f3bki olejk\u00f3w CBD"}]}]}},"_links":{"self":[{"href":"https:\/\/b2b.hempmont.pl\/de\/wp-json\/wp\/v2\/pages\/24152"}],"collection":[{"href":"https:\/\/b2b.hempmont.pl\/de\/wp-json\/wp\/v2\/pages"}],"about":[{"href":"https:\/\/b2b.hempmont.pl\/de\/wp-json\/wp\/v2\/types\/page"}],"author":[{"embeddable":true,"href":"https:\/\/b2b.hempmont.pl\/de\/wp-json\/wp\/v2\/users\/1"}],"replies":[{"embeddable":true,"href":"https:\/\/b2b.hempmont.pl\/de\/wp-json\/wp\/v2\/comments?post=24152"}],"version-history":[{"count":0,"href":"https:\/\/b2b.hempmont.pl\/de\/wp-json\/wp\/v2\/pages\/24152\/revisions"}],"wp:attachment":[{"href":"https:\/\/b2b.hempmont.pl\/de\/wp-json\/wp\/v2\/media?parent=24152"}],"curies":[{"name":"wp","href":"https:\/\/api.w.org\/{rel}","templated":true}]}}