{"id":24565,"date":"2021-10-31T04:32:52","date_gmt":"2021-10-31T03:32:52","guid":{"rendered":"https:\/\/b2b.hempmont.pl\/?page_id=24565"},"modified":"2023-07-26T13:54:04","modified_gmt":"2023-07-26T11:54:04","slug":"hurt-cbd","status":"publish","type":"page","link":"https:\/\/b2b.hempmont.pl\/de\/groshandel-cbd\/","title":{"rendered":"Gro\u00dfhandel"},"content":{"rendered":"<div data-elementor-type=\"wp-page\" data-elementor-id=\"24565\" class=\"elementor elementor-24565\">\n\t\t\t\t\t\t\t\t\t<section class=\"elementor-section elementor-top-section elementor-element elementor-element-4b2e8b6 elementor-section-boxed elementor-section-height-default elementor-section-height-default\" data-id=\"4b2e8b6\" data-element_type=\"section\">\n\t\t\t\t\t\t<div class=\"elementor-container elementor-column-gap-default\">\n\t\t\t\t\t<div class=\"elementor-column elementor-col-100 elementor-top-column elementor-element elementor-element-063214c\" data-id=\"063214c\" data-element_type=\"column\">\n\t\t\t<div class=\"elementor-widget-wrap elementor-element-populated\">\n\t\t\t\t\t\t\t\t<div class=\"elementor-element elementor-element-0adf30a lte-heading-style-header-subheader-dash elementor-widget elementor-widget-lte-header\" data-id=\"0adf30a\" data-element_type=\"widget\" data-widget_type=\"lte-header.default\">\n\t\t\t\t<div class=\"elementor-widget-container\">\n\t\t\t<div class=\"lte-heading lte-style-header-subheader-dash lte-subcolor-main has-subheader heading-tag-h3 heading-subtag-h6\"><div class=\"lte-heading-content\"><h6 class=\"lte-subheader\">Business 2 Business<\/h6><h3 class=\"lte-header\">CBD-Gro\u00dfhandel<\/h3><\/div><\/div>\t\t<\/div>\n\t\t\t\t<\/div>\n\t\t\t\t<div class=\"elementor-element elementor-element-38f24d1 elementor-widget elementor-widget-text-editor\" data-id=\"38f24d1\" data-element_type=\"widget\" data-widget_type=\"text-editor.default\">\n\t\t\t\t<div class=\"elementor-widget-container\">\n\t\t\t<style>\/*! elementor - v3.14.0 - 26-06-2023 *\/\n.elementor-widget-text-editor.elementor-drop-cap-view-stacked .elementor-drop-cap{background-color:#69727d;color:#fff}.elementor-widget-text-editor.elementor-drop-cap-view-framed .elementor-drop-cap{color:#69727d;border:3px solid;background-color:transparent}.elementor-widget-text-editor:not(.elementor-drop-cap-view-default) .elementor-drop-cap{margin-top:8px}.elementor-widget-text-editor:not(.elementor-drop-cap-view-default) .elementor-drop-cap-letter{width:1em;height:1em}.elementor-widget-text-editor .elementor-drop-cap{float:left;text-align:center;line-height:1;font-size:50px}.elementor-widget-text-editor .elementor-drop-cap-letter{display:inline-block}<\/style>\t\t\t\t<p style=\"text-align: justify;\">Interessieren Sie sich f\u00fcr das CBD-Gesch\u00e4ft? Haben Sie schon einmal dar\u00fcber nachgedacht, wie Sie einen Hanfladen er\u00f6ffnen k\u00f6nnen, oder wollen Sie einfach nur das Sortiment in Ihrem bestehenden Gesch\u00e4ft erweitern? Betreiben Sie einen Kr\u00e4uterladen, einen Hanfladen, eine Kneipe oder einen Dienstleistungsbetrieb, in dem unsere Produkte Ihrer Meinung nach perfekt funktionieren w\u00fcrden? Oder vielleicht m\u00f6chten Sie ein Angebot f\u00fcr den Gro\u00dfhandel oder ein Produktionsangebot erhalten\u00a0<strong>wei\u00dfes Etikett?<\/strong><\/p>\n<p style=\"text-align: justify;\">Wenn Sie planen, CBD-Hanf\u00f6le in Ihr Sortiment aufzunehmen, dann sind Sie bei uns genau richtig. Kontaktieren Sie unser Team unter pomoc@hempmont.pl und finden Sie heraus, wie wir zusammenarbeiten k\u00f6nnen. Wir bieten Gro\u00dfhandel mit CBD-Produkten. Die von uns angebotenen Bedingungen der Zusammenarbeit sind sehr vorteilhaft und wir gehen auf jeden Kunden individuell ein.<\/p>\t\t\t\t\t\t<\/div>\n\t\t\t\t<\/div>\n\t\t\t\t\t<\/div>\n\t\t<\/div>\n\t\t\t\t\t\t\t<\/div>\n\t\t<\/section>\n\t\t\t\t<section class=\"elementor-section elementor-top-section elementor-element elementor-element-69f76b8 elementor-section-boxed elementor-section-height-default elementor-section-height-default\" data-id=\"69f76b8\" data-element_type=\"section\">\n\t\t\t\t\t\t<div class=\"elementor-container elementor-column-gap-default\">\n\t\t\t\t\t<div class=\"elementor-column elementor-col-100 elementor-top-column elementor-element elementor-element-c76abc8\" data-id=\"c76abc8\" data-element_type=\"column\">\n\t\t\t<div class=\"elementor-widget-wrap elementor-element-populated\">\n\t\t\t\t\t\t\t\t<div class=\"elementor-element elementor-element-1947334 elementor-widget elementor-widget-spacer\" data-id=\"1947334\" data-element_type=\"widget\" data-widget_type=\"spacer.default\">\n\t\t\t\t<div class=\"elementor-widget-container\">\n\t\t\t<style>\/*! elementor - v3.14.0 - 26-06-2023 *\/\n.elementor-column .elementor-spacer-inner{height:var(--spacer-size)}.e-con{--container-widget-width:100%}.e-con-inner>.elementor-widget-spacer,.e-con>.elementor-widget-spacer{width:var(--container-widget-width,var(--spacer-size));--align-self:var(--container-widget-align-self,initial);--flex-shrink:0}.e-con-inner>.elementor-widget-spacer>.elementor-widget-container,.e-con-inner>.elementor-widget-spacer>.elementor-widget-container>.elementor-spacer,.e-con>.elementor-widget-spacer>.elementor-widget-container,.e-con>.elementor-widget-spacer>.elementor-widget-container>.elementor-spacer{height:100%}.e-con-inner>.elementor-widget-spacer>.elementor-widget-container>.elementor-spacer>.elementor-spacer-inner,.e-con>.elementor-widget-spacer>.elementor-widget-container>.elementor-spacer>.elementor-spacer-inner{height:var(--container-widget-height,var(--spacer-size))}<\/style>\t\t<div class=\"elementor-spacer\">\n\t\t\t<div class=\"elementor-spacer-inner\"><\/div>\n\t\t<\/div>\n\t\t\t\t<\/div>\n\t\t\t\t<\/div>\n\t\t\t\t\t<\/div>\n\t\t<\/div>\n\t\t\t\t\t\t\t<\/div>\n\t\t<\/section>\n\t\t\t\t<section class=\"elementor-section elementor-top-section elementor-element elementor-element-4e529dc elementor-section-boxed elementor-section-height-default elementor-section-height-default\" data-id=\"4e529dc\" data-element_type=\"section\">\n\t\t\t\t\t\t<div class=\"elementor-container elementor-column-gap-default\">\n\t\t\t\t\t<div class=\"elementor-column elementor-col-100 elementor-top-column elementor-element elementor-element-51b3501\" data-id=\"51b3501\" data-element_type=\"column\">\n\t\t\t<div class=\"elementor-widget-wrap elementor-element-populated\">\n\t\t\t\t\t\t\t\t<div class=\"elementor-element elementor-element-2f8081d elementor-widget-divider--view-line elementor-widget elementor-widget-divider\" data-id=\"2f8081d\" data-element_type=\"widget\" data-widget_type=\"divider.default\">\n\t\t\t\t<div class=\"elementor-widget-container\">\n\t\t\t<style>\/*! elementor - v3.14.0 - 26-06-2023 *\/\n.elementor-widget-divider{--divider-border-style:none;--divider-border-width:1px;--divider-color:#0c0d0e;--divider-icon-size:20px;--divider-element-spacing:10px;--divider-pattern-height:24px;--divider-pattern-size:20px;--divider-pattern-url:none;--divider-pattern-repeat:repeat-x}.elementor-widget-divider .elementor-divider{display:flex}.elementor-widget-divider .elementor-divider__text{font-size:15px;line-height:1;max-width:95%}.elementor-widget-divider .elementor-divider__element{margin:0 var(--divider-element-spacing);flex-shrink:0}.elementor-widget-divider .elementor-icon{font-size:var(--divider-icon-size)}.elementor-widget-divider .elementor-divider-separator{display:flex;margin:0;direction:ltr}.elementor-widget-divider--view-line_icon .elementor-divider-separator,.elementor-widget-divider--view-line_text .elementor-divider-separator{align-items:center}.elementor-widget-divider--view-line_icon .elementor-divider-separator:after,.elementor-widget-divider--view-line_icon .elementor-divider-separator:before,.elementor-widget-divider--view-line_text .elementor-divider-separator:after,.elementor-widget-divider--view-line_text .elementor-divider-separator:before{display:block;content:\"\";border-bottom:0;flex-grow:1;border-top:var(--divider-border-width) var(--divider-border-style) var(--divider-color)}.elementor-widget-divider--element-align-left .elementor-divider .elementor-divider-separator>.elementor-divider__svg:first-of-type{flex-grow:0;flex-shrink:100}.elementor-widget-divider--element-align-left .elementor-divider-separator:before{content:none}.elementor-widget-divider--element-align-left .elementor-divider__element{margin-left:0}.elementor-widget-divider--element-align-right .elementor-divider .elementor-divider-separator>.elementor-divider__svg:last-of-type{flex-grow:0;flex-shrink:100}.elementor-widget-divider--element-align-right .elementor-divider-separator:after{content:none}.elementor-widget-divider--element-align-right .elementor-divider__element{margin-right:0}.elementor-widget-divider:not(.elementor-widget-divider--view-line_text):not(.elementor-widget-divider--view-line_icon) .elementor-divider-separator{border-top:var(--divider-border-width) var(--divider-border-style) var(--divider-color)}.elementor-widget-divider--separator-type-pattern{--divider-border-style:none}.elementor-widget-divider--separator-type-pattern.elementor-widget-divider--view-line .elementor-divider-separator,.elementor-widget-divider--separator-type-pattern:not(.elementor-widget-divider--view-line) .elementor-divider-separator:after,.elementor-widget-divider--separator-type-pattern:not(.elementor-widget-divider--view-line) .elementor-divider-separator:before,.elementor-widget-divider--separator-type-pattern:not([class*=elementor-widget-divider--view]) .elementor-divider-separator{width:100%;min-height:var(--divider-pattern-height);-webkit-mask-size:var(--divider-pattern-size) 100%;mask-size:var(--divider-pattern-size) 100%;-webkit-mask-repeat:var(--divider-pattern-repeat);mask-repeat:var(--divider-pattern-repeat);background-color:var(--divider-color);-webkit-mask-image:var(--divider-pattern-url);mask-image:var(--divider-pattern-url)}.elementor-widget-divider--no-spacing{--divider-pattern-size:auto}.elementor-widget-divider--bg-round{--divider-pattern-repeat:round}.rtl .elementor-widget-divider .elementor-divider__text{direction:rtl}.e-con-inner>.elementor-widget-divider,.e-con>.elementor-widget-divider{width:var(--container-widget-width,100%);--flex-grow:var(--container-widget-flex-grow)}<\/style>\t\t<div class=\"elementor-divider\">\n\t\t\t<span class=\"elementor-divider-separator\">\n\t\t\t\t\t\t<\/span>\n\t\t<\/div>\n\t\t\t\t<\/div>\n\t\t\t\t<\/div>\n\t\t\t\t\t<\/div>\n\t\t<\/div>\n\t\t\t\t\t\t\t<\/div>\n\t\t<\/section>\n\t\t\t\t<section class=\"elementor-section elementor-top-section elementor-element elementor-element-13aa594 elementor-section-boxed elementor-section-height-default elementor-section-height-default\" data-id=\"13aa594\" data-element_type=\"section\">\n\t\t\t\t\t\t<div class=\"elementor-container elementor-column-gap-default\">\n\t\t\t\t\t<div class=\"elementor-column elementor-col-33 elementor-top-column elementor-element elementor-element-7563711\" data-id=\"7563711\" data-element_type=\"column\">\n\t\t\t<div class=\"elementor-widget-wrap elementor-element-populated\">\n\t\t\t\t\t\t\t\t<div class=\"elementor-element elementor-element-acc8612 lte-heading-style-header-subheader elementor-widget elementor-widget-lte-header\" data-id=\"acc8612\" data-element_type=\"widget\" data-widget_type=\"lte-header.default\">\n\t\t\t\t<div class=\"elementor-widget-container\">\n\t\t\t<div class=\"lte-heading lte-style-header-subheader lte-subcolor-main has-subheader heading-tag-h3 heading-subtag-h6\"><div class=\"lte-heading-content\"><h6 class=\"lte-subheader\">Verkaufsregal<\/h6><h3 class=\"lte-header\">Sie haben bereits ein Gesch\u00e4ft?<\/h3><\/div><\/div>\t\t<\/div>\n\t\t\t\t<\/div>\n\t\t\t\t\t<\/div>\n\t\t<\/div>\n\t\t\t\t<div class=\"elementor-column elementor-col-66 elementor-top-column elementor-element elementor-element-86316ae\" data-id=\"86316ae\" data-element_type=\"column\">\n\t\t\t<div class=\"elementor-widget-wrap elementor-element-populated\">\n\t\t\t\t\t\t\t\t<div class=\"elementor-element elementor-element-256b301 elementor-widget elementor-widget-text-editor\" data-id=\"256b301\" data-element_type=\"widget\" data-widget_type=\"text-editor.default\">\n\t\t\t\t<div class=\"elementor-widget-container\">\n\t\t\t\t\t\t\t<div><div><div><div><div data-id=\"86502a4\" data-element_type=\"widget\" data-widget_type=\"heading.default\"><div><section data-id=\"3c90cd0\" data-element_type=\"section\"><div><div><div data-id=\"93787c8\" data-element_type=\"column\"><div><div><div data-id=\"409a85f\" data-element_type=\"widget\" data-widget_type=\"heading.default\"><div><p style=\"text-align: left;\"><strong>Anforderungen:<\/strong> eine Verkaufsstelle zu haben.<\/p><p style=\"text-align: left;\">Wir liefern Materialien, Merchandising und Displays.<\/p><p style=\"text-align: left;\">Der durchschnittliche Aufschlag auf den Gro\u00dfhandelspreis im Vergleich zum Einzelhandelspreis betr\u00e4gt: 70% bis 120%<\/p><p style=\"text-align: left;\">Handelskredit oder Rechnung mit Zahlungsaufschub f\u00fcr die erste Bestellung.\u00a0<\/p><\/div><\/div><\/div><\/div><\/div><\/div><\/div><\/section><\/div><\/div><\/div><\/div><\/div><\/div><div><div><div style=\"text-align: left;\"><div>\u00a0<\/div><\/div><div><div><div data-id=\"86502a4\" data-element_type=\"widget\" data-widget_type=\"heading.default\"><div><section data-id=\"3c90cd0\" data-element_type=\"section\"><div><div><div data-id=\"93787c8\" data-element_type=\"column\"><div><div><div data-id=\"409a85f\" data-element_type=\"widget\" data-widget_type=\"heading.default\"><div style=\"text-align: left;\">\u00a0<\/div><\/div><\/div><\/div><\/div><\/div><\/div><\/section><\/div><\/div><\/div><\/div><\/div><\/div>\t\t\t\t\t\t<\/div>\n\t\t\t\t<\/div>\n\t\t\t\t\t<\/div>\n\t\t<\/div>\n\t\t\t\t\t\t\t<\/div>\n\t\t<\/section>\n\t\t\t\t<section class=\"elementor-section elementor-top-section elementor-element elementor-element-5a27322 elementor-section-boxed elementor-section-height-default elementor-section-height-default\" data-id=\"5a27322\" data-element_type=\"section\">\n\t\t\t\t\t\t<div class=\"elementor-container elementor-column-gap-default\">\n\t\t\t\t\t<div class=\"elementor-column elementor-col-33 elementor-top-column elementor-element elementor-element-8693927\" data-id=\"8693927\" data-element_type=\"column\">\n\t\t\t<div class=\"elementor-widget-wrap elementor-element-populated\">\n\t\t\t\t\t\t\t\t<div class=\"elementor-element elementor-element-e6dc5a4 lte-heading-style-header-subheader elementor-widget elementor-widget-lte-header\" data-id=\"e6dc5a4\" data-element_type=\"widget\" data-widget_type=\"lte-header.default\">\n\t\t\t\t<div class=\"elementor-widget-container\">\n\t\t\t<div class=\"lte-heading lte-style-header-subheader lte-subcolor-main has-subheader heading-tag-h3 heading-subtag-h6\"><div class=\"lte-heading-content\"><h6 class=\"lte-subheader\">Einkaufen zu Gro\u00dfhandelspreisen<\/h6><h3 class=\"lte-header\">K\u00e4ufe im Gro\u00dfhandel<\/h3><\/div><\/div>\t\t<\/div>\n\t\t\t\t<\/div>\n\t\t\t\t\t<\/div>\n\t\t<\/div>\n\t\t\t\t<div class=\"elementor-column elementor-col-66 elementor-top-column elementor-element elementor-element-35fce72\" data-id=\"35fce72\" data-element_type=\"column\">\n\t\t\t<div class=\"elementor-widget-wrap elementor-element-populated\">\n\t\t\t\t\t\t\t\t<div class=\"elementor-element elementor-element-d5cab3c elementor-widget elementor-widget-text-editor\" data-id=\"d5cab3c\" data-element_type=\"widget\" data-widget_type=\"text-editor.default\">\n\t\t\t\t<div class=\"elementor-widget-container\">\n\t\t\t\t\t\t\t<div>\n<div>\n<div>\n<div>\n<div data-id=\"86502a4\" data-element_type=\"widget\" data-widget_type=\"heading.default\">\n<div>\n<section data-id=\"3c90cd0\" data-element_type=\"section\">\n<div>\n<div>\n<div data-id=\"93787c8\" data-element_type=\"column\">\n<div>\n<div>\n<div data-id=\"409a85f\" data-element_type=\"widget\" data-widget_type=\"heading.default\">\n<div>\n<p style=\"text-align: left;\"><b>Anforderungen:<\/b> ein Unternehmenskonto* auf der B2B-Plattform von Hempmont haben<\/p>\n<p style=\"text-align: left;\">\u015aredni narzut od ceny hurtowej w stosunku do ceny detalicznej &nbsp;to : od 70%&nbsp;do&nbsp;120%<\/p>\n<p style=\"text-align: left;\">Registrieren Sie sich unter b2b.hempmont.co.uk, indem Sie auf die Schaltfl\u00e4che unten klicken<\/p>\n<p style=\"text-align: left;\">F\u00fcllen Sie das Formular mit Angaben wie der Umsatzsteuer-Identifikationsnummer Ihres Unternehmens, Ihrem Namen und Ihrer E-Mail-Adresse aus.<\/p>\n<p style=\"text-align: left;\">3. Sie erhalten innerhalb von 24 Stunden Zugang zum Gro\u00dfhandelspanel.&nbsp;<\/p>\n<\/div>\n<\/div>\n<\/div>\n<\/div>\n<\/div>\n<\/div>\n<\/div>\n<\/section>\n<\/div>\n<\/div>\n<\/div>\n<\/div>\n<\/div>\n<\/div>\t\t\t\t\t\t<\/div>\n\t\t\t\t<\/div>\n\t\t\t\t<div class=\"elementor-element elementor-element-20866ce elementor-widget elementor-widget-lte-button\" data-id=\"20866ce\" data-element_type=\"widget\" data-widget_type=\"lte-button.default\">\n\t\t\t\t<div class=\"elementor-widget-container\">\n\t\t\t<div class=\"lte-btn-wrap\">\r\n\t<a href=\"\"  class=\"lte-btn btn-lg color-hover-second\"><span class=\"lte-btn-inner\"><span class=\"lte-btn-before\"><\/span>B2B-Panel<span class=\"lte-btn-after\"><\/span><\/span><\/a><\/div>\t\t<\/div>\n\t\t\t\t<\/div>\n\t\t\t\t\t<\/div>\n\t\t<\/div>\n\t\t\t\t\t\t\t<\/div>\n\t\t<\/section>\n\t\t\t\t<section class=\"elementor-section elementor-top-section elementor-element elementor-element-d9b77f6 elementor-section-boxed elementor-section-height-default elementor-section-height-default\" data-id=\"d9b77f6\" data-element_type=\"section\">\n\t\t\t\t\t\t<div class=\"elementor-container elementor-column-gap-wide\">\n\t\t\t\t\t<div class=\"elementor-column elementor-col-100 elementor-top-column elementor-element elementor-element-f4ffc07\" data-id=\"f4ffc07\" data-element_type=\"column\">\n\t\t\t<div class=\"elementor-widget-wrap\">\n\t\t\t\t\t\t\t\t\t<\/div>\n\t\t<\/div>\n\t\t\t\t\t\t\t<\/div>\n\t\t<\/section>\n\t\t\t\t\t\t\t<\/div>","protected":false},"excerpt":{"rendered":"<p>Business 2 Business CBD-Gro\u00dfhandel Sie interessieren sich f\u00fcr das CBD-Gesch\u00e4ft? Haben Sie schon einmal dar\u00fcber nachgedacht, wie Sie einen Hanfladen er\u00f6ffnen k\u00f6nnen, oder wollen Sie einfach nur die Produktpalette in Ihrem derzeitigen Gesch\u00e4ft erweitern? Betreiben Sie einen Kr\u00e4uterladen, einen Hanfladen, eine Kneipe oder einen Dienstleistungsbetrieb, in dem unsere Produkte Ihrer Meinung nach perfekt funktionieren w\u00fcrden? Oder m\u00f6chten Sie ein Angebot f\u00fcr Gro\u00dfhandelsk\u00e4ufe oder ein White-Label-Produktionsangebot? [...]<\/p>","protected":false},"author":1,"featured_media":0,"parent":0,"menu_order":0,"comment_status":"closed","ping_status":"closed","template":"","meta":[],"yoast_head":"<!-- This site is optimized with the Yoast SEO plugin v18.4.1 - https:\/\/yoast.com\/wordpress\/plugins\/seo\/ -->\n<title>Sprzeda\u017c hurtowa - Hempmont<\/title>\n<meta name=\"robots\" content=\"index, follow, max-snippet:-1, max-image-preview:large, max-video-preview:-1\" \/>\n<link rel=\"canonical\" href=\"https:\/\/b2b.hempmont.pl\/de\/groshandel-cbd\/\" \/>\n<meta property=\"og:locale\" content=\"de_DE\" \/>\n<meta property=\"og:type\" content=\"article\" \/>\n<meta property=\"og:title\" content=\"Sprzeda\u017c hurtowa - Hempmont\" \/>\n<meta property=\"og:description\" content=\"Business 2 Business Hurt CBD Interesuje Ci\u0119 biznes CBD? My\u015bla\u0142e\u015b nad tym jak otworzy\u0107 sklep konopny? a mo\u017ce zwyczajnie chcesz poszerzy\u0107 asortyment w obecnie prowadzonym punkcie sprzeda\u017cy? Prowadzisz sklep zielarski, konopny, pub lub zak\u0142ad us\u0142ugowy\u00a0w kt\u00f3rym my\u015blisz, \u017ce nasze produkty doskonale by si\u0119 sprawdzi\u0142y? A mo\u017ce chcesz otrzyma\u0107 ofert\u0119 dla zakup\u00f3w\u00a0hurtowych lub ofert\u0119 produkcji\u00a0white label? [&hellip;]\" \/>\n<meta property=\"og:url\" content=\"https:\/\/b2b.hempmont.pl\/de\/groshandel-cbd\/\" \/>\n<meta property=\"og:site_name\" content=\"Hempmont\" \/>\n<meta property=\"article:modified_time\" content=\"2023-07-26T11:54:04+00:00\" \/>\n<meta name=\"twitter:card\" content=\"summary_large_image\" \/>\n<meta name=\"twitter:label1\" content=\"Gesch\u00e4tzte Lesezeit\" \/>\n\t<meta name=\"twitter:data1\" content=\"2\u00a0Minuten\" \/>\n<script type=\"application\/ld+json\" class=\"yoast-schema-graph\">{\"@context\":\"https:\/\/schema.org\",\"@graph\":[{\"@type\":\"WebSite\",\"@id\":\"https:\/\/b2b.hempmont.pl\/#website\",\"url\":\"https:\/\/b2b.hempmont.pl\/\",\"name\":\"Hempmont\",\"description\":\"\",\"potentialAction\":[{\"@type\":\"SearchAction\",\"target\":{\"@type\":\"EntryPoint\",\"urlTemplate\":\"https:\/\/b2b.hempmont.pl\/?s={search_term_string}\"},\"query-input\":\"required name=search_term_string\"}],\"inLanguage\":\"de\"},{\"@type\":\"WebPage\",\"@id\":\"https:\/\/b2b.hempmont.pl\/hurt-cbd\/#webpage\",\"url\":\"https:\/\/b2b.hempmont.pl\/hurt-cbd\/\",\"name\":\"Sprzeda\u017c hurtowa - Hempmont\",\"isPartOf\":{\"@id\":\"https:\/\/b2b.hempmont.pl\/#website\"},\"datePublished\":\"2021-10-31T03:32:52+00:00\",\"dateModified\":\"2023-07-26T11:54:04+00:00\",\"breadcrumb\":{\"@id\":\"https:\/\/b2b.hempmont.pl\/hurt-cbd\/#breadcrumb\"},\"inLanguage\":\"de\",\"potentialAction\":[{\"@type\":\"ReadAction\",\"target\":[\"https:\/\/b2b.hempmont.pl\/hurt-cbd\/\"]}]},{\"@type\":\"BreadcrumbList\",\"@id\":\"https:\/\/b2b.hempmont.pl\/hurt-cbd\/#breadcrumb\",\"itemListElement\":[{\"@type\":\"ListItem\",\"position\":1,\"name\":\"Strona g\u0142\u00f3wna\",\"item\":\"https:\/\/b2b.hempmont.pl\/\"},{\"@type\":\"ListItem\",\"position\":2,\"name\":\"Sprzeda\u017c hurtowa\"}]}]}<\/script>\n<!-- \/ Yoast SEO plugin. -->","yoast_head_json":{"title":"Sprzeda\u017c hurtowa - Hempmont","robots":{"index":"index","follow":"follow","max-snippet":"max-snippet:-1","max-image-preview":"max-image-preview:large","max-video-preview":"max-video-preview:-1"},"canonical":"https:\/\/b2b.hempmont.pl\/de\/groshandel-cbd\/","og_locale":"de_DE","og_type":"article","og_title":"Sprzeda\u017c hurtowa - Hempmont","og_description":"Business 2 Business Hurt CBD Interesuje Ci\u0119 biznes CBD? My\u015bla\u0142e\u015b nad tym jak otworzy\u0107 sklep konopny? a mo\u017ce zwyczajnie chcesz poszerzy\u0107 asortyment w obecnie prowadzonym punkcie sprzeda\u017cy? Prowadzisz sklep zielarski, konopny, pub lub zak\u0142ad us\u0142ugowy\u00a0w kt\u00f3rym my\u015blisz, \u017ce nasze produkty doskonale by si\u0119 sprawdzi\u0142y? A mo\u017ce chcesz otrzyma\u0107 ofert\u0119 dla zakup\u00f3w\u00a0hurtowych lub ofert\u0119 produkcji\u00a0white label? [&hellip;]","og_url":"https:\/\/b2b.hempmont.pl\/de\/groshandel-cbd\/","og_site_name":"Hempmont","article_modified_time":"2023-07-26T11:54:04+00:00","twitter_card":"summary_large_image","twitter_misc":{"Gesch\u00e4tzte Lesezeit":"2\u00a0Minuten"},"schema":{"@context":"https:\/\/schema.org","@graph":[{"@type":"WebSite","@id":"https:\/\/b2b.hempmont.pl\/#website","url":"https:\/\/b2b.hempmont.pl\/","name":"Hempmont","description":"","potentialAction":[{"@type":"SearchAction","target":{"@type":"EntryPoint","urlTemplate":"https:\/\/b2b.hempmont.pl\/?s={search_term_string}"},"query-input":"required name=search_term_string"}],"inLanguage":"de"},{"@type":"WebPage","@id":"https:\/\/b2b.hempmont.pl\/hurt-cbd\/#webpage","url":"https:\/\/b2b.hempmont.pl\/hurt-cbd\/","name":"Sprzeda\u017c hurtowa - Hempmont","isPartOf":{"@id":"https:\/\/b2b.hempmont.pl\/#website"},"datePublished":"2021-10-31T03:32:52+00:00","dateModified":"2023-07-26T11:54:04+00:00","breadcrumb":{"@id":"https:\/\/b2b.hempmont.pl\/hurt-cbd\/#breadcrumb"},"inLanguage":"de","potentialAction":[{"@type":"ReadAction","target":["https:\/\/b2b.hempmont.pl\/hurt-cbd\/"]}]},{"@type":"BreadcrumbList","@id":"https:\/\/b2b.hempmont.pl\/hurt-cbd\/#breadcrumb","itemListElement":[{"@type":"ListItem","position":1,"name":"Strona g\u0142\u00f3wna","item":"https:\/\/b2b.hempmont.pl\/"},{"@type":"ListItem","position":2,"name":"Sprzeda\u017c hurtowa"}]}]}},"_links":{"self":[{"href":"https:\/\/b2b.hempmont.pl\/de\/wp-json\/wp\/v2\/pages\/24565"}],"collection":[{"href":"https:\/\/b2b.hempmont.pl\/de\/wp-json\/wp\/v2\/pages"}],"about":[{"href":"https:\/\/b2b.hempmont.pl\/de\/wp-json\/wp\/v2\/types\/page"}],"author":[{"embeddable":true,"href":"https:\/\/b2b.hempmont.pl\/de\/wp-json\/wp\/v2\/users\/1"}],"replies":[{"embeddable":true,"href":"https:\/\/b2b.hempmont.pl\/de\/wp-json\/wp\/v2\/comments?post=24565"}],"version-history":[{"count":0,"href":"https:\/\/b2b.hempmont.pl\/de\/wp-json\/wp\/v2\/pages\/24565\/revisions"}],"wp:attachment":[{"href":"https:\/\/b2b.hempmont.pl\/de\/wp-json\/wp\/v2\/media?parent=24565"}],"curies":[{"name":"wp","href":"https:\/\/api.w.org\/{rel}","templated":true}]}}