{"id":2093,"date":"2021-01-30T20:55:43","date_gmt":"2021-01-30T19:55:43","guid":{"rendered":"http:\/\/beta.hempmont.pl\/sklep-cbd\/bez-kategorii\/olejek-cbd-5-600mg-hempmont-apeks-12-ml\/"},"modified":"2025-06-03T04:12:54","modified_gmt":"2025-06-03T02:12:54","slug":"olejek-cbd-5-600mg-hempmont-apeks-12-ml","status":"publish","type":"product","link":"https:\/\/b2b.hempmont.pl\/de\/produkt\/cbd-ol-5-600mg-hempmont-apeks-12-ml\/","title":{"rendered":"Olej konopny 5% 600 mg, Hempmont Apeks\u00ae &#8211; 12 ml"},"content":{"rendered":"<div class=\"et_pb_tab_content\">\n<div class=\"et_pb_tab_content\">\n<h4 style=\"text-align: justify;\">CBD-\u00d6l 5% Hanfmont Apeks<\/h4>\n<p style=\"text-align: justify;\">CBD-\u00d6l der Marke Hempmont Apeks 5%, mit mindestens 600 mg Cannabidiol (CBD) und anderen nat\u00fcrlich im Hanf vorkommenden Substanzen. Die nat\u00fcrlichen Hanfextrakte von Hempmont sind eine F\u00fclle von mindestens f\u00fcnfhundert im Hanf vorkommenden Stoffen mit einer breiten Palette von Verwendungsm\u00f6glichkeiten.<\/p>\n<h4 style=\"text-align: justify;\">Wichtigste Produktmerkmale:<\/h4>\n<ul style=\"text-align: justify;\">\n<li>hilft, den Schlaf zu regulieren<\/li>\n<li>enth\u00e4lt das gesamte Spektrum der Hanfverbindungen<\/li>\n<li>ist nicht psychoaktiv<\/li>\n<li>ist v\u00f6llig legal<\/li>\n<li>gepr\u00fcft von <strong>akkreditiert<\/strong> Laboratorien<\/li>\n<li>Lieferung am n\u00e4chsten Tag<\/li>\n<li>eine Flasche reicht f\u00fcr 60 Tage<\/li>\n<\/ul>\n<h4 style=\"text-align: justify;\">Eigenschaften von CBD<\/h4>\n<p style=\"text-align: justify;\">Cannabidiol ist einer der wichtigsten Wirkstoffe, die in medizinischem Marihuana und Hanf enthalten sind. Es hat ein sehr breites Wirkungsspektrum. Von den mehr als 500 Wirkstoffen, die in Hanf vorkommen, hat CBD die meisten gesundheitsf\u00f6rdernden Eigenschaften. <a href=\"https:\/\/b2b.hempmont.pl\/de\/produktkategorien\/olejki-cbd\/\">CBD-\u00d6le<\/a> Hanf ist nicht berauschend, da CBD keine psychoaktive Substanz ist.<br \/>\nDas Produkt kann als Allrounder verwendet werden, ohne dass man sich Gedanken \u00fcber die Wahrnehmung oder das ver\u00e4nderte Bewusstsein machen muss. Im Gegensatz zu THC hat Cannabidiol (CBD) keine Nebenwirkungen und macht nicht s\u00fcchtig. Es ist wissenschaftlich erwiesen, dass dieses Cannabinoid eine Vielzahl von positiven Eigenschaften hat, die sowohl im Heilungsprozess als auch beim Sport oder bei der Arbeit hilfreich sind.<\/p>\n<p style=\"text-align: justify;\"><strong>Neben Cannabidiol (CBD) enth\u00e4lt das \u00d6l auch andere Cannabinoide, z. B.<\/strong>CBDA, CBDV, CBN, CBC, THC, THCA, CBG, CBGA sowie Flavonoide und Terpene.<strong><br \/>\n<\/strong><\/p>\n<p style=\"text-align: justify;\"><strong>Terpene, die in dem CBD-\u00d6l von Hempmont nat\u00fcrlich vorkommen:<\/strong>\u00a0Limonen, Linalool, Myrcen, Alpha- und Beta-Pinen, Beta-Caryophyllen, Cariophyllenoxid, Humulen, Nerolidol, Phytol und viele andere.<\/p>\n<p style=\"text-align: justify;\"><strong>Weitere nat\u00fcrlich vorkommende Stoffe sind:<\/strong> Spurenelemente - Phosphor, Kalium, Magnesium, Calcium, Eisen, Natrium, Mangan, Vitamine - Vitamin E, Thiamin (B1), Riboflavin (B2), Vitamin K, sowie Chlorophyll, Alkane Stickstoffhaltige Verbindungen, Aminos\u00e4uren, Zucker, Aldehyde, Alkohole, Ketone, Flavonoide, Glykoside, Farbstoffe, Wasser und organisches Hanfsamen\u00f6l, das reich an mehrfach unges\u00e4ttigten Fetts\u00e4uren (Omega) ist.<\/p>\n<p style=\"text-align: justify;\">Das CBD-\u00d6l von Hempmont wird aus Hanfsamen hergestellt, die ohne Pestizide, Herbizide oder GVO angebaut werden. Jedes unserer Produkte ist laborgepr\u00fcft, frei von Substanzen wie Schwermetallen und mikrobiologischen Verunreinigungen wie Bakterien und Pilzen. Das Produkt enth\u00e4lt kein synthetisches CBD.<\/p>\n<h4 style=\"text-align: justify;\">Spezifikation:<\/h4>\n<p style=\"text-align: justify;\"><strong>Fassungsverm\u00f6gen der Flasche:<\/strong>\u00a012 ml, ca. 240 Tropfen<br \/>\n<strong>Inhalt:<\/strong> min. 600 mg CBD<br \/>\n<strong>Verfallsdatum:<\/strong> 05.2024<br \/>\n<strong>Anzahl der Portionen:<\/strong> 60. 1 Dosis (4 Tropfen) enth\u00e4lt 10 mg CBD und andere im Hanf enthaltene Substanzen.<br \/>\n<strong>Zusammensetzung:<\/strong> faseriger Hanfextrakt, Bio-Hanfsamen\u00f6l<\/p>\n<\/div>\n<h4 style=\"text-align: justify;\">Gebrauchsanweisung<\/h4>\n<p style=\"text-align: justify;\">Die \u00d6le von Hempmont werden mit praktischen Tropfern f\u00fcr eine einfache Dosierung geliefert. Um das CBD-\u00d6l zu verwenden, m\u00fcssen Sie:<\/p>\n<ol style=\"text-align: justify;\">\n<li>Sch\u00fctteln Sie die Flasche vor Gebrauch;<\/li>\n<li>Dr\u00fccken Sie das Gummielement an der Mutter zusammen, damit das \u00d6l in den Schlauch gelangt;<\/li>\n<li>schrauben Sie die Pipettenkappe ab;<\/li>\n<li>Nehmen Sie die Pipette vorsichtig aus der Flasche;<\/li>\n<li>Tragen Sie das \u00d6l durch leichtes Zusammendr\u00fccken der Gummikappe auf, wie in der Dosierungsanleitung angegeben.<\/li>\n<\/ol>\n<p style=\"text-align: justify;\">Das Pr\u00e4parat ist nicht f\u00fcr Kinder unter 3 Jahren, schwangere Frauen und stillende M\u00fctter bestimmt. Nicht anwenden bei \u00dcberempfindlichkeit gegen einen der Bestandteile des Pr\u00e4parats. Vor Gebrauch sch\u00fctteln.<\/p>\n<\/div>","protected":false},"excerpt":{"rendered":"<div class=\"woocommerce-product-details__short-description\">\n<p>Das CBD-Hanf\u00f6l der Apeks\u00ae-Serie von Hempmont ist ein vollkommen nat\u00fcrliches und legales Produkt, das durch CO2-Extraktion aus dem besten heimischen Hanf gewonnen wird. Die \u00d6le der Apeks-Serie werden mit einer der wenigen weltweit verf\u00fcgbaren CO2-Extraktionsanlagen dieser Klasse extrahiert, der Apeks Supercritical. <strong>Er zeichnet sich durch seine unglaubliche Reinheit und sein Aroma aus.<\/strong>\u00a0Dies ist <strong>Weltqualit\u00e4tsextrakt<\/strong> das nirgendwo sonst erh\u00e4ltlich ist, k\u00f6nnen Sie sicher sein, dass Sie ein \u00d6l verwenden, das <strong>die besten der Welt<\/strong>.<\/p>\n<p style=\"text-align: justify;\"><em>Das Produkt enth\u00e4lt das gesamte Spektrum an Cannabinoiden wie CBDA, CBDV, CBN, THC, THCA, CBC, CBG, CBGA, sowie Terpene und Flavonoide.<\/em><\/p>\n<p style=\"text-align: justify;\"><strong><br \/>\n<span style=\"color: #d46a6a;\">F\u00fcr wen?<\/span><\/strong> Anf\u00e4nger \/ Fortgeschrittene<strong><br \/>\nCBD-Anteil pro Portion:<\/strong>\u00a010 mg \/ 4 Tropfen<strong><br \/>\nAnzahl der Portionen pro Packung:<\/strong> 60<strong><br \/>\nCBD-Gehalt: <\/strong>5%, 600 mg<strong><br \/>\nForm: <\/strong>Auszug <strong>\/ <\/strong>Verl\u00e4ngertes Vollspektrum\u00f6l<\/p>\n<h6>Sie sind nicht sicher, wie Sie die richtige Dosis w\u00e4hlen?<\/h6>\n<p><a class=\"lte-btn btn-xl btn-second\" href=\"https:\/\/b2b.hempmont.pl\/de\/anwendungsleitfaden\/\">Zum Taschenrechner gehen<\/a><\/p>\n<\/div>","protected":false},"featured_media":29315,"comment_status":"open","ping_status":"closed","template":"","meta":[],"product_cat":[359,525],"product_tag":[],"yoast_head":"<!-- This site is optimized with the Yoast SEO plugin v18.4.1 - https:\/\/yoast.com\/wordpress\/plugins\/seo\/ -->\n<title>Olejek CBD 5% Apeks\u00ae - olej konopny 600 mg CBD - Hempmont.pl<\/title>\n<meta name=\"description\" content=\"Olejek Konopny CBD o st\u0119\u017ceniu 5% i zawarto\u015bci 600 mg CBD. Produkt przebadany i certyfikowany, zawieraj\u0105cy pe\u0142ne spektrum kannabinoid\u00f3w.\" \/>\n<meta name=\"robots\" content=\"index, follow, max-snippet:-1, max-image-preview:large, max-video-preview:-1\" \/>\n<link rel=\"canonical\" href=\"https:\/\/b2b.hempmont.pl\/de\/produkt\/cbd-ol-5-600mg-hempmont-apeks-12-ml\/\" \/>\n<meta property=\"og:locale\" content=\"de_DE\" \/>\n<meta property=\"og:type\" content=\"article\" \/>\n<meta property=\"og:title\" content=\"Olejek CBD 5% Apeks\u00ae - olej konopny 600 mg CBD - Hempmont.pl\" \/>\n<meta property=\"og:description\" content=\"Olejek Konopny CBD o st\u0119\u017ceniu 5% i zawarto\u015bci 600 mg CBD. Produkt przebadany i certyfikowany, zawieraj\u0105cy pe\u0142ne spektrum kannabinoid\u00f3w.\" \/>\n<meta property=\"og:url\" content=\"https:\/\/b2b.hempmont.pl\/de\/produkt\/cbd-ol-5-600mg-hempmont-apeks-12-ml\/\" \/>\n<meta property=\"og:site_name\" content=\"Hempmont\" \/>\n<meta property=\"article:modified_time\" content=\"2025-06-03T02:12:54+00:00\" \/>\n<meta name=\"twitter:card\" content=\"summary_large_image\" \/>\n<meta name=\"twitter:image\" content=\"https:\/\/b2b.hempmont.pl\/wp-content\/uploads\/2021\/01\/apeks5-min.webp\" \/>\n<meta name=\"twitter:label1\" content=\"Gesch\u00e4tzte Lesezeit\" \/>\n\t<meta name=\"twitter:data1\" content=\"2\u00a0Minuten\" \/>\n<script type=\"application\/ld+json\" class=\"yoast-schema-graph\">{\"@context\":\"https:\/\/schema.org\",\"@graph\":[{\"@type\":\"WebSite\",\"@id\":\"https:\/\/b2b.hempmont.pl\/#website\",\"url\":\"https:\/\/b2b.hempmont.pl\/\",\"name\":\"Hempmont\",\"description\":\"\",\"potentialAction\":[{\"@type\":\"SearchAction\",\"target\":{\"@type\":\"EntryPoint\",\"urlTemplate\":\"https:\/\/b2b.hempmont.pl\/?s={search_term_string}\"},\"query-input\":\"required name=search_term_string\"}],\"inLanguage\":\"de\"},{\"@type\":\"ImageObject\",\"@id\":\"https:\/\/b2b.hempmont.pl\/produkt\/olejek-cbd-5-600mg-hempmont-apeks-12-ml\/#primaryimage\",\"inLanguage\":\"de\",\"url\":\"https:\/\/b2b.hempmont.pl\/wp-content\/uploads\/2021\/01\/apeks5-min.webp\",\"contentUrl\":\"https:\/\/b2b.hempmont.pl\/wp-content\/uploads\/2021\/01\/apeks5-min.webp\",\"width\":1000,\"height\":1000,\"caption\":\"Olejek konopny CBD 5% 600mg, Hempmont Apeks\u00ae - 12 ml\"},{\"@type\":\"WebPage\",\"@id\":\"https:\/\/b2b.hempmont.pl\/produkt\/olejek-cbd-5-600mg-hempmont-apeks-12-ml\/#webpage\",\"url\":\"https:\/\/b2b.hempmont.pl\/produkt\/olejek-cbd-5-600mg-hempmont-apeks-12-ml\/\",\"name\":\"Olejek CBD 5% Apeks\u00ae - olej konopny 600 mg CBD - Hempmont.pl\",\"isPartOf\":{\"@id\":\"https:\/\/b2b.hempmont.pl\/#website\"},\"primaryImageOfPage\":{\"@id\":\"https:\/\/b2b.hempmont.pl\/produkt\/olejek-cbd-5-600mg-hempmont-apeks-12-ml\/#primaryimage\"},\"datePublished\":\"2021-01-30T19:55:43+00:00\",\"dateModified\":\"2025-06-03T02:12:54+00:00\",\"description\":\"Olejek Konopny CBD o st\u0119\u017ceniu 5% i zawarto\u015bci 600 mg CBD. Produkt przebadany i certyfikowany, zawieraj\u0105cy pe\u0142ne spektrum kannabinoid\u00f3w.\",\"breadcrumb\":{\"@id\":\"https:\/\/b2b.hempmont.pl\/produkt\/olejek-cbd-5-600mg-hempmont-apeks-12-ml\/#breadcrumb\"},\"inLanguage\":\"de\",\"potentialAction\":[{\"@type\":\"ReadAction\",\"target\":[\"https:\/\/b2b.hempmont.pl\/produkt\/olejek-cbd-5-600mg-hempmont-apeks-12-ml\/\"]}]},{\"@type\":\"BreadcrumbList\",\"@id\":\"https:\/\/b2b.hempmont.pl\/produkt\/olejek-cbd-5-600mg-hempmont-apeks-12-ml\/#breadcrumb\",\"itemListElement\":[{\"@type\":\"ListItem\",\"position\":1,\"name\":\"Strona g\u0142\u00f3wna\",\"item\":\"https:\/\/b2b.hempmont.pl\/\"},{\"@type\":\"ListItem\",\"position\":2,\"name\":\"Sklep CBD\",\"item\":\"https:\/\/b2b.hempmont.pl\/sklep-cbd\/\"},{\"@type\":\"ListItem\",\"position\":3,\"name\":\"Olej konopny 5% 600 mg, Hempmont Apeks\u00ae &#8211; 12 ml\"}]}]}<\/script>\n<!-- \/ Yoast SEO plugin. -->","yoast_head_json":{"title":"Olejek CBD 5% Apeks\u00ae - olej konopny 600 mg CBD - Hempmont.pl","description":"Olejek Konopny CBD o st\u0119\u017ceniu 5% i zawarto\u015bci 600 mg CBD. Produkt przebadany i certyfikowany, zawieraj\u0105cy pe\u0142ne spektrum kannabinoid\u00f3w.","robots":{"index":"index","follow":"follow","max-snippet":"max-snippet:-1","max-image-preview":"max-image-preview:large","max-video-preview":"max-video-preview:-1"},"canonical":"https:\/\/b2b.hempmont.pl\/de\/produkt\/cbd-ol-5-600mg-hempmont-apeks-12-ml\/","og_locale":"de_DE","og_type":"article","og_title":"Olejek CBD 5% Apeks\u00ae - olej konopny 600 mg CBD - Hempmont.pl","og_description":"Olejek Konopny CBD o st\u0119\u017ceniu 5% i zawarto\u015bci 600 mg CBD. Produkt przebadany i certyfikowany, zawieraj\u0105cy pe\u0142ne spektrum kannabinoid\u00f3w.","og_url":"https:\/\/b2b.hempmont.pl\/de\/produkt\/cbd-ol-5-600mg-hempmont-apeks-12-ml\/","og_site_name":"Hempmont","article_modified_time":"2025-06-03T02:12:54+00:00","twitter_card":"summary_large_image","twitter_image":"https:\/\/b2b.hempmont.pl\/wp-content\/uploads\/2021\/01\/apeks5-min.webp","twitter_misc":{"Gesch\u00e4tzte Lesezeit":"2\u00a0Minuten"},"schema":{"@context":"https:\/\/schema.org","@graph":[{"@type":"WebSite","@id":"https:\/\/b2b.hempmont.pl\/#website","url":"https:\/\/b2b.hempmont.pl\/","name":"Hempmont","description":"","potentialAction":[{"@type":"SearchAction","target":{"@type":"EntryPoint","urlTemplate":"https:\/\/b2b.hempmont.pl\/?s={search_term_string}"},"query-input":"required name=search_term_string"}],"inLanguage":"de"},{"@type":"ImageObject","@id":"https:\/\/b2b.hempmont.pl\/produkt\/olejek-cbd-5-600mg-hempmont-apeks-12-ml\/#primaryimage","inLanguage":"de","url":"https:\/\/b2b.hempmont.pl\/wp-content\/uploads\/2021\/01\/apeks5-min.webp","contentUrl":"https:\/\/b2b.hempmont.pl\/wp-content\/uploads\/2021\/01\/apeks5-min.webp","width":1000,"height":1000,"caption":"Olejek konopny CBD 5% 600mg, Hempmont Apeks\u00ae - 12 ml"},{"@type":"WebPage","@id":"https:\/\/b2b.hempmont.pl\/produkt\/olejek-cbd-5-600mg-hempmont-apeks-12-ml\/#webpage","url":"https:\/\/b2b.hempmont.pl\/produkt\/olejek-cbd-5-600mg-hempmont-apeks-12-ml\/","name":"Olejek CBD 5% Apeks\u00ae - olej konopny 600 mg CBD - Hempmont.pl","isPartOf":{"@id":"https:\/\/b2b.hempmont.pl\/#website"},"primaryImageOfPage":{"@id":"https:\/\/b2b.hempmont.pl\/produkt\/olejek-cbd-5-600mg-hempmont-apeks-12-ml\/#primaryimage"},"datePublished":"2021-01-30T19:55:43+00:00","dateModified":"2025-06-03T02:12:54+00:00","description":"Olejek Konopny CBD o st\u0119\u017ceniu 5% i zawarto\u015bci 600 mg CBD. Produkt przebadany i certyfikowany, zawieraj\u0105cy pe\u0142ne spektrum kannabinoid\u00f3w.","breadcrumb":{"@id":"https:\/\/b2b.hempmont.pl\/produkt\/olejek-cbd-5-600mg-hempmont-apeks-12-ml\/#breadcrumb"},"inLanguage":"de","potentialAction":[{"@type":"ReadAction","target":["https:\/\/b2b.hempmont.pl\/produkt\/olejek-cbd-5-600mg-hempmont-apeks-12-ml\/"]}]},{"@type":"BreadcrumbList","@id":"https:\/\/b2b.hempmont.pl\/produkt\/olejek-cbd-5-600mg-hempmont-apeks-12-ml\/#breadcrumb","itemListElement":[{"@type":"ListItem","position":1,"name":"Strona g\u0142\u00f3wna","item":"https:\/\/b2b.hempmont.pl\/"},{"@type":"ListItem","position":2,"name":"Sklep CBD","item":"https:\/\/b2b.hempmont.pl\/sklep-cbd\/"},{"@type":"ListItem","position":3,"name":"Olej konopny 5% 600 mg, Hempmont Apeks\u00ae &#8211; 12 ml"}]}]}},"_links":{"self":[{"href":"https:\/\/b2b.hempmont.pl\/de\/wp-json\/wp\/v2\/product\/2093"}],"collection":[{"href":"https:\/\/b2b.hempmont.pl\/de\/wp-json\/wp\/v2\/product"}],"about":[{"href":"https:\/\/b2b.hempmont.pl\/de\/wp-json\/wp\/v2\/types\/product"}],"replies":[{"embeddable":true,"href":"https:\/\/b2b.hempmont.pl\/de\/wp-json\/wp\/v2\/comments?post=2093"}],"wp:featuredmedia":[{"embeddable":true,"href":"https:\/\/b2b.hempmont.pl\/de\/wp-json\/wp\/v2\/media\/29315"}],"wp:attachment":[{"href":"https:\/\/b2b.hempmont.pl\/de\/wp-json\/wp\/v2\/media?parent=2093"}],"wp:term":[{"taxonomy":"product_cat","embeddable":true,"href":"https:\/\/b2b.hempmont.pl\/de\/wp-json\/wp\/v2\/product_cat?post=2093"},{"taxonomy":"product_tag","embeddable":true,"href":"https:\/\/b2b.hempmont.pl\/de\/wp-json\/wp\/v2\/product_tag?post=2093"}],"curies":[{"name":"wp","href":"https:\/\/api.w.org\/{rel}","templated":true}]}}