{"id":24621,"date":"2021-11-01T01:15:47","date_gmt":"2021-11-01T00:15:47","guid":{"rendered":"https:\/\/b2b.hempmont.pl\/?post_type=product&#038;p=24621"},"modified":"2023-07-26T15:37:33","modified_gmt":"2023-07-26T13:37:33","slug":"wosk-konopny-masc-5-cbd-hempmont-cannawax-10-gram","status":"publish","type":"product","link":"https:\/\/b2b.hempmont.pl\/de\/produkt\/hanfwachs-5-cbd-kanawachs-10-gramm\/","title":{"rendered":"Olej konopny 5%, Hempmont CannaWax, 10 gram"},"content":{"rendered":"<div class=\"et_pb_tab_content\">\n<h4 style=\"text-align: justify;\">Hanfmont CannaWax<\/h4>\n<div class=\"page\" style=\"text-align: justify;\" title=\"Seite 4\">\n<div class=\"section\">\n<div class=\"layoutArea\">\n<div class=\"column\">\n<p>Eine 10-Gramm-Packung nat\u00fcrliches, konzentriertes Vollspektrum-Hanfwachs mit einem Minimum von 500 mg Cannabidiol pro Packung. Hempmont CannaWax 5% ist ein rein nat\u00fcrlicher Hanfextrakt in Wachsform, mit Vollspektrum-Cannabinoiden und 5% CBD-Gehalt. Mit dem Zusatz von Sheabutter und Bienenwachs.<\/p>\n<p>Salben auf der Basis dieses Rohstoffs werden zum Schutz und zur Pflege der Haut verwendet. Das Produkt spendet der Haut viel Feuchtigkeit und n\u00e4hrt sie. Aufgrund seiner regenerierenden Eigenschaften auf die Hautzellen und die Epidermis wird es f\u00fcr Menschen mit dermatologischen Problemen empfohlen. Das Produkt ist sehr ergiebig, so dass es je nach Anwendung mehrere Monate lang verwendet werden kann.<\/p>\n<p>Ein nat\u00fcrliches Produkt mit drei Bestandteilen, das eine einzigartige Kombination darstellt<\/p>\n<h4>Extrakt aus Hanfbl\u00fcten<\/h4>\n<p>Es ist eine Quelle von wertvollem CBD und CBDa-S\u00e4ure. Diese Verbindungen haben viele einzigartige Eigenschaften. Diese Cannabinoide stimulieren CB2-Rezeptoren, die sich unter anderem in einigen Teilen des Immunsystems und in den Zellen des faserigen Gewebes, aus dem die Haut haupts\u00e4chlich besteht, befinden. Es ist wichtig zu erw\u00e4hnen, dass die Stimulation dieser Rezeptoren ein echtes Mittel im Kampf gegen Hautprobleme ist. Eine Reihe von aufeinanderfolgenden Reaktionen f\u00fchrt indirekt zur Induktion des Apoptose-Todes von Krebszellen, was bei der Behandlung verschiedener Hautkrebsarten, einschlie\u00dflich Melanomen, hilfreich sein kann. Es gibt auch andere Nervenendigungen im beschriebenen Teil der Haut, die von Cannabinoiden beeinflusst werden - sie sind in der Lage, abnormale, pathologische Schmerzsignale zu eliminieren. CBD und CBDa regulieren perfekt die Vitalit\u00e4t der Haut und der Kapillaren. Die Anwendung von Cannabinoiden auf der Haut reduziert ihre Rauheit und verleiht ihr neue Ausstrahlung. Es sollte auch hinzugef\u00fcgt werden, dass es eine positive Wirkung auf die Erweiterung und das Platzen der Kapillaren hat - beugt Besenreisern vor und reduziert den ger\u00f6teten Hautton. CBD ist auch ein hervorragendes, starkes Antioxidans. Es beugt der Hautalterung vor und reduziert Falten.<\/p>\n<h4>Sheabutter<\/h4>\n<p>Ein Produkt, das sich bei menschlicher K\u00f6rpertemperatur verfl\u00fcssigt. Es schmiert unglaublich gut und verbessert die Festigkeit der Haut, w\u00e4hrend es gleichzeitig eine Schutzschicht auf empfindlicher oder krankhaft ver\u00e4nderter Haut (z.B. bei Geschw\u00fcren) bildet. Neben den au\u00dfergew\u00f6hnlichen Fetts\u00e4uren enth\u00e4lt Sheabutter eine F\u00fclle von Sterolen. Pflanzensterine verbinden sich mit Zuckern zu Glykosiden, das sind Stoffe mit sch\u00fctzenden Eigenschaften, die auch als Arzneimittel verwendet werden.<\/p>\n<h4>Bienenwachs<\/h4>\n<p>An sich hat es antivirale, entz\u00fcndungshemmende und antibakterielle Eigenschaften. Wie wir wissen, sind diese Eigenschaften f\u00fcr die Bek\u00e4mpfung von bakteriellen Infektionen auf verletzter Haut unerl\u00e4sslich. Bienenwachs bildet eine Schutzbarriere, die die Feuchtigkeit in der Haut h\u00e4lt, ohne die Poren zu verstopfen. Dar\u00fcber hinaus enth\u00e4lt Bienenwachs Vitamine, insbesondere Vitamin A. Wissenschaftliche Ver\u00f6ffentlichungen zeigen, dass Vitamin A vor Altersflecken und Falten sch\u00fctzt und gleichzeitig Feuchtigkeit spendet und gesch\u00e4digte Hautzellen regeneriert.<\/p>\n<p>&nbsp;<\/p>\n<p><strong>CBD\/Hanf-Salbe auf der Basis unseres Rohstoffes, wird haupts\u00e4chlich verwendet f\u00fcr:<\/strong><\/p>\n<ul>\n<li>Ekzem,<\/li>\n<li>atopische Dermatitis,<\/li>\n<li>Akne,<\/li>\n<li>Pocken,<\/li>\n<li>Hautausschl\u00e4ge und Allergien,<\/li>\n<li>Warzen, Warzen,<\/li>\n<li>gebrochene Kapillaren (vaskul\u00e4re Haut),<\/li>\n<li>Reduzierung von Falten,<\/li>\n<li>Hemmung des Alterungsprozesses der Hautzellen,<\/li>\n<li>Reduzierung von Narben nach Operationen,<\/li>\n<li>Wundheilung,<\/li>\n<li>alle Arten von Hautgeschw\u00fcren,<\/li>\n<li>Muskel- und Gelenkbeschwerden,<\/li>\n<li>entz\u00fcndliche Zust\u00e4nde von Muskeln und Gelenken,<\/li>\n<li>lockert die Muskelspannung,<\/li>\n<li>Heilung der Haut nach dem T\u00e4towieren,<\/li>\n<li>Hyperhidrosis.<\/li>\n<\/ul>\n<\/div>\n<\/div>\n<\/div>\n<\/div>\n<h4 style=\"text-align: justify;\">Wichtigste Produktmerkmale:<\/h4>\n<ul class=\"lte-list\" style=\"text-align: justify;\">\n<li>gepr\u00fcft von <strong>akkreditiert<\/strong> Laboratorien<\/li>\n<li>extra konzentriertes CBD-Wachs 5%<\/li>\n<li>v\u00f6llig nat\u00fcrlich, ohne k\u00fcnstliche Zusatzstoffe<\/li>\n<li>ohne den Einsatz von chemischen L\u00f6sungsmitteln extrahiert<\/li>\n<li>ideal zur Verwendung als Zusatzstoff oder als eigenst\u00e4ndiges Produkt<\/li>\n<li>kann als Zusatzstoff in Kosmetika verwendet werden<\/li>\n<li>CBD 500 mg<\/li>\n<\/ul>\n<p style=\"text-align: justify;\">Die nat\u00fcrlichen Hanfextrakte von Hempmont sind eine F\u00fclle von mindestens mehreren hundert Substanzen, die in Hanf vorkommen, mit einer breiten Palette von Anwendungen.<\/p>\n<h4 style=\"text-align: justify;\">Eigenschaften von CBD<\/h4>\n<p style=\"text-align: justify;\">Cannabidiol ist einer der wichtigsten Wirkstoffe, die in medizinischem Marihuana und Hanf enthalten sind. Es hat ein sehr breites Wirkungsspektrum. Von den mehr als 500 Wirkstoffen, die in Hanf vorkommen, hat CBD die meisten gesundheitsf\u00f6rdernden Eigenschaften.<br \/>\nDas Produkt kann als Allrounder verwendet werden, ohne dass man sich Gedanken \u00fcber die Wahrnehmung oder das ver\u00e4nderte Bewusstsein machen muss. Im Gegensatz zu THC hat Cannabidiol (CBD) keine Nebenwirkungen und macht nicht s\u00fcchtig. Es ist wissenschaftlich erwiesen, dass dieses Cannabinoid eine Vielzahl von positiven Eigenschaften hat, die sowohl im Heilungsprozess als auch beim Sport oder bei der Arbeit hilfreich sind.<\/p>\n<p style=\"text-align: justify;\">Der in diesem Produkt verwendete Hempmont CBD-Extrakt wird aus Hanfsamen hergestellt, die ohne Pestizide, Herbizide oder GVO angebaut werden. Jedes unserer Produkte ist laborgepr\u00fcft und frei von Schadstoffen wie Schwermetallen und mikrobiologischen Verunreinigungen wie Bakterien und Pilzen.<\/p>\n<p style=\"text-align: justify;\">Das Produkt enth\u00e4lt kein synthetisches CBD.<\/p>\n<div class=\"page\" title=\"Seite 5\">\n<div class=\"section\">\n<div class=\"layoutArea\">\n<div class=\"column\">\n<h4>Zusammensetzung:<\/h4>\n<p>Nat\u00fcrlicher Hanfextrakt mit 5% CBD, Sheabutter, Bienenwachs.<\/p>\n<\/div>\n<\/div>\n<\/div>\n<\/div>\n<h4 style=\"text-align: justify;\">Spezifikation:<\/h4>\n<p style=\"text-align: justify;\"><strong>Fassungsverm\u00f6gen der Verpackung:<\/strong>\u00a010 Gramm<br \/>\n<strong>Inhalt:<\/strong> min. 990 mg CBD<br \/>\n<strong>Verfallsdatum:<\/strong> mindestens 12 Monate<\/p>\n<\/div>\n<h4 style=\"text-align: justify;\">Anwendung:<\/h4>\n<div class=\"page\" title=\"Seite 5\">\n<div class=\"section\">\n<div class=\"layoutArea\">\n<div class=\"column\">\n<p>Der Rohstoff kann als nat\u00fcrlicher Zusatz zu den verwendeten Kosmetika oder als eigenst\u00e4ndiges Produkt verwendet werden.<\/p>\n<\/div>\n<\/div>\n<\/div>\n<\/div>\n<p style=\"text-align: justify;\">Das Pr\u00e4parat ist nicht f\u00fcr Kinder unter 1 Jahr geeignet. Nicht anwenden bei \u00dcberempfindlichkeit gegen einen der Bestandteile des Pr\u00e4parats.<\/p>","protected":false},"excerpt":{"rendered":"<p style=\"text-align: justify;\">Hempmont CannaWax 5% Hanfwachs, ist 100% nat\u00fcrlicher Hanfextrakt in Wachsform, mit Vollspektrum-Cannabinoiden und 5% CBD Gehalt. Mit dem Zusatz von Sheabutter und Bienenwachs. Gewonnen durch CO2-Extraktion, aus Hanf h\u00f6chster Qualit\u00e4t. Zertifiziertes Produkt.<\/p>\n<p style=\"text-align: justify;\">Das Produkt enth\u00e4lt ein vollst\u00e4ndiges Spektrum an Cannabinoiden, Flavonoiden und Terpenen, darunter CBDA, CBDV, CBN, CBC, CBG, CBGA<\/p>\n<p style=\"text-align: justify;\">Die CBD-Konzentration betr\u00e4gt 5%, die 10-Gramm-Packung enth\u00e4lt mindestens 500 mg CBD.<\/p>\n<p style=\"text-align: justify;\">Originales und zertifiziertes Produkt.<\/p>\n<p style=\"text-align: justify;\"><strong>F\u00fcr wen? <\/strong>F\u00fcr alle<strong><br \/>\n<\/strong><strong>CBD-Gehalt pro Packung: <\/strong>500 mg \/ 10 Gramm<strong><br \/>\n<\/strong><strong>Form: <\/strong>Wachs, Fett<\/p>","protected":false},"featured_media":29779,"comment_status":"open","ping_status":"closed","template":"","meta":[],"product_cat":[530],"product_tag":[],"yoast_head":"<!-- This site is optimized with the Yoast SEO plugin v18.4.1 - https:\/\/yoast.com\/wordpress\/plugins\/seo\/ -->\n<title>Olej konopny 5%, Hempmont CannaWax, 10 gram - Hempmont<\/title>\n<meta name=\"description\" content=\"Naturalny wosk konopny 5% CBD od Hempmont, zawiera ekstrakt CBD o pe\u0142nym spektrum zwi\u0105zk\u00f3w konopnych. Opakowanie 10 gram zawiera 500 mg CBD\" \/>\n<meta name=\"robots\" content=\"index, follow, max-snippet:-1, max-image-preview:large, max-video-preview:-1\" \/>\n<link rel=\"canonical\" href=\"https:\/\/b2b.hempmont.pl\/de\/produkt\/hanfwachs-5-cbd-kanawachs-10-gramm\/\" \/>\n<meta property=\"og:locale\" content=\"de_DE\" \/>\n<meta property=\"og:type\" content=\"article\" \/>\n<meta property=\"og:title\" content=\"Olej konopny 5%, Hempmont CannaWax, 10 gram - Hempmont\" \/>\n<meta property=\"og:description\" content=\"Naturalny wosk konopny 5% CBD od Hempmont, zawiera ekstrakt CBD o pe\u0142nym spektrum zwi\u0105zk\u00f3w konopnych. Opakowanie 10 gram zawiera 500 mg CBD\" \/>\n<meta property=\"og:url\" content=\"https:\/\/b2b.hempmont.pl\/de\/produkt\/hanfwachs-5-cbd-kanawachs-10-gramm\/\" \/>\n<meta property=\"og:site_name\" content=\"Hempmont\" \/>\n<meta property=\"article:modified_time\" content=\"2023-07-26T13:37:33+00:00\" \/>\n<meta name=\"twitter:card\" content=\"summary_large_image\" \/>\n<meta name=\"twitter:image\" content=\"https:\/\/b2b.hempmont.pl\/wp-content\/uploads\/2021\/04\/Hempmont-canna-wax-min.webp\" \/>\n<meta name=\"twitter:label1\" content=\"Gesch\u00e4tzte Lesezeit\" \/>\n\t<meta name=\"twitter:data1\" content=\"4\u00a0Minuten\" \/>\n<script type=\"application\/ld+json\" class=\"yoast-schema-graph\">{\"@context\":\"https:\/\/schema.org\",\"@graph\":[{\"@type\":\"WebSite\",\"@id\":\"https:\/\/b2b.hempmont.pl\/#website\",\"url\":\"https:\/\/b2b.hempmont.pl\/\",\"name\":\"Hempmont\",\"description\":\"\",\"potentialAction\":[{\"@type\":\"SearchAction\",\"target\":{\"@type\":\"EntryPoint\",\"urlTemplate\":\"https:\/\/b2b.hempmont.pl\/?s={search_term_string}\"},\"query-input\":\"required name=search_term_string\"}],\"inLanguage\":\"de\"},{\"@type\":\"ImageObject\",\"@id\":\"https:\/\/b2b.hempmont.pl\/produkt\/wosk-konopny-masc-5-cbd-hempmont-cannawax-10-gram\/#primaryimage\",\"inLanguage\":\"de\",\"url\":\"https:\/\/b2b.hempmont.pl\/wp-content\/uploads\/2021\/04\/Hempmont-canna-wax-min.webp\",\"contentUrl\":\"https:\/\/b2b.hempmont.pl\/wp-content\/uploads\/2021\/04\/Hempmont-canna-wax-min.webp\",\"width\":1500,\"height\":1500,\"caption\":\"CannaWax Hempmont 5% CBD\"},{\"@type\":\"WebPage\",\"@id\":\"https:\/\/b2b.hempmont.pl\/produkt\/wosk-konopny-masc-5-cbd-hempmont-cannawax-10-gram\/#webpage\",\"url\":\"https:\/\/b2b.hempmont.pl\/produkt\/wosk-konopny-masc-5-cbd-hempmont-cannawax-10-gram\/\",\"name\":\"Olej konopny 5%, Hempmont CannaWax, 10 gram - Hempmont\",\"isPartOf\":{\"@id\":\"https:\/\/b2b.hempmont.pl\/#website\"},\"primaryImageOfPage\":{\"@id\":\"https:\/\/b2b.hempmont.pl\/produkt\/wosk-konopny-masc-5-cbd-hempmont-cannawax-10-gram\/#primaryimage\"},\"datePublished\":\"2021-11-01T00:15:47+00:00\",\"dateModified\":\"2023-07-26T13:37:33+00:00\",\"description\":\"Naturalny wosk konopny 5% CBD od Hempmont, zawiera ekstrakt CBD o pe\u0142nym spektrum zwi\u0105zk\u00f3w konopnych. Opakowanie 10 gram zawiera 500 mg CBD\",\"breadcrumb\":{\"@id\":\"https:\/\/b2b.hempmont.pl\/produkt\/wosk-konopny-masc-5-cbd-hempmont-cannawax-10-gram\/#breadcrumb\"},\"inLanguage\":\"de\",\"potentialAction\":[{\"@type\":\"ReadAction\",\"target\":[\"https:\/\/b2b.hempmont.pl\/produkt\/wosk-konopny-masc-5-cbd-hempmont-cannawax-10-gram\/\"]}]},{\"@type\":\"BreadcrumbList\",\"@id\":\"https:\/\/b2b.hempmont.pl\/produkt\/wosk-konopny-masc-5-cbd-hempmont-cannawax-10-gram\/#breadcrumb\",\"itemListElement\":[{\"@type\":\"ListItem\",\"position\":1,\"name\":\"Strona g\u0142\u00f3wna\",\"item\":\"https:\/\/b2b.hempmont.pl\/\"},{\"@type\":\"ListItem\",\"position\":2,\"name\":\"Sklep CBD\",\"item\":\"https:\/\/b2b.hempmont.pl\/sklep-cbd\/\"},{\"@type\":\"ListItem\",\"position\":3,\"name\":\"Olej konopny 5%, Hempmont CannaWax, 10 gram\"}]}]}<\/script>\n<!-- \/ Yoast SEO plugin. -->","yoast_head_json":{"title":"Olej konopny 5%, Hempmont CannaWax, 10 gram - Hempmont","description":"Naturalny wosk konopny 5% CBD od Hempmont, zawiera ekstrakt CBD o pe\u0142nym spektrum zwi\u0105zk\u00f3w konopnych. Opakowanie 10 gram zawiera 500 mg CBD","robots":{"index":"index","follow":"follow","max-snippet":"max-snippet:-1","max-image-preview":"max-image-preview:large","max-video-preview":"max-video-preview:-1"},"canonical":"https:\/\/b2b.hempmont.pl\/de\/produkt\/hanfwachs-5-cbd-kanawachs-10-gramm\/","og_locale":"de_DE","og_type":"article","og_title":"Olej konopny 5%, Hempmont CannaWax, 10 gram - Hempmont","og_description":"Naturalny wosk konopny 5% CBD od Hempmont, zawiera ekstrakt CBD o pe\u0142nym spektrum zwi\u0105zk\u00f3w konopnych. Opakowanie 10 gram zawiera 500 mg CBD","og_url":"https:\/\/b2b.hempmont.pl\/de\/produkt\/hanfwachs-5-cbd-kanawachs-10-gramm\/","og_site_name":"Hempmont","article_modified_time":"2023-07-26T13:37:33+00:00","twitter_card":"summary_large_image","twitter_image":"https:\/\/b2b.hempmont.pl\/wp-content\/uploads\/2021\/04\/Hempmont-canna-wax-min.webp","twitter_misc":{"Gesch\u00e4tzte Lesezeit":"4\u00a0Minuten"},"schema":{"@context":"https:\/\/schema.org","@graph":[{"@type":"WebSite","@id":"https:\/\/b2b.hempmont.pl\/#website","url":"https:\/\/b2b.hempmont.pl\/","name":"Hempmont","description":"","potentialAction":[{"@type":"SearchAction","target":{"@type":"EntryPoint","urlTemplate":"https:\/\/b2b.hempmont.pl\/?s={search_term_string}"},"query-input":"required name=search_term_string"}],"inLanguage":"de"},{"@type":"ImageObject","@id":"https:\/\/b2b.hempmont.pl\/produkt\/wosk-konopny-masc-5-cbd-hempmont-cannawax-10-gram\/#primaryimage","inLanguage":"de","url":"https:\/\/b2b.hempmont.pl\/wp-content\/uploads\/2021\/04\/Hempmont-canna-wax-min.webp","contentUrl":"https:\/\/b2b.hempmont.pl\/wp-content\/uploads\/2021\/04\/Hempmont-canna-wax-min.webp","width":1500,"height":1500,"caption":"CannaWax Hempmont 5% CBD"},{"@type":"WebPage","@id":"https:\/\/b2b.hempmont.pl\/produkt\/wosk-konopny-masc-5-cbd-hempmont-cannawax-10-gram\/#webpage","url":"https:\/\/b2b.hempmont.pl\/produkt\/wosk-konopny-masc-5-cbd-hempmont-cannawax-10-gram\/","name":"Olej konopny 5%, Hempmont CannaWax, 10 gram - Hempmont","isPartOf":{"@id":"https:\/\/b2b.hempmont.pl\/#website"},"primaryImageOfPage":{"@id":"https:\/\/b2b.hempmont.pl\/produkt\/wosk-konopny-masc-5-cbd-hempmont-cannawax-10-gram\/#primaryimage"},"datePublished":"2021-11-01T00:15:47+00:00","dateModified":"2023-07-26T13:37:33+00:00","description":"Naturalny wosk konopny 5% CBD od Hempmont, zawiera ekstrakt CBD o pe\u0142nym spektrum zwi\u0105zk\u00f3w konopnych. Opakowanie 10 gram zawiera 500 mg CBD","breadcrumb":{"@id":"https:\/\/b2b.hempmont.pl\/produkt\/wosk-konopny-masc-5-cbd-hempmont-cannawax-10-gram\/#breadcrumb"},"inLanguage":"de","potentialAction":[{"@type":"ReadAction","target":["https:\/\/b2b.hempmont.pl\/produkt\/wosk-konopny-masc-5-cbd-hempmont-cannawax-10-gram\/"]}]},{"@type":"BreadcrumbList","@id":"https:\/\/b2b.hempmont.pl\/produkt\/wosk-konopny-masc-5-cbd-hempmont-cannawax-10-gram\/#breadcrumb","itemListElement":[{"@type":"ListItem","position":1,"name":"Strona g\u0142\u00f3wna","item":"https:\/\/b2b.hempmont.pl\/"},{"@type":"ListItem","position":2,"name":"Sklep CBD","item":"https:\/\/b2b.hempmont.pl\/sklep-cbd\/"},{"@type":"ListItem","position":3,"name":"Olej konopny 5%, Hempmont CannaWax, 10 gram"}]}]}},"_links":{"self":[{"href":"https:\/\/b2b.hempmont.pl\/de\/wp-json\/wp\/v2\/product\/24621"}],"collection":[{"href":"https:\/\/b2b.hempmont.pl\/de\/wp-json\/wp\/v2\/product"}],"about":[{"href":"https:\/\/b2b.hempmont.pl\/de\/wp-json\/wp\/v2\/types\/product"}],"replies":[{"embeddable":true,"href":"https:\/\/b2b.hempmont.pl\/de\/wp-json\/wp\/v2\/comments?post=24621"}],"wp:featuredmedia":[{"embeddable":true,"href":"https:\/\/b2b.hempmont.pl\/de\/wp-json\/wp\/v2\/media\/29779"}],"wp:attachment":[{"href":"https:\/\/b2b.hempmont.pl\/de\/wp-json\/wp\/v2\/media?parent=24621"}],"wp:term":[{"taxonomy":"product_cat","embeddable":true,"href":"https:\/\/b2b.hempmont.pl\/de\/wp-json\/wp\/v2\/product_cat?post=24621"},{"taxonomy":"product_tag","embeddable":true,"href":"https:\/\/b2b.hempmont.pl\/de\/wp-json\/wp\/v2\/product_tag?post=24621"}],"curies":[{"name":"wp","href":"https:\/\/api.w.org\/{rel}","templated":true}]}}