{"id":24624,"date":"2021-11-01T02:11:02","date_gmt":"2021-11-01T01:11:02","guid":{"rendered":"https:\/\/b2b.hempmont.pl\/?post_type=product&#038;p=24624"},"modified":"2023-02-09T18:11:37","modified_gmt":"2023-02-09T17:11:37","slug":"probka-olejek-konopny-cbd-20-hempmont-raw-2-ml","status":"publish","type":"product","link":"https:\/\/b2b.hempmont.pl\/de\/produkt\/probe-hanfol-cbd-20-raw-2-ml\/","title":{"rendered":"Probe - CBD Hanf\u00f6l 20%, Hempmont RAW, 2 ml"},"content":{"rendered":"<div class=\"et_pb_tab_content\">\n<h4>CBD-\u00d6l 20% Hempmont<\/h4>\n<p>Eine Probe des CBD-\u00d6ls der Marke Hempmont RAW 20% mit 2400 mg Cannabidiol (CBD) und anderen nat\u00fcrlich im Hanf vorkommenden Substanzen.<\/p>\n<h4>Wichtigste Produktmerkmale:<\/h4>\n<ul>\n<li><strong>v\u00f6llig roh, ungefiltert<\/strong><\/li>\n<li>hilft, den Schlaf zu regulieren<\/li>\n<li>enth\u00e4lt das gesamte Spektrum der Hanfverbindungen<\/li>\n<li>ist nicht psychoaktiv<\/li>\n<li>ist v\u00f6llig legal<\/li>\n<li>gepr\u00fcft von <strong>akkreditiert<\/strong> Laboratorien<\/li>\n<li>Lieferung am n\u00e4chsten Tag<\/li>\n<\/ul>\n<p>Die nat\u00fcrlichen Hanfextrakte von Hempmont sind eine F\u00fclle von mindestens f\u00fcnfhundert im Hanf vorkommenden Stoffen mit einer breiten Palette von Verwendungsm\u00f6glichkeiten.<\/p>\n<h4>Eigenschaften von CBD<\/h4>\n<p>Cannabidiol ist einer der wichtigsten Wirkstoffe, die in medizinischem Marihuana und Hanf enthalten sind. Es hat ein sehr breites Wirkungsspektrum. Von den mehr als 500 Wirkstoffen, die in Hanf vorkommen, hat CBD die meisten gesundheitsf\u00f6rdernden Eigenschaften. <a href=\"https:\/\/b2b.hempmont.pl\/de\/produktkategorien\/olejki-cbd\/\">CBD-\u00d6le<\/a> Hanf ist nicht berauschend, da CBD keine psychoaktive Substanz ist.<br \/>\nDas Produkt kann als vielseitiges therapeutisches Mittel eingesetzt werden, ohne dass die Wahrnehmung oder das ver\u00e4nderte Bewusstsein beeintr\u00e4chtigt werden. Cannabidiol (CBD) hat, anders als THC, keine Nebenwirkungen und macht nicht s\u00fcchtig. Es ist wissenschaftlich erwiesen, dass dieses Cannabinoid eine breite Palette positiver Eigenschaften hat, die sowohl im Heilungsprozess als auch beim Sport oder bei der Arbeit hilfreich sind.<\/p>\n<p>Neben Cannabidiol (CBD) enth\u00e4lt das \u00d6l auch geringe Mengen anderer Cannabinoide, z. B. : <strong>CBDA, CBDV, CBN, CBC, THC, THCA, CBG, CBGA, <\/strong>und Flavonoide und <strong>Terpene.<br \/>\n<\/strong><\/p>\n<p><strong>Terpene, die in dem CBD-\u00d6l von Hempmont nat\u00fcrlich vorkommen:<\/strong>\u00a0Limonen, Linalool, Myrcen, Alpha- und Beta-Pinen, Beta-Caryophyllen, Cariophyllenoxid, Humulen, Nerolidol, Phytol und viele andere.<\/p>\n<p>Weitere nat\u00fcrlich vorkommende Stoffe sind: Spurenelemente - Phosphor, Kalium, Magnesium, Kalzium, Eisen, Natrium, Mangan, Vitamine - Vitamin E, Thiamin (B1), Riboflavin (B2), Vitamin K, sowie Chlorophyll, Alkane, Stickstoffverbindungen, Aminos\u00e4uren, Zucker, Aldehyde, Alkohole, Ketone, Flavonoide, Glykoside, Farbstoffe, Wasser und Bio-Hanfsamen\u00f6l, das reich an mehrfach unges\u00e4ttigten Fetts\u00e4uren (Omega) ist.<\/p>\n<p>Das CBD-\u00d6l von Hempmont wird aus Hanfsamen hergestellt, die ohne Pestizide, Herbizide oder GVO angebaut werden. Jedes unserer Produkte ist laborgepr\u00fcft und frei von Schadstoffen wie Schwermetallen und mikrobiologischen Verunreinigungen wie Bakterien und Pilzen.<\/p>\n<p>Das Produkt enth\u00e4lt kein synthetisches CBD.<\/p>\n<p>Zutaten: faseriger Hanfextrakt, Bio-Hanfsamen\u00f6l<\/p>\n<h4>Spezifikation:<\/h4>\n<p><strong>Fassungsverm\u00f6gen des Fl\u00e4schchens:<\/strong>\u00a02ml, ca. 40 Tropfen<br \/>\n<strong>Inhalt:<\/strong> min. 400mg CBD<br \/>\n<strong>Verfallsdatum:<\/strong> mindestens 12 Monate<\/p>\n<p>1 Tropfen enth\u00e4lt 10mg CBD, 1 ml enth\u00e4lt ca. 200mg CBD<\/p>\n<\/div>\n<h4>Gebrauchsanweisung<\/h4>\n<p>Die \u00d6le von Hempmont werden mit praktischen Tropfern f\u00fcr eine einfache Dosierung geliefert. Um das CBD-\u00d6l zu verwenden, m\u00fcssen Sie:<\/p>\n<ol>\n<li>Sch\u00fctteln Sie die Flasche vor Gebrauch;<\/li>\n<li>Dr\u00fccken Sie das Gummielement an der Mutter zusammen, damit das \u00d6l in den Schlauch gelangt;<\/li>\n<li>schrauben Sie die Pipettenkappe ab;<\/li>\n<li>Nehmen Sie die Pipette vorsichtig aus der Flasche;<\/li>\n<li>Tragen Sie das \u00d6l durch leichtes Zusammendr\u00fccken der Gummikappe auf, wie in der Dosierungsanleitung angegeben.<\/li>\n<\/ol>\n<h4>Verwendung von<\/h4>\n<p>1 Dosis (4 Tropfen) enth\u00e4lt 40 mg CBD (Cannabidiol) und alle anderen im Hanf enthaltenen Substanzen.<\/p>\n<p>Das Pr\u00e4parat ist nicht f\u00fcr Kinder unter 3 Jahren, schwangere Frauen und stillende M\u00fctter bestimmt. Nicht anwenden bei \u00dcberempfindlichkeit gegen einen der Bestandteile des Pr\u00e4parats. Vor Gebrauch sch\u00fctteln.<\/p>","protected":false},"excerpt":{"rendered":"<div class=\"woocommerce-product-details__short-description\">\n<div class=\"woocommerce-product-details__short-description\">\n<p>Eine Probe des Hanf-CBD-\u00d6ls aus der RAW-Reihe von Hempmont. Es handelt sich um einen v\u00f6llig rohen, nat\u00fcrlichen CBD-Extrakt, der in keiner Weise verarbeitet oder gefiltert wurde. Es wird mit Hilfe der CO2-Technologie ohne Verwendung von L\u00f6sungsmitteln oder anderen Chemikalien extrahiert. Sie enth\u00e4lt eine F\u00fclle von Chlorophyllen, Wachsen und Pflanzeninhaltsstoffen. Die CBD-\u00d6le von Hempmont sind auch eines der wenigen, die getestet werden.<\/p>\n<p><b>ANMERKUNG: ausgepr\u00e4gte, wahrnehmbare Bitterkeit.\u00a0<\/b><\/p>\n<p>Das Produkt enth\u00e4lt das gesamte Spektrum an Cannabinoiden wie CBDA, CBDV, CBN, THC, THCA, CBC, CBG, CBGA, sowie Terpene und Flavonoide.<\/p>\n<p>Die CBD-Konzentration im Fl\u00e4schchen betr\u00e4gt 20%, ein 2ml-Fl\u00e4schchen enth\u00e4lt mindestens 400mg CBD.<\/p>\n<p>Originales und zertifiziertes Produkt.<\/p>\n<p><strong>F\u00fcr wen? <\/strong>Anf\u00e4nger\/Mittelstufe<strong><br \/>\n<\/strong><strong>CBD-Anteil pro Portion: <\/strong>40mg \/ 4 Tropfen<strong><br \/>\nAnzahl der Portionen pro Packung: <\/strong>10<strong><br \/>\nCBD-Gehalt in der Probe: <\/strong>400mg<strong><br \/>\nForm: <\/strong>Rohextrakt <strong>\/ <\/strong>Vollspektrum-\u00d6l<strong><br \/>\n<\/strong><\/p>\n<\/div>\n<\/div>","protected":false},"featured_media":24626,"comment_status":"open","ping_status":"closed","template":"","meta":[],"product_cat":[524,542],"product_tag":[],"yoast_head":"<!-- This site is optimized with the Yoast SEO plugin v18.4.1 - https:\/\/yoast.com\/wordpress\/plugins\/seo\/ -->\n<title>Pr\u00f3bka olejku CBD Hempmont RAW 20% - Hempmont<\/title>\n<meta name=\"description\" content=\"Olejek Konopny CBD o st\u0119\u017ceniu 20% i zawarto\u015bci 2400mg CBD. Produkt przebadany i certyfikowany, zawieraj\u0105cy pe\u0142ne spektrum kannabinoid\u00f3w.\" \/>\n<meta name=\"robots\" content=\"index, follow, max-snippet:-1, max-image-preview:large, max-video-preview:-1\" \/>\n<link rel=\"canonical\" href=\"https:\/\/b2b.hempmont.pl\/de\/produkt\/probe-hanfol-cbd-20-raw-2-ml\/\" \/>\n<meta property=\"og:locale\" content=\"de_DE\" \/>\n<meta property=\"og:type\" content=\"article\" \/>\n<meta property=\"og:title\" content=\"Pr\u00f3bka olejku CBD Hempmont RAW 20% - Hempmont\" \/>\n<meta property=\"og:description\" content=\"Olejek Konopny CBD o st\u0119\u017ceniu 20% i zawarto\u015bci 2400mg CBD. Produkt przebadany i certyfikowany, zawieraj\u0105cy pe\u0142ne spektrum kannabinoid\u00f3w.\" \/>\n<meta property=\"og:url\" content=\"https:\/\/b2b.hempmont.pl\/de\/produkt\/probe-hanfol-cbd-20-raw-2-ml\/\" \/>\n<meta property=\"og:site_name\" content=\"Hempmont\" \/>\n<meta property=\"article:modified_time\" content=\"2023-02-09T17:11:37+00:00\" \/>\n<meta property=\"og:image\" content=\"https:\/\/b2b.hempmont.pl\/wp-content\/uploads\/2021\/11\/sample-raw-min-2.jpg\" \/>\n\t<meta property=\"og:image:width\" content=\"1000\" \/>\n\t<meta property=\"og:image:height\" content=\"1000\" \/>\n\t<meta property=\"og:image:type\" content=\"image\/jpeg\" \/>\n<meta name=\"twitter:card\" content=\"summary_large_image\" \/>\n<meta name=\"twitter:label1\" content=\"Gesch\u00e4tzte Lesezeit\" \/>\n\t<meta name=\"twitter:data1\" content=\"2\u00a0Minuten\" \/>\n<script type=\"application\/ld+json\" class=\"yoast-schema-graph\">{\"@context\":\"https:\/\/schema.org\",\"@graph\":[{\"@type\":\"WebSite\",\"@id\":\"https:\/\/b2b.hempmont.pl\/#website\",\"url\":\"https:\/\/b2b.hempmont.pl\/\",\"name\":\"Hempmont\",\"description\":\"\",\"potentialAction\":[{\"@type\":\"SearchAction\",\"target\":{\"@type\":\"EntryPoint\",\"urlTemplate\":\"https:\/\/b2b.hempmont.pl\/?s={search_term_string}\"},\"query-input\":\"required name=search_term_string\"}],\"inLanguage\":\"de\"},{\"@type\":\"ImageObject\",\"@id\":\"https:\/\/b2b.hempmont.pl\/produkt\/probka-olejek-konopny-cbd-20-hempmont-raw-2-ml\/#primaryimage\",\"inLanguage\":\"de\",\"url\":\"https:\/\/b2b.hempmont.pl\/wp-content\/uploads\/2021\/11\/sample-raw-min-2.jpg\",\"contentUrl\":\"https:\/\/b2b.hempmont.pl\/wp-content\/uploads\/2021\/11\/sample-raw-min-2.jpg\",\"width\":1000,\"height\":1000,\"caption\":\"Pr\u00f3bka Hempmont RAW 20%\"},{\"@type\":\"WebPage\",\"@id\":\"https:\/\/b2b.hempmont.pl\/produkt\/probka-olejek-konopny-cbd-20-hempmont-raw-2-ml\/#webpage\",\"url\":\"https:\/\/b2b.hempmont.pl\/produkt\/probka-olejek-konopny-cbd-20-hempmont-raw-2-ml\/\",\"name\":\"Pr\u00f3bka olejku CBD Hempmont RAW 20% - Hempmont\",\"isPartOf\":{\"@id\":\"https:\/\/b2b.hempmont.pl\/#website\"},\"primaryImageOfPage\":{\"@id\":\"https:\/\/b2b.hempmont.pl\/produkt\/probka-olejek-konopny-cbd-20-hempmont-raw-2-ml\/#primaryimage\"},\"datePublished\":\"2021-11-01T01:11:02+00:00\",\"dateModified\":\"2023-02-09T17:11:37+00:00\",\"description\":\"Olejek Konopny CBD o st\u0119\u017ceniu 20% i zawarto\u015bci 2400mg CBD. Produkt przebadany i certyfikowany, zawieraj\u0105cy pe\u0142ne spektrum kannabinoid\u00f3w.\",\"breadcrumb\":{\"@id\":\"https:\/\/b2b.hempmont.pl\/produkt\/probka-olejek-konopny-cbd-20-hempmont-raw-2-ml\/#breadcrumb\"},\"inLanguage\":\"de\",\"potentialAction\":[{\"@type\":\"ReadAction\",\"target\":[\"https:\/\/b2b.hempmont.pl\/produkt\/probka-olejek-konopny-cbd-20-hempmont-raw-2-ml\/\"]}]},{\"@type\":\"BreadcrumbList\",\"@id\":\"https:\/\/b2b.hempmont.pl\/produkt\/probka-olejek-konopny-cbd-20-hempmont-raw-2-ml\/#breadcrumb\",\"itemListElement\":[{\"@type\":\"ListItem\",\"position\":1,\"name\":\"Strona g\u0142\u00f3wna\",\"item\":\"https:\/\/b2b.hempmont.pl\/\"},{\"@type\":\"ListItem\",\"position\":2,\"name\":\"Sklep CBD\",\"item\":\"https:\/\/b2b.hempmont.pl\/sklep-cbd\/\"},{\"@type\":\"ListItem\",\"position\":3,\"name\":\"Pr\u00f3bka &#8211; olejek konopny CBD 20%, Hempmont RAW, 2 ml\"}]}]}<\/script>\n<!-- \/ Yoast SEO plugin. -->","yoast_head_json":{"title":"Pr\u00f3bka olejku CBD Hempmont RAW 20% - Hempmont","description":"Olejek Konopny CBD o st\u0119\u017ceniu 20% i zawarto\u015bci 2400mg CBD. Produkt przebadany i certyfikowany, zawieraj\u0105cy pe\u0142ne spektrum kannabinoid\u00f3w.","robots":{"index":"index","follow":"follow","max-snippet":"max-snippet:-1","max-image-preview":"max-image-preview:large","max-video-preview":"max-video-preview:-1"},"canonical":"https:\/\/b2b.hempmont.pl\/de\/produkt\/probe-hanfol-cbd-20-raw-2-ml\/","og_locale":"de_DE","og_type":"article","og_title":"Pr\u00f3bka olejku CBD Hempmont RAW 20% - Hempmont","og_description":"Olejek Konopny CBD o st\u0119\u017ceniu 20% i zawarto\u015bci 2400mg CBD. Produkt przebadany i certyfikowany, zawieraj\u0105cy pe\u0142ne spektrum kannabinoid\u00f3w.","og_url":"https:\/\/b2b.hempmont.pl\/de\/produkt\/probe-hanfol-cbd-20-raw-2-ml\/","og_site_name":"Hempmont","article_modified_time":"2023-02-09T17:11:37+00:00","og_image":[{"width":1000,"height":1000,"url":"https:\/\/b2b.hempmont.pl\/wp-content\/uploads\/2021\/11\/sample-raw-min-2.jpg","type":"image\/jpeg"}],"twitter_card":"summary_large_image","twitter_misc":{"Gesch\u00e4tzte Lesezeit":"2\u00a0Minuten"},"schema":{"@context":"https:\/\/schema.org","@graph":[{"@type":"WebSite","@id":"https:\/\/b2b.hempmont.pl\/#website","url":"https:\/\/b2b.hempmont.pl\/","name":"Hempmont","description":"","potentialAction":[{"@type":"SearchAction","target":{"@type":"EntryPoint","urlTemplate":"https:\/\/b2b.hempmont.pl\/?s={search_term_string}"},"query-input":"required name=search_term_string"}],"inLanguage":"de"},{"@type":"ImageObject","@id":"https:\/\/b2b.hempmont.pl\/produkt\/probka-olejek-konopny-cbd-20-hempmont-raw-2-ml\/#primaryimage","inLanguage":"de","url":"https:\/\/b2b.hempmont.pl\/wp-content\/uploads\/2021\/11\/sample-raw-min-2.jpg","contentUrl":"https:\/\/b2b.hempmont.pl\/wp-content\/uploads\/2021\/11\/sample-raw-min-2.jpg","width":1000,"height":1000,"caption":"Pr\u00f3bka Hempmont RAW 20%"},{"@type":"WebPage","@id":"https:\/\/b2b.hempmont.pl\/produkt\/probka-olejek-konopny-cbd-20-hempmont-raw-2-ml\/#webpage","url":"https:\/\/b2b.hempmont.pl\/produkt\/probka-olejek-konopny-cbd-20-hempmont-raw-2-ml\/","name":"Pr\u00f3bka olejku CBD Hempmont RAW 20% - Hempmont","isPartOf":{"@id":"https:\/\/b2b.hempmont.pl\/#website"},"primaryImageOfPage":{"@id":"https:\/\/b2b.hempmont.pl\/produkt\/probka-olejek-konopny-cbd-20-hempmont-raw-2-ml\/#primaryimage"},"datePublished":"2021-11-01T01:11:02+00:00","dateModified":"2023-02-09T17:11:37+00:00","description":"Olejek Konopny CBD o st\u0119\u017ceniu 20% i zawarto\u015bci 2400mg CBD. Produkt przebadany i certyfikowany, zawieraj\u0105cy pe\u0142ne spektrum kannabinoid\u00f3w.","breadcrumb":{"@id":"https:\/\/b2b.hempmont.pl\/produkt\/probka-olejek-konopny-cbd-20-hempmont-raw-2-ml\/#breadcrumb"},"inLanguage":"de","potentialAction":[{"@type":"ReadAction","target":["https:\/\/b2b.hempmont.pl\/produkt\/probka-olejek-konopny-cbd-20-hempmont-raw-2-ml\/"]}]},{"@type":"BreadcrumbList","@id":"https:\/\/b2b.hempmont.pl\/produkt\/probka-olejek-konopny-cbd-20-hempmont-raw-2-ml\/#breadcrumb","itemListElement":[{"@type":"ListItem","position":1,"name":"Strona g\u0142\u00f3wna","item":"https:\/\/b2b.hempmont.pl\/"},{"@type":"ListItem","position":2,"name":"Sklep CBD","item":"https:\/\/b2b.hempmont.pl\/sklep-cbd\/"},{"@type":"ListItem","position":3,"name":"Pr\u00f3bka &#8211; olejek konopny CBD 20%, Hempmont RAW, 2 ml"}]}]}},"_links":{"self":[{"href":"https:\/\/b2b.hempmont.pl\/de\/wp-json\/wp\/v2\/product\/24624"}],"collection":[{"href":"https:\/\/b2b.hempmont.pl\/de\/wp-json\/wp\/v2\/product"}],"about":[{"href":"https:\/\/b2b.hempmont.pl\/de\/wp-json\/wp\/v2\/types\/product"}],"replies":[{"embeddable":true,"href":"https:\/\/b2b.hempmont.pl\/de\/wp-json\/wp\/v2\/comments?post=24624"}],"wp:featuredmedia":[{"embeddable":true,"href":"https:\/\/b2b.hempmont.pl\/de\/wp-json\/wp\/v2\/media\/24626"}],"wp:attachment":[{"href":"https:\/\/b2b.hempmont.pl\/de\/wp-json\/wp\/v2\/media?parent=24624"}],"wp:term":[{"taxonomy":"product_cat","embeddable":true,"href":"https:\/\/b2b.hempmont.pl\/de\/wp-json\/wp\/v2\/product_cat?post=24624"},{"taxonomy":"product_tag","embeddable":true,"href":"https:\/\/b2b.hempmont.pl\/de\/wp-json\/wp\/v2\/product_tag?post=24624"}],"curies":[{"name":"wp","href":"https:\/\/api.w.org\/{rel}","templated":true}]}}