{"id":24644,"date":"2021-11-01T03:50:53","date_gmt":"2021-11-01T02:50:53","guid":{"rendered":"https:\/\/b2b.hempmont.pl\/?post_type=product&#038;p=24644"},"modified":"2024-07-07T22:09:39","modified_gmt":"2024-07-07T20:09:39","slug":"olejek-konopny-cbg-10-1000mg-hempmont-apeks-10-ml","status":"publish","type":"product","link":"https:\/\/b2b.hempmont.pl\/de\/produkt\/cbg-ol-1000mg-hempmont-apeks-10-ml\/","title":{"rendered":"Olej konopny CBG 10% 1000mg, Hempmont Apeks\u00ae &#8211; 10 ml"},"content":{"rendered":"<div class=\"et_pb_tab_content\">\n<h3>CBG-\u00d6l, Hempmont Apeks<\/h3>\n<p>CBG-\u00d6l 10% von Hempmont, mit mindestens 1000 mg CBG und CBD-Cannabinoiden (500 mg CBG + 500 mg CBD) und anderen nat\u00fcrlich im Hanf vorkommenden Substanzen.<\/p>\n<h3>Wichtigste Produktmerkmale:<\/h3>\n<ul>\n<li>hilft, den Schlaf zu regulieren<\/li>\n<li>enth\u00e4lt das gesamte Spektrum der Hanfverbindungen<\/li>\n<li>ist nicht psychoaktiv<\/li>\n<li>ist v\u00f6llig legal<\/li>\n<li>gepr\u00fcft von <strong>akkreditiert<\/strong> Laboratorien<\/li>\n<li>Lieferung am n\u00e4chsten Tag<\/li>\n<li>eine Flasche reicht f\u00fcr 50 Tage<\/li>\n<\/ul>\n<p>Die nat\u00fcrlichen Hanfextrakte von Hempmont sind eine F\u00fclle von mindestens f\u00fcnfhundert im Hanf vorkommenden Stoffen mit einer breiten Palette von therapeutischen Anwendungen.<\/p>\n<h3>Eigenschaften von CBG<\/h3>\n<p>CBG oder Cannabigerol ist viel weniger verbreitet als THC oder CBD und l\u00e4sst sich auch nicht so leicht aus der Hanfpflanze extrahieren. Seine potenziellen positiven Auswirkungen auf den menschlichen K\u00f6rper werden jedoch allm\u00e4hlich von der wissenschaftlichen Welt erforscht. Was wissen wir bisher \u00fcber das Anti-Stress-Cannabinoid CBG?<\/p>\n<p>Es wird angenommen, dass CBG die CB1-Rezeptoren des Endocannabinoidsystems aktiviert und somit das zentrale Nervensystem beeinflusst. Dies hilft, verschiedene Beschwerden wie Verfolgungswahn und Angstzust\u00e4nde zu lindern. Es wurde festgestellt, dass CBG auch den CB2-Rezeptor beeinflusst; sein Wirkungsmechanismus ist jedoch noch nicht genau bekannt.<\/p>\n<p>Der Forscher Ethan B. Russo hat im British Journal of Pharmacology einen Artikel [1] ver\u00f6ffentlicht, der sich eingehend mit den Wirkungen von Phytocannabinoiden und Terpenoiden, ihren therapeutischen Eigenschaften und ihrem Zusammenwirken zur Erzielung st\u00e4rkerer Effekte befasst.<\/p>\n<p>Russo sagt, dass CBG antimykotische und schmerzlindernde Eigenschaften hat, und es wurde auch gezeigt, dass es vor allem antidepressive Eigenschaften aufweist. CBG kann auch bei Psoriasis und MRSA eine Rolle spielen. CBG kann auch bei Angstzust\u00e4nden und Muskelverspannungen helfen, da es die Wiederaufnahme eines chemischen Stoffes im Gehirn, GABA, hemmt.<\/p>\n<p>Neben Cannabidiol (CBG) enth\u00e4lt das \u00d6l auch eine analoge Menge CBD und kleine Mengen anderer Cannabinoide, z.B. : <strong>CBDA, CBDV, CBC, THC, THCA, CBG, CBGA, <\/strong>und Flavonoide und <strong>Terpene.<br \/>\n<\/strong><\/p>\n<p><strong>Terpene, die in dem CBG-\u00d6l von Hempmont nat\u00fcrlich vorkommen:<\/strong>\u00a0Limonen, Linalool, Myrcen, Alpha- und Beta-Pinen, Beta-Caryophyllen, Cariophyllenoxid, Humulen, Nerolidol, Phytol und viele andere.<\/p>\n<p>Weitere nat\u00fcrlich vorkommende Stoffe sind: Spurenelemente - Phosphor, Kalium, Magnesium, Kalzium, Eisen, Natrium, Mangan, Vitamine - Vitamin E, Thiamin (B1), Riboflavin (B2), Vitamin K, sowie Chlorophyll, Alkane, Stickstoffverbindungen, Aminos\u00e4uren, Zucker, Aldehyde, Alkohole, Ketone, Flavonoide, Glykoside, Farbstoffe, Wasser und Bio-Hanfsamen\u00f6l, das reich an mehrfach unges\u00e4ttigten Fetts\u00e4uren (Omega) ist.<\/p>\n<p>Das CBD-\u00d6l von Hempmont wird aus Hanfsamen hergestellt, die ohne Pestizide, Herbizide oder GVO angebaut werden. Jedes unserer Produkte ist laborgepr\u00fcft und frei von Schadstoffen wie Schwermetallen und mikrobiologischen Verunreinigungen wie Bakterien und Pilzen.<\/p>\n<p>Das Produkt enth\u00e4lt kein synthetisches CBD.<\/p>\n<p>Zutaten: Faseriger Hanfextrakt, MCT-\u00d6l<\/p>\n<h3>Spezifikation:<\/h3>\n<p><strong>Fassungsverm\u00f6gen der Flasche:<\/strong>\u00a010 ml, etwa 200 Tropfen<br \/>\n<strong>Inhalt:<\/strong>\u00a0500 mg CBN, 500 mg CBD<br \/>\n<strong>Verfallsdatum:<\/strong> mindestens 12 Monate<\/p>\n<p>1 Tropfen enth\u00e4lt 2,5 mg CBN und 2,5 mg CBD<\/p>\n<\/div>\n<h3>Gebrauchsanweisung:<\/h3>\n<p>Die \u00d6le von Hempmont werden mit praktischen Tropfern f\u00fcr eine einfache Dosierung geliefert. Um das CBD-\u00d6l zu verwenden, m\u00fcssen Sie:<\/p>\n<ol>\n<li>Sch\u00fctteln Sie die Flasche vor Gebrauch;<\/li>\n<li>Dr\u00fccken Sie das Gummielement an der Mutter zusammen, damit das \u00d6l in den Schlauch gelangt;<\/li>\n<li>schrauben Sie die Pipettenkappe ab;<\/li>\n<li>Nehmen Sie die Pipette vorsichtig aus der Flasche;<\/li>\n<li>Tragen Sie das \u00d6l durch leichtes Zusammendr\u00fccken der Gummikappe auf, wie in der Dosierungsanleitung angegeben.<\/li>\n<\/ol>\n<h3>Anwendung:<\/h3>\n<p>1 Dosis (4 Tropfen) enth\u00e4lt 10 mg CBN+CBD (10 mg CBN + 10 mg CBD) und alle anderen im Hanf enthaltenen Substanzen.<\/p>\n<p>Das Pr\u00e4parat ist nicht f\u00fcr Kinder unter 3 Jahren, schwangere Frauen und stillende M\u00fctter bestimmt. Nicht anwenden bei \u00dcberempfindlichkeit gegen einen der Bestandteile des Pr\u00e4parats. Vor Gebrauch sch\u00fctteln.<\/p>","protected":false},"excerpt":{"rendered":"<div class=\"woocommerce-product-details__short-description\">\n<p>CBG-Hanf\u00f6l, aus der Reihe Hempmont Apeks\u00ae. Es ist ein v\u00f6llig nat\u00fcrliches und legales Produkt, das durch CO2-Extraktion aus Hanf bester Qualit\u00e4t gewonnen wird. Die \u00d6le der Apeks-Serie werden mit einem der wenigen weltweit verf\u00fcgbaren CO2-Extraktoren seiner Klasse, dem Apeks Supercritical, extrahiert. Es zeichnet sich durch erstaunliche Reinheit und Aroma aus<\/p>\n<p><strong>Die Kombination von CBD und CBG kann eine stress- und angstl\u00f6sende sowie antidepressive Wirkung haben.<\/strong> Mit dieser fachm\u00e4nnisch formulierten Formel k\u00f6nnen Sie Ihr Endocannabinoid-System ankurbeln und tags\u00fcber ein wenig Ruhe oder Gelassenheit vor dem Schlafengehen erleben.<\/p>\n<p>Das Produkt enth\u00e4lt au\u00dferdem ein vollst\u00e4ndiges Spektrum an Cannabinoiden wie CBDA, CBDV, CBN, THC, THCA, CBC, CBG, CBGA sowie Terpene und Flavonoide.<\/p>\n<p>Die Konzentration von CBG in der Flasche ist 5% und 5% CBD, eine 10ml Flasche enth\u00e4lt mindestens 500mg CBG und 500 mg CBD.<\/p>\n<p>Originales und zertifiziertes Produkt.<\/p>\n<p><strong>F\u00fcr wen? <\/strong>F\u00fcr alle<strong><br \/>\n<\/strong><strong>CBG-Anteil pro Portion: <\/strong>10 mg \/ 4 Tropfen<br \/>\n<strong>CBD-Anteil pro Portion: <\/strong>10 mg \/ 4 Tropfen<strong><br \/>\nAnzahl der Portionen pro Packung: <\/strong>60<strong><br \/>\nCBG-Inhalt: <\/strong>500mg<br \/>\n<strong>CBD-Gehalt: <\/strong>500mg<strong><br \/>\nForm: <\/strong>Auszug <strong>\/ <\/strong>Verl\u00e4ngertes Vollspektrum\u00f6l<strong><br \/>\n<\/strong><\/p>\n<\/div>","protected":false},"featured_media":29316,"comment_status":"open","ping_status":"closed","template":"","meta":[],"product_cat":[441],"product_tag":[],"yoast_head":"<!-- This site is optimized with the Yoast SEO plugin v18.4.1 - https:\/\/yoast.com\/wordpress\/plugins\/seo\/ -->\n<title>Olejek CBG 10% Apeks\u00ae - olej konopny 500 mg CBN - Hempmont.pl<\/title>\n<meta name=\"description\" content=\"Olejek konopny CBG o st\u0119\u017ceniu 5% i zawarto\u015bci 500mg CBG. Produkt przebadany i certyfikowany, zawieraj\u0105cy pe\u0142ne spektrum kannabinoid\u00f3w.\" \/>\n<meta name=\"robots\" content=\"index, follow, max-snippet:-1, max-image-preview:large, max-video-preview:-1\" \/>\n<link rel=\"canonical\" href=\"https:\/\/b2b.hempmont.pl\/de\/produkt\/cbg-ol-1000mg-hempmont-apeks-10-ml\/\" \/>\n<meta property=\"og:locale\" content=\"de_DE\" \/>\n<meta property=\"og:type\" content=\"article\" \/>\n<meta property=\"og:title\" content=\"Olejek CBG 10% Apeks\u00ae - olej konopny 500 mg CBN - Hempmont.pl\" \/>\n<meta property=\"og:description\" content=\"Olejek konopny CBG o st\u0119\u017ceniu 5% i zawarto\u015bci 500mg CBG. Produkt przebadany i certyfikowany, zawieraj\u0105cy pe\u0142ne spektrum kannabinoid\u00f3w.\" \/>\n<meta property=\"og:url\" content=\"https:\/\/b2b.hempmont.pl\/de\/produkt\/cbg-ol-1000mg-hempmont-apeks-10-ml\/\" \/>\n<meta property=\"og:site_name\" content=\"Hempmont\" \/>\n<meta property=\"article:modified_time\" content=\"2024-07-07T20:09:39+00:00\" \/>\n<meta name=\"twitter:card\" content=\"summary_large_image\" \/>\n<meta name=\"twitter:image\" content=\"https:\/\/b2b.hempmont.pl\/wp-content\/uploads\/2021\/07\/cbg-min.webp\" \/>\n<meta name=\"twitter:label1\" content=\"Gesch\u00e4tzte Lesezeit\" \/>\n\t<meta name=\"twitter:data1\" content=\"3\u00a0Minuten\" \/>\n<script type=\"application\/ld+json\" class=\"yoast-schema-graph\">{\"@context\":\"https:\/\/schema.org\",\"@graph\":[{\"@type\":\"WebSite\",\"@id\":\"https:\/\/b2b.hempmont.pl\/#website\",\"url\":\"https:\/\/b2b.hempmont.pl\/\",\"name\":\"Hempmont\",\"description\":\"\",\"potentialAction\":[{\"@type\":\"SearchAction\",\"target\":{\"@type\":\"EntryPoint\",\"urlTemplate\":\"https:\/\/b2b.hempmont.pl\/?s={search_term_string}\"},\"query-input\":\"required name=search_term_string\"}],\"inLanguage\":\"de\"},{\"@type\":\"ImageObject\",\"@id\":\"https:\/\/b2b.hempmont.pl\/produkt\/olejek-konopny-cbg-10-1000mg-hempmont-apeks-10-ml\/#primaryimage\",\"inLanguage\":\"de\",\"url\":\"https:\/\/b2b.hempmont.pl\/wp-content\/uploads\/2021\/07\/cbg-min.webp\",\"contentUrl\":\"https:\/\/b2b.hempmont.pl\/wp-content\/uploads\/2021\/07\/cbg-min.webp\",\"width\":1000,\"height\":1000,\"caption\":\"Olejek konopny CBG 10% 500mg, Hempmont Apeks\u00ae - 10 ml\"},{\"@type\":\"WebPage\",\"@id\":\"https:\/\/b2b.hempmont.pl\/produkt\/olejek-konopny-cbg-10-1000mg-hempmont-apeks-10-ml\/#webpage\",\"url\":\"https:\/\/b2b.hempmont.pl\/produkt\/olejek-konopny-cbg-10-1000mg-hempmont-apeks-10-ml\/\",\"name\":\"Olejek CBG 10% Apeks\u00ae - olej konopny 500 mg CBN - Hempmont.pl\",\"isPartOf\":{\"@id\":\"https:\/\/b2b.hempmont.pl\/#website\"},\"primaryImageOfPage\":{\"@id\":\"https:\/\/b2b.hempmont.pl\/produkt\/olejek-konopny-cbg-10-1000mg-hempmont-apeks-10-ml\/#primaryimage\"},\"datePublished\":\"2021-11-01T02:50:53+00:00\",\"dateModified\":\"2024-07-07T20:09:39+00:00\",\"description\":\"Olejek konopny CBG o st\u0119\u017ceniu 5% i zawarto\u015bci 500mg CBG. Produkt przebadany i certyfikowany, zawieraj\u0105cy pe\u0142ne spektrum kannabinoid\u00f3w.\",\"breadcrumb\":{\"@id\":\"https:\/\/b2b.hempmont.pl\/produkt\/olejek-konopny-cbg-10-1000mg-hempmont-apeks-10-ml\/#breadcrumb\"},\"inLanguage\":\"de\",\"potentialAction\":[{\"@type\":\"ReadAction\",\"target\":[\"https:\/\/b2b.hempmont.pl\/produkt\/olejek-konopny-cbg-10-1000mg-hempmont-apeks-10-ml\/\"]}]},{\"@type\":\"BreadcrumbList\",\"@id\":\"https:\/\/b2b.hempmont.pl\/produkt\/olejek-konopny-cbg-10-1000mg-hempmont-apeks-10-ml\/#breadcrumb\",\"itemListElement\":[{\"@type\":\"ListItem\",\"position\":1,\"name\":\"Strona g\u0142\u00f3wna\",\"item\":\"https:\/\/b2b.hempmont.pl\/\"},{\"@type\":\"ListItem\",\"position\":2,\"name\":\"Sklep CBD\",\"item\":\"https:\/\/b2b.hempmont.pl\/sklep-cbd\/\"},{\"@type\":\"ListItem\",\"position\":3,\"name\":\"Olej konopny CBG 10% 1000mg, Hempmont Apeks\u00ae &#8211; 10 ml\"}]}]}<\/script>\n<!-- \/ Yoast SEO plugin. -->","yoast_head_json":{"title":"Olejek CBG 10% Apeks\u00ae - olej konopny 500 mg CBN - Hempmont.pl","description":"Olejek konopny CBG o st\u0119\u017ceniu 5% i zawarto\u015bci 500mg CBG. Produkt przebadany i certyfikowany, zawieraj\u0105cy pe\u0142ne spektrum kannabinoid\u00f3w.","robots":{"index":"index","follow":"follow","max-snippet":"max-snippet:-1","max-image-preview":"max-image-preview:large","max-video-preview":"max-video-preview:-1"},"canonical":"https:\/\/b2b.hempmont.pl\/de\/produkt\/cbg-ol-1000mg-hempmont-apeks-10-ml\/","og_locale":"de_DE","og_type":"article","og_title":"Olejek CBG 10% Apeks\u00ae - olej konopny 500 mg CBN - Hempmont.pl","og_description":"Olejek konopny CBG o st\u0119\u017ceniu 5% i zawarto\u015bci 500mg CBG. Produkt przebadany i certyfikowany, zawieraj\u0105cy pe\u0142ne spektrum kannabinoid\u00f3w.","og_url":"https:\/\/b2b.hempmont.pl\/de\/produkt\/cbg-ol-1000mg-hempmont-apeks-10-ml\/","og_site_name":"Hempmont","article_modified_time":"2024-07-07T20:09:39+00:00","twitter_card":"summary_large_image","twitter_image":"https:\/\/b2b.hempmont.pl\/wp-content\/uploads\/2021\/07\/cbg-min.webp","twitter_misc":{"Gesch\u00e4tzte Lesezeit":"3\u00a0Minuten"},"schema":{"@context":"https:\/\/schema.org","@graph":[{"@type":"WebSite","@id":"https:\/\/b2b.hempmont.pl\/#website","url":"https:\/\/b2b.hempmont.pl\/","name":"Hempmont","description":"","potentialAction":[{"@type":"SearchAction","target":{"@type":"EntryPoint","urlTemplate":"https:\/\/b2b.hempmont.pl\/?s={search_term_string}"},"query-input":"required name=search_term_string"}],"inLanguage":"de"},{"@type":"ImageObject","@id":"https:\/\/b2b.hempmont.pl\/produkt\/olejek-konopny-cbg-10-1000mg-hempmont-apeks-10-ml\/#primaryimage","inLanguage":"de","url":"https:\/\/b2b.hempmont.pl\/wp-content\/uploads\/2021\/07\/cbg-min.webp","contentUrl":"https:\/\/b2b.hempmont.pl\/wp-content\/uploads\/2021\/07\/cbg-min.webp","width":1000,"height":1000,"caption":"Olejek konopny CBG 10% 500mg, Hempmont Apeks\u00ae - 10 ml"},{"@type":"WebPage","@id":"https:\/\/b2b.hempmont.pl\/produkt\/olejek-konopny-cbg-10-1000mg-hempmont-apeks-10-ml\/#webpage","url":"https:\/\/b2b.hempmont.pl\/produkt\/olejek-konopny-cbg-10-1000mg-hempmont-apeks-10-ml\/","name":"Olejek CBG 10% Apeks\u00ae - olej konopny 500 mg CBN - Hempmont.pl","isPartOf":{"@id":"https:\/\/b2b.hempmont.pl\/#website"},"primaryImageOfPage":{"@id":"https:\/\/b2b.hempmont.pl\/produkt\/olejek-konopny-cbg-10-1000mg-hempmont-apeks-10-ml\/#primaryimage"},"datePublished":"2021-11-01T02:50:53+00:00","dateModified":"2024-07-07T20:09:39+00:00","description":"Olejek konopny CBG o st\u0119\u017ceniu 5% i zawarto\u015bci 500mg CBG. Produkt przebadany i certyfikowany, zawieraj\u0105cy pe\u0142ne spektrum kannabinoid\u00f3w.","breadcrumb":{"@id":"https:\/\/b2b.hempmont.pl\/produkt\/olejek-konopny-cbg-10-1000mg-hempmont-apeks-10-ml\/#breadcrumb"},"inLanguage":"de","potentialAction":[{"@type":"ReadAction","target":["https:\/\/b2b.hempmont.pl\/produkt\/olejek-konopny-cbg-10-1000mg-hempmont-apeks-10-ml\/"]}]},{"@type":"BreadcrumbList","@id":"https:\/\/b2b.hempmont.pl\/produkt\/olejek-konopny-cbg-10-1000mg-hempmont-apeks-10-ml\/#breadcrumb","itemListElement":[{"@type":"ListItem","position":1,"name":"Strona g\u0142\u00f3wna","item":"https:\/\/b2b.hempmont.pl\/"},{"@type":"ListItem","position":2,"name":"Sklep CBD","item":"https:\/\/b2b.hempmont.pl\/sklep-cbd\/"},{"@type":"ListItem","position":3,"name":"Olej konopny CBG 10% 1000mg, Hempmont Apeks\u00ae &#8211; 10 ml"}]}]}},"_links":{"self":[{"href":"https:\/\/b2b.hempmont.pl\/de\/wp-json\/wp\/v2\/product\/24644"}],"collection":[{"href":"https:\/\/b2b.hempmont.pl\/de\/wp-json\/wp\/v2\/product"}],"about":[{"href":"https:\/\/b2b.hempmont.pl\/de\/wp-json\/wp\/v2\/types\/product"}],"replies":[{"embeddable":true,"href":"https:\/\/b2b.hempmont.pl\/de\/wp-json\/wp\/v2\/comments?post=24644"}],"wp:featuredmedia":[{"embeddable":true,"href":"https:\/\/b2b.hempmont.pl\/de\/wp-json\/wp\/v2\/media\/29316"}],"wp:attachment":[{"href":"https:\/\/b2b.hempmont.pl\/de\/wp-json\/wp\/v2\/media?parent=24644"}],"wp:term":[{"taxonomy":"product_cat","embeddable":true,"href":"https:\/\/b2b.hempmont.pl\/de\/wp-json\/wp\/v2\/product_cat?post=24644"},{"taxonomy":"product_tag","embeddable":true,"href":"https:\/\/b2b.hempmont.pl\/de\/wp-json\/wp\/v2\/product_tag?post=24644"}],"curies":[{"name":"wp","href":"https:\/\/api.w.org\/{rel}","templated":true}]}}