{"id":24648,"date":"2021-11-01T04:20:28","date_gmt":"2021-11-01T03:20:28","guid":{"rendered":"https:\/\/b2b.hempmont.pl\/?post_type=product&#038;p=24648"},"modified":"2024-08-20T09:09:15","modified_gmt":"2024-08-20T07:09:15","slug":"olejek-konopny-cbn-10-1000mg-hempmont-apeks-10-ml","status":"publish","type":"product","link":"https:\/\/b2b.hempmont.pl\/de\/produkt\/cbn-ol-1000mg-hempmont-apeks-10-ml\/","title":{"rendered":"Olej konopny CBN 10% 1000mg, Hempmont Apeks\u00ae, 10 ml"},"content":{"rendered":"<div class=\"et_pb_tab_content\">\n<h4>CBN-\u00d6l, Hempmont Apeks<\/h4>\n<p>CBN 5% \u00d6l von Hempmont, mit mindestens 1000mg CBN und CBD Cannabinoiden (500mg CBN + 500mg CBD) und anderen nat\u00fcrlich im Hanf vorkommenden Substanzen.<\/p>\n<h4>Wichtigste Produktmerkmale:<\/h4>\n<ul>\n<li>hilft, den Schlaf wirksam zu regulieren<\/li>\n<li>enth\u00e4lt das gesamte Spektrum der Hanfverbindungen<\/li>\n<li>ist nicht psychoaktiv<\/li>\n<li>ist v\u00f6llig legal<\/li>\n<li>gepr\u00fcft von <strong>akkreditiert<\/strong> Laboratorien<\/li>\n<li>Lieferung am n\u00e4chsten Tag<\/li>\n<li>eine Flasche reicht f\u00fcr 60 Tage<\/li>\n<\/ul>\n<p>Die nat\u00fcrlichen Hanfextrakte von Hempmont sind eine F\u00fclle von mindestens f\u00fcnfhundert im Hanf vorkommenden Stoffen mit einer breiten Palette von therapeutischen Anwendungen.<\/p>\n<h4>Eigenschaften von CBN<\/h4>\n<p>CBN oder Cannabinol ist weit weniger verbreitet als THC oder CBD und l\u00e4sst sich auch nicht so leicht aus der Cannabispflanze extrahieren. Seine potenziellen positiven Auswirkungen auf den menschlichen K\u00f6rper werden jedoch allm\u00e4hlich von der wissenschaftlichen Welt erforscht. Was wissen wir bisher \u00fcber das \"schl\u00e4frige\" Cannabinoid? CBN wird nicht umsonst das \"schl\u00e4frige Cannabinoid\" genannt.<\/p>\n<p>Es ist bekannt, dass CBN eine beruhigende Wirkung hat, insbesondere in Kombination mit anderen Cannabinoiden und Terpenen wie Myrcen und Linalool. Das zeigen einige Ver\u00f6ffentlichungen von vor ein paar Jahren: <strong>\"Die Einnahme von 2,5 mg bis 5 mg CBN f\u00fchrt zu demselben Grad an Sedierung wie 5 bis 10 mg des milden pharmazeutischen Schlafmittels Diazepam.\u00a0<\/strong>J\u00fcngste Studien deuten darauf hin, dass CBN das wirksamste Beruhigungsmittel unter den Cannabinoiden ist.<\/p>\n<p>Neben Cannabidiol (CBN) enth\u00e4lt das \u00d6l auch eine analoge Menge CBD und geringe Mengen anderer Cannabinoide, z. B. : <strong>CBDA, CBDV, CBC, THC, THCA, CBG, CBGA, <\/strong>und Flavonoide und <strong>Terpene.<br \/>\n<\/strong><\/p>\n<p><strong>Terpene, die nat\u00fcrlich in Hempmont CBN \u00d6l vorkommen:<\/strong>\u00a0Limonen, Linalool, Myrcen, Alpha- und Beta-Pinen, Beta-Caryophyllen, Cariophyllenoxid, Humulen, Nerolidol, Phytol und viele andere.<\/p>\n<p>Weitere nat\u00fcrlich vorkommende Stoffe sind: Spurenelemente - Phosphor, Kalium, Magnesium, Kalzium, Eisen, Natrium, Mangan, Vitamine - Vitamin E, Thiamin (B1), Riboflavin (B2), Vitamin K, sowie Chlorophyll, Alkane, Stickstoffverbindungen, Aminos\u00e4uren, Zucker, Aldehyde, Alkohole, Ketone, Flavonoide, Glykoside, Farbstoffe, Wasser und Bio-Hanfsamen\u00f6l, das reich an mehrfach unges\u00e4ttigten Fetts\u00e4uren (Omega) ist.<\/p>\n<p>Das CBD-\u00d6l von Hempmont wird aus Hanfsamen hergestellt, die ohne Pestizide, Herbizide oder GVO angebaut werden. Jedes unserer Produkte ist laborgepr\u00fcft und frei von Schadstoffen wie Schwermetallen und mikrobiologischen Verunreinigungen wie Bakterien und Pilzen.<\/p>\n<p>Das Produkt enth\u00e4lt kein synthetisches CBD.<\/p>\n<p>Zutaten: Faseriger Hanfextrakt, MCT-\u00d6l<\/p>\n<h4>Spezifikation:<\/h4>\n<p><strong>Fassungsverm\u00f6gen der Flasche:<\/strong>\u00a010 ml, etwa 200 Tropfen<br \/>\n<strong>Inhalt:<\/strong>\u00a0500mg CBN, 500mg CBD<br \/>\n<strong>Verfallsdatum:<\/strong> mindestens 12 Monate<\/p>\n<p>1 Tropfen enth\u00e4lt 2,5mg CBN und 2,5mg CBD<\/p>\n<\/div>\n<h4>Gebrauchsanweisung:<\/h4>\n<p>Die \u00d6le von Hempmont werden mit praktischen Tropfern f\u00fcr eine einfache Dosierung geliefert. Um das CBD-\u00d6l zu verwenden, m\u00fcssen Sie:<\/p>\n<ol>\n<li>Sch\u00fctteln Sie die Flasche vor Gebrauch;<\/li>\n<li>Dr\u00fccken Sie das Gummielement an der Mutter zusammen, damit das \u00d6l in den Schlauch gelangt;<\/li>\n<li>schrauben Sie die Pipettenkappe ab;<\/li>\n<li>Nehmen Sie die Pipette vorsichtig aus der Flasche;<\/li>\n<li>Tragen Sie das \u00d6l durch leichtes Zusammendr\u00fccken der Gummikappe auf, wie in der Dosierungsanleitung angegeben.<\/li>\n<\/ol>\n<h4>Anwendung:<\/h4>\n<p>1 Dosis (4 Tropfen) enth\u00e4lt 20 mg CBN+CBD (10 mg CBN + 10 mg CBD) und alle anderen im Hanf enthaltenen Substanzen.<\/p>\n<p>Das Pr\u00e4parat ist nicht f\u00fcr Kinder unter 3 Jahren, schwangere Frauen und stillende M\u00fctter bestimmt. Nicht anwenden bei \u00dcberempfindlichkeit gegen einen der Bestandteile des Pr\u00e4parats. Vor Gebrauch sch\u00fctteln.<\/p>","protected":false},"excerpt":{"rendered":"<div class=\"woocommerce-product-details__short-description\">\n<p>Das einzige CBN-Hanf\u00f6l in Polen, aus der Reihe Hempmont Apeks\u00ae. Es handelt sich um ein nat\u00fcrliches und legales Produkt, das durch CO2-Extraktion aus Hanf bester Qualit\u00e4t gewonnen wird. Die \u00d6le der Apeks-Serie werden mit einem der wenigen weltweit verf\u00fcgbaren CO2-Extraktoren seiner Klasse, dem Apeks Supercritical, extrahiert. Er zeichnet sich durch seine erstaunliche Reinheit und sein Aroma aus.<\/p>\n<p><strong>Die Kombination von CBD und CBN kann zu einer ausgepr\u00e4gten sedierenden und schlaff\u00f6rdernden Wirkung f\u00fchren.<\/strong> Kombiniert man es mit dem \u00fcbrigen \u00d6lspektrum, sind die Empfindungen noch ausgepr\u00e4gter. Mit dieser fachm\u00e4nnisch formulierten Formel k\u00f6nnen Sie Ihr Endocannabinoid-System ankurbeln und ein wenig Ruhe w\u00e4hrend des Tages oder Ruhe vor dem Schlafengehen sowie eine viel bessere Schlafqualit\u00e4t erleben.<\/p>\n<p>Das Produkt enth\u00e4lt au\u00dferdem ein vollst\u00e4ndiges Spektrum an Cannabinoiden wie CBDA, CBDV, CBN, THC, THCA, CBC, CBG, CBGA sowie Terpene und Flavonoide.<\/p>\n<p>Die Konzentration von CBN in der Flasche ist 5% und 5% CBD, die 10 ml Flasche enth\u00e4lt mindestens 500 mg CBN und 500 mg CBD.<\/p>\n<p>Originales und zertifiziertes Produkt.<\/p>\n<p><strong>F\u00fcr wen? <\/strong>F\u00fcr alle<strong><br \/>\n<\/strong><strong>Menge an CBN pro Portion: <\/strong>10 mg \/ 4 Tropfen<br \/>\n<strong>CBD-Anteil pro Portion: <\/strong>10 mg \/ 4 Tropfen<strong><br \/>\nAnzahl der Portionen pro Packung: <\/strong>60<strong><br \/>\nCBN-Gehalt: <\/strong>500mg<br \/>\n<strong>CBD-Gehalt: <\/strong>500mg<strong><br \/>\nForm: <\/strong>Auszug <strong>\/ <\/strong>Verl\u00e4ngertes Vollspektrum\u00f6l<strong><br \/>\n<\/strong><\/p>\n<\/div>","protected":false},"featured_media":29319,"comment_status":"open","ping_status":"closed","template":"","meta":[],"product_cat":[514],"product_tag":[],"yoast_head":"<!-- This site is optimized with the Yoast SEO plugin v18.4.1 - https:\/\/yoast.com\/wordpress\/plugins\/seo\/ -->\n<title>Olejek CBN - olej konopny o zawarto\u015bci 500 mg CBN - Hempmont.pl<\/title>\n<meta name=\"description\" content=\"Olejek konopny CBN o st\u0119\u017ceniu 10% i zawarto\u015bci 500mg CBN. Produkt przebadany i certyfikowany, zawieraj\u0105cy pe\u0142ne spektrum kannabinoid\u00f3w.\" \/>\n<meta name=\"robots\" content=\"index, follow, max-snippet:-1, max-image-preview:large, max-video-preview:-1\" \/>\n<link rel=\"canonical\" href=\"https:\/\/b2b.hempmont.pl\/de\/produkt\/cbn-ol-1000mg-hempmont-apeks-10-ml\/\" \/>\n<meta property=\"og:locale\" content=\"de_DE\" \/>\n<meta property=\"og:type\" content=\"article\" \/>\n<meta property=\"og:title\" content=\"Olejek CBN - olej konopny o zawarto\u015bci 500 mg CBN - Hempmont.pl\" \/>\n<meta property=\"og:description\" content=\"Olejek konopny CBN o st\u0119\u017ceniu 10% i zawarto\u015bci 500mg CBN. Produkt przebadany i certyfikowany, zawieraj\u0105cy pe\u0142ne spektrum kannabinoid\u00f3w.\" \/>\n<meta property=\"og:url\" content=\"https:\/\/b2b.hempmont.pl\/de\/produkt\/cbn-ol-1000mg-hempmont-apeks-10-ml\/\" \/>\n<meta property=\"og:site_name\" content=\"Hempmont\" \/>\n<meta property=\"article:modified_time\" content=\"2024-08-20T07:09:15+00:00\" \/>\n<meta name=\"twitter:card\" content=\"summary_large_image\" \/>\n<meta name=\"twitter:image\" content=\"https:\/\/b2b.hempmont.pl\/wp-content\/uploads\/2021\/07\/cbn-min.webp\" \/>\n<meta name=\"twitter:label1\" content=\"Gesch\u00e4tzte Lesezeit\" \/>\n\t<meta name=\"twitter:data1\" content=\"3\u00a0Minuten\" \/>\n<script type=\"application\/ld+json\" class=\"yoast-schema-graph\">{\"@context\":\"https:\/\/schema.org\",\"@graph\":[{\"@type\":\"WebSite\",\"@id\":\"https:\/\/b2b.hempmont.pl\/#website\",\"url\":\"https:\/\/b2b.hempmont.pl\/\",\"name\":\"Hempmont\",\"description\":\"\",\"potentialAction\":[{\"@type\":\"SearchAction\",\"target\":{\"@type\":\"EntryPoint\",\"urlTemplate\":\"https:\/\/b2b.hempmont.pl\/?s={search_term_string}\"},\"query-input\":\"required name=search_term_string\"}],\"inLanguage\":\"de\"},{\"@type\":\"ImageObject\",\"@id\":\"https:\/\/b2b.hempmont.pl\/produkt\/olejek-konopny-cbn-10-1000mg-hempmont-apeks-10-ml\/#primaryimage\",\"inLanguage\":\"de\",\"url\":\"https:\/\/b2b.hempmont.pl\/wp-content\/uploads\/2021\/07\/cbn-min.webp\",\"contentUrl\":\"https:\/\/b2b.hempmont.pl\/wp-content\/uploads\/2021\/07\/cbn-min.webp\",\"width\":1000,\"height\":1000,\"caption\":\"Olejek konopny CBN 10% 1000mg, Hempmont Apeks\u00ae - 10 ml\"},{\"@type\":\"WebPage\",\"@id\":\"https:\/\/b2b.hempmont.pl\/produkt\/olejek-konopny-cbn-10-1000mg-hempmont-apeks-10-ml\/#webpage\",\"url\":\"https:\/\/b2b.hempmont.pl\/produkt\/olejek-konopny-cbn-10-1000mg-hempmont-apeks-10-ml\/\",\"name\":\"Olejek CBN - olej konopny o zawarto\u015bci 500 mg CBN - Hempmont.pl\",\"isPartOf\":{\"@id\":\"https:\/\/b2b.hempmont.pl\/#website\"},\"primaryImageOfPage\":{\"@id\":\"https:\/\/b2b.hempmont.pl\/produkt\/olejek-konopny-cbn-10-1000mg-hempmont-apeks-10-ml\/#primaryimage\"},\"datePublished\":\"2021-11-01T03:20:28+00:00\",\"dateModified\":\"2024-08-20T07:09:15+00:00\",\"description\":\"Olejek konopny CBN o st\u0119\u017ceniu 10% i zawarto\u015bci 500mg CBN. Produkt przebadany i certyfikowany, zawieraj\u0105cy pe\u0142ne spektrum kannabinoid\u00f3w.\",\"breadcrumb\":{\"@id\":\"https:\/\/b2b.hempmont.pl\/produkt\/olejek-konopny-cbn-10-1000mg-hempmont-apeks-10-ml\/#breadcrumb\"},\"inLanguage\":\"de\",\"potentialAction\":[{\"@type\":\"ReadAction\",\"target\":[\"https:\/\/b2b.hempmont.pl\/produkt\/olejek-konopny-cbn-10-1000mg-hempmont-apeks-10-ml\/\"]}]},{\"@type\":\"BreadcrumbList\",\"@id\":\"https:\/\/b2b.hempmont.pl\/produkt\/olejek-konopny-cbn-10-1000mg-hempmont-apeks-10-ml\/#breadcrumb\",\"itemListElement\":[{\"@type\":\"ListItem\",\"position\":1,\"name\":\"Strona g\u0142\u00f3wna\",\"item\":\"https:\/\/b2b.hempmont.pl\/\"},{\"@type\":\"ListItem\",\"position\":2,\"name\":\"Sklep CBD\",\"item\":\"https:\/\/b2b.hempmont.pl\/sklep-cbd\/\"},{\"@type\":\"ListItem\",\"position\":3,\"name\":\"Olej konopny CBN 10% 1000mg, Hempmont Apeks\u00ae, 10 ml\"}]}]}<\/script>\n<!-- \/ Yoast SEO plugin. -->","yoast_head_json":{"title":"Olejek CBN - olej konopny o zawarto\u015bci 500 mg CBN - Hempmont.pl","description":"Olejek konopny CBN o st\u0119\u017ceniu 10% i zawarto\u015bci 500mg CBN. Produkt przebadany i certyfikowany, zawieraj\u0105cy pe\u0142ne spektrum kannabinoid\u00f3w.","robots":{"index":"index","follow":"follow","max-snippet":"max-snippet:-1","max-image-preview":"max-image-preview:large","max-video-preview":"max-video-preview:-1"},"canonical":"https:\/\/b2b.hempmont.pl\/de\/produkt\/cbn-ol-1000mg-hempmont-apeks-10-ml\/","og_locale":"de_DE","og_type":"article","og_title":"Olejek CBN - olej konopny o zawarto\u015bci 500 mg CBN - Hempmont.pl","og_description":"Olejek konopny CBN o st\u0119\u017ceniu 10% i zawarto\u015bci 500mg CBN. Produkt przebadany i certyfikowany, zawieraj\u0105cy pe\u0142ne spektrum kannabinoid\u00f3w.","og_url":"https:\/\/b2b.hempmont.pl\/de\/produkt\/cbn-ol-1000mg-hempmont-apeks-10-ml\/","og_site_name":"Hempmont","article_modified_time":"2024-08-20T07:09:15+00:00","twitter_card":"summary_large_image","twitter_image":"https:\/\/b2b.hempmont.pl\/wp-content\/uploads\/2021\/07\/cbn-min.webp","twitter_misc":{"Gesch\u00e4tzte Lesezeit":"3\u00a0Minuten"},"schema":{"@context":"https:\/\/schema.org","@graph":[{"@type":"WebSite","@id":"https:\/\/b2b.hempmont.pl\/#website","url":"https:\/\/b2b.hempmont.pl\/","name":"Hempmont","description":"","potentialAction":[{"@type":"SearchAction","target":{"@type":"EntryPoint","urlTemplate":"https:\/\/b2b.hempmont.pl\/?s={search_term_string}"},"query-input":"required name=search_term_string"}],"inLanguage":"de"},{"@type":"ImageObject","@id":"https:\/\/b2b.hempmont.pl\/produkt\/olejek-konopny-cbn-10-1000mg-hempmont-apeks-10-ml\/#primaryimage","inLanguage":"de","url":"https:\/\/b2b.hempmont.pl\/wp-content\/uploads\/2021\/07\/cbn-min.webp","contentUrl":"https:\/\/b2b.hempmont.pl\/wp-content\/uploads\/2021\/07\/cbn-min.webp","width":1000,"height":1000,"caption":"Olejek konopny CBN 10% 1000mg, Hempmont Apeks\u00ae - 10 ml"},{"@type":"WebPage","@id":"https:\/\/b2b.hempmont.pl\/produkt\/olejek-konopny-cbn-10-1000mg-hempmont-apeks-10-ml\/#webpage","url":"https:\/\/b2b.hempmont.pl\/produkt\/olejek-konopny-cbn-10-1000mg-hempmont-apeks-10-ml\/","name":"Olejek CBN - olej konopny o zawarto\u015bci 500 mg CBN - Hempmont.pl","isPartOf":{"@id":"https:\/\/b2b.hempmont.pl\/#website"},"primaryImageOfPage":{"@id":"https:\/\/b2b.hempmont.pl\/produkt\/olejek-konopny-cbn-10-1000mg-hempmont-apeks-10-ml\/#primaryimage"},"datePublished":"2021-11-01T03:20:28+00:00","dateModified":"2024-08-20T07:09:15+00:00","description":"Olejek konopny CBN o st\u0119\u017ceniu 10% i zawarto\u015bci 500mg CBN. Produkt przebadany i certyfikowany, zawieraj\u0105cy pe\u0142ne spektrum kannabinoid\u00f3w.","breadcrumb":{"@id":"https:\/\/b2b.hempmont.pl\/produkt\/olejek-konopny-cbn-10-1000mg-hempmont-apeks-10-ml\/#breadcrumb"},"inLanguage":"de","potentialAction":[{"@type":"ReadAction","target":["https:\/\/b2b.hempmont.pl\/produkt\/olejek-konopny-cbn-10-1000mg-hempmont-apeks-10-ml\/"]}]},{"@type":"BreadcrumbList","@id":"https:\/\/b2b.hempmont.pl\/produkt\/olejek-konopny-cbn-10-1000mg-hempmont-apeks-10-ml\/#breadcrumb","itemListElement":[{"@type":"ListItem","position":1,"name":"Strona g\u0142\u00f3wna","item":"https:\/\/b2b.hempmont.pl\/"},{"@type":"ListItem","position":2,"name":"Sklep CBD","item":"https:\/\/b2b.hempmont.pl\/sklep-cbd\/"},{"@type":"ListItem","position":3,"name":"Olej konopny CBN 10% 1000mg, Hempmont Apeks\u00ae, 10 ml"}]}]}},"_links":{"self":[{"href":"https:\/\/b2b.hempmont.pl\/de\/wp-json\/wp\/v2\/product\/24648"}],"collection":[{"href":"https:\/\/b2b.hempmont.pl\/de\/wp-json\/wp\/v2\/product"}],"about":[{"href":"https:\/\/b2b.hempmont.pl\/de\/wp-json\/wp\/v2\/types\/product"}],"replies":[{"embeddable":true,"href":"https:\/\/b2b.hempmont.pl\/de\/wp-json\/wp\/v2\/comments?post=24648"}],"wp:featuredmedia":[{"embeddable":true,"href":"https:\/\/b2b.hempmont.pl\/de\/wp-json\/wp\/v2\/media\/29319"}],"wp:attachment":[{"href":"https:\/\/b2b.hempmont.pl\/de\/wp-json\/wp\/v2\/media?parent=24648"}],"wp:term":[{"taxonomy":"product_cat","embeddable":true,"href":"https:\/\/b2b.hempmont.pl\/de\/wp-json\/wp\/v2\/product_cat?post=24648"},{"taxonomy":"product_tag","embeddable":true,"href":"https:\/\/b2b.hempmont.pl\/de\/wp-json\/wp\/v2\/product_tag?post=24648"}],"curies":[{"name":"wp","href":"https:\/\/api.w.org\/{rel}","templated":true}]}}