{"id":25908,"date":"2021-12-23T02:13:18","date_gmt":"2021-12-23T01:13:18","guid":{"rendered":"https:\/\/b2b.hempmont.pl\/?post_type=product&#038;p=25908"},"modified":"2023-07-26T15:36:23","modified_gmt":"2023-07-26T13:36:23","slug":"olejek-konopny-cbd-dla-kotow-5-600-mg-hempmont-pets-care-12-ml","status":"publish","type":"product","link":"https:\/\/b2b.hempmont.pl\/de\/produkt\/cbd-ol-fur-katzen-5-600-mg-hempmont-pets-care-12-ml\/","title":{"rendered":"Olej konopny dla kot\u00f3w 5% 600 mg, Hempmont Pets Care &#8211; 12 ml"},"content":{"rendered":"<div class=\"et_pb_tab_content\">\n<h4 style=\"text-align: justify;\">5% CBD-\u00d6l f\u00fcr Katzen, Hempmont Pets Care<\/h4>\n<p style=\"text-align: justify;\">CBD-\u00d6l der Marke Hempmont 5% mit mindestens 600 mg Cannabidiol (CBD) und anderen nat\u00fcrlich im Hanf vorkommenden Substanzen.<\/p>\n<h4 style=\"text-align: justify;\">Wichtigste Produktmerkmale:<\/h4>\n<ul style=\"text-align: justify;\">\n<li>hilft bei vielen Tierkrankheiten<\/li>\n<li>enth\u00e4lt das gesamte Spektrum der Hanfverbindungen<\/li>\n<li>ist nicht psychoaktiv<\/li>\n<li>ist v\u00f6llig legal<\/li>\n<li>gepr\u00fcft von <strong>akkreditiert<\/strong> Laboratorien<\/li>\n<li>Lieferung am n\u00e4chsten Tag<\/li>\n<li>eine Flasche reicht f\u00fcr bis zu 240 Tage<\/li>\n<\/ul>\n<p style=\"text-align: justify;\">Die nat\u00fcrlichen Hanfextrakte von Hempmont sind eine F\u00fclle von mindestens f\u00fcnfhundert im Hanf vorkommenden Stoffen mit einer breiten Palette von therapeutischen Anwendungen.<\/p>\n<h4 style=\"text-align: justify;\">Eigenschaften von CBD<\/h4>\n<p style=\"text-align: justify;\">Cannabidiol ist einer der wichtigsten Wirkstoffe, die in medizinischem Marihuana und Hanf enthalten sind. Es hat ein sehr breites Wirkungsspektrum. Von den mehr als 500 Wirkstoffen, die in Hanf vorkommen, hat CBD die meisten gesundheitsf\u00f6rdernden Eigenschaften. <a href=\"https:\/\/b2b.hempmont.pl\/de\/produktkategorien\/olejki-cbd\/\">CBD-\u00d6le<\/a> Hanf ist nicht berauschend, da CBD keine psychoaktive Substanz ist.<br \/>\nDas Produkt kann als vielseitiges therapeutisches Mittel eingesetzt werden, ohne dass die Wahrnehmung oder das ver\u00e4nderte Bewusstsein beeintr\u00e4chtigt werden. Cannabidiol (CBD) hat, anders als THC, keine Nebenwirkungen und macht nicht s\u00fcchtig. Es ist wissenschaftlich erwiesen, dass dieses Cannabinoid eine breite Palette positiver Eigenschaften hat, die sowohl im Heilungsprozess als auch beim Sport oder bei der Arbeit hilfreich sind.<\/p>\n<p style=\"text-align: justify;\">Neben Cannabidiol (CBD) enth\u00e4lt das \u00d6l auch geringe Mengen anderer Cannabinoide, z. B. : <strong>CBDA, CBDV, CBN, CBC, THC, THCA, CBG, CBGA, <\/strong>und Flavonoide und <strong>Terpene.<br \/>\n<\/strong><\/p>\n<p style=\"text-align: justify;\"><strong>Terpene, die in dem CBD-\u00d6l von Hempmont nat\u00fcrlich vorkommen:<\/strong>\u00a0Limonen, Linalool, Myrcen, Alpha- und Beta-Pinen, Beta-Caryophyllen, Cariophyllenoxid, Humulen, Nerolidol, Phytol und viele andere.<\/p>\n<p style=\"text-align: justify;\">Weitere nat\u00fcrlich vorkommende Stoffe sind: Spurenelemente - Phosphor, Kalium, Magnesium, Kalzium, Eisen, Natrium, Mangan, Vitamine - Vitamin E, Thiamin (B1), Riboflavin (B2), Vitamin K, sowie Chlorophyll, Alkane, Stickstoffverbindungen, Aminos\u00e4uren, Zucker, Aldehyde, Alkohole, Ketone, Flavonoide, Glykoside, Farbstoffe, Wasser und Bio-Hanfsamen\u00f6l, das reich an mehrfach unges\u00e4ttigten Fetts\u00e4uren (Omega) ist.<\/p>\n<p style=\"text-align: justify;\">Das CBD-\u00d6l von Hempmont wird aus Hanfsamen hergestellt, die ohne Pestizide, Herbizide oder GVO angebaut werden. Jedes unserer Produkte ist laborgepr\u00fcft und frei von Schadstoffen wie Schwermetallen und mikrobiologischen Verunreinigungen wie Bakterien und Pilzen.<\/p>\n<p style=\"text-align: justify;\">Das Produkt enth\u00e4lt kein synthetisches CBD.<\/p>\n<h4 style=\"text-align: justify;\"><strong>Zusammensetzung:<\/strong><\/h4>\n<p style=\"text-align: justify;\">Bio-Hanf\u00f6l, Lebertran, Distel\u00f6l, Hanfextrakt mit einem vollst\u00e4ndigen Spektrum an Hanfverbindungen, Terpenoiden und Flavonoiden. THC &lt; 0,2%<\/p>\n<h4 style=\"text-align: justify;\">Spezifikation:<\/h4>\n<p style=\"text-align: justify;\"><strong>Fassungsverm\u00f6gen der Flasche:<\/strong>\u00a012 ml, ca. 240 Tropfen<br \/>\n<strong>Inhalt:<\/strong>\u00a0600 mg CBD<br \/>\n<strong>Verfallsdatum:<\/strong> mindestens 12 Monate<\/p>\n<p style=\"text-align: justify;\">1 Tropfen enth\u00e4lt 2,5 mg CBD, 1 ml enth\u00e4lt ca. 50 mg CBD<\/p>\n<h4 style=\"text-align: justify;\">Gebrauchsanweisung<\/h4>\n<p style=\"text-align: justify;\">Die \u00d6le von Hempmont werden mit praktischen Tropfern f\u00fcr eine einfache Dosierung geliefert. Um das CBD-\u00d6l zu verwenden, m\u00fcssen Sie:<\/p>\n<ol style=\"text-align: justify;\">\n<li>Sch\u00fctteln Sie die Flasche vor Gebrauch;<\/li>\n<li>Dr\u00fccken Sie das Gummielement an der Mutter zusammen, damit das \u00d6l in den Schlauch gelangt;<\/li>\n<li>schrauben Sie die Pipettenkappe ab;<\/li>\n<li>Nehmen Sie die Pipette vorsichtig aus der Flasche;<\/li>\n<li>Tragen Sie das \u00d6l auf, indem Sie die Gummikappe wie angegeben leicht zusammendr\u00fccken.<\/li>\n<\/ol>\n<div class=\"page\" style=\"text-align: justify;\" title=\"Seite 3\">\n<div class=\"section\">\n<div class=\"layoutArea\">\n<div class=\"column\">\n<p>Die Packung enth\u00e4lt min. 600 mg CBD.<\/p>\n<p>Dosierung: 1 Tropfen, 1 bis 3 Mal pro Tag.<\/p>\n<p>Empfohlene Verwendung: Messen Sie die empfohlene Menge mit einem Messbecher ab. \u00dcberschreiten Sie die Tagesmenge nicht.<\/p>\n<\/div>\n<\/div>\n<\/div>\n<\/div>\n<p style=\"text-align: justify;\">\n<\/div>","protected":false},"excerpt":{"rendered":"<div class=\"woocommerce-product-details__short-description\">\n<div class=\"page\" title=\"Seite 3\">\n<div class=\"section\">\n<div class=\"layoutArea\">\n<div class=\"column\">\n<p style=\"text-align: justify;\">Hempmont Pets Care Hanf\u00f6l enth\u00e4lt das gesamte Spektrum an Phyton\u00e4hrstoffen, Terpenen, Flavonoiden und Phenolen in einer f\u00fcr Ihr Haustier idealen Zusammensetzung. Das Produkt ist angereichert mit Lebertran und Distel\u00f6l f\u00fcr zus\u00e4tzliche gesundheitsf\u00f6rdernde Eigenschaften. Hempmont Pets Care f\u00fcr Katzen ist ein v\u00f6llig nat\u00fcrliches, ganzheitliches Produkt, das sich um das Wohlbefinden und die Gesundheit Ihres Haustieres k\u00fcmmert.<\/p>\n<\/div>\n<\/div>\n<\/div>\n<\/div>\n<p style=\"text-align: justify;\"><strong>F\u00fcr wen? <\/strong>F\u00fcr Katzen \/ Kleintiere<strong><br \/>\n<\/strong><strong>CBD-Anteil pro Portion: <\/strong>2,5 mg \/ 1 Tropfen<strong><br \/>\nAnzahl der Portionen pro Packung: <\/strong>bis zu 240<strong><br \/>\nCBD-Gehalt: <\/strong>600 mg<strong><br \/>\nForm: <\/strong>Auszug <strong>\/ <\/strong>Vollspektrum-\u00d6l<\/p>\n<\/div>","protected":false},"featured_media":29309,"comment_status":"open","ping_status":"closed","template":"","meta":[],"product_cat":[359,537],"product_tag":[],"yoast_head":"<!-- This site is optimized with the Yoast SEO plugin v18.4.1 - https:\/\/yoast.com\/wordpress\/plugins\/seo\/ -->\n<title>Olejek CBD 5% Pets Care - olej dla kot\u00f3w 600 mg CBD - Hempmont.pl<\/title>\n<meta name=\"description\" content=\"Olejek Konopny CBD o st\u0119\u017ceniu 5% i zawarto\u015bci 600mg CBD. Przebadany i certyfikowany produkt przeznaczony dla kot\u00f3w i ma\u0142ych zwierz\u0105t\" \/>\n<meta name=\"robots\" content=\"index, follow, max-snippet:-1, max-image-preview:large, max-video-preview:-1\" \/>\n<link rel=\"canonical\" href=\"https:\/\/b2b.hempmont.pl\/de\/produkt\/cbd-ol-fur-katzen-5-600-mg-hempmont-pets-care-12-ml\/\" \/>\n<meta property=\"og:locale\" content=\"de_DE\" \/>\n<meta property=\"og:type\" content=\"article\" \/>\n<meta property=\"og:title\" content=\"Olejek CBD 5% Pets Care - olej dla kot\u00f3w 600 mg CBD - Hempmont.pl\" \/>\n<meta property=\"og:description\" content=\"Olejek Konopny CBD o st\u0119\u017ceniu 5% i zawarto\u015bci 600mg CBD. Przebadany i certyfikowany produkt przeznaczony dla kot\u00f3w i ma\u0142ych zwierz\u0105t\" \/>\n<meta property=\"og:url\" content=\"https:\/\/b2b.hempmont.pl\/de\/produkt\/cbd-ol-fur-katzen-5-600-mg-hempmont-pets-care-12-ml\/\" \/>\n<meta property=\"og:site_name\" content=\"Hempmont\" \/>\n<meta property=\"article:modified_time\" content=\"2023-07-26T13:36:23+00:00\" \/>\n<meta name=\"twitter:card\" content=\"summary_large_image\" \/>\n<meta name=\"twitter:image\" content=\"https:\/\/b2b.hempmont.pl\/wp-content\/uploads\/2021\/12\/koty-min.webp\" \/>\n<meta name=\"twitter:label1\" content=\"Gesch\u00e4tzte Lesezeit\" \/>\n\t<meta name=\"twitter:data1\" content=\"3\u00a0Minuten\" \/>\n<script type=\"application\/ld+json\" class=\"yoast-schema-graph\">{\"@context\":\"https:\/\/schema.org\",\"@graph\":[{\"@type\":\"WebSite\",\"@id\":\"https:\/\/b2b.hempmont.pl\/#website\",\"url\":\"https:\/\/b2b.hempmont.pl\/\",\"name\":\"Hempmont\",\"description\":\"\",\"potentialAction\":[{\"@type\":\"SearchAction\",\"target\":{\"@type\":\"EntryPoint\",\"urlTemplate\":\"https:\/\/b2b.hempmont.pl\/?s={search_term_string}\"},\"query-input\":\"required name=search_term_string\"}],\"inLanguage\":\"de\"},{\"@type\":\"ImageObject\",\"@id\":\"https:\/\/b2b.hempmont.pl\/produkt\/olejek-konopny-cbd-dla-kotow-5-600-mg-hempmont-pets-care-12-ml\/#primaryimage\",\"inLanguage\":\"de\",\"url\":\"https:\/\/b2b.hempmont.pl\/wp-content\/uploads\/2021\/12\/koty-min.webp\",\"contentUrl\":\"https:\/\/b2b.hempmont.pl\/wp-content\/uploads\/2021\/12\/koty-min.webp\",\"width\":1000,\"height\":1000,\"caption\":\"Olejek dla kot\u00f3w Hempmont\"},{\"@type\":\"WebPage\",\"@id\":\"https:\/\/b2b.hempmont.pl\/produkt\/olejek-konopny-cbd-dla-kotow-5-600-mg-hempmont-pets-care-12-ml\/#webpage\",\"url\":\"https:\/\/b2b.hempmont.pl\/produkt\/olejek-konopny-cbd-dla-kotow-5-600-mg-hempmont-pets-care-12-ml\/\",\"name\":\"Olejek CBD 5% Pets Care - olej dla kot\u00f3w 600 mg CBD - Hempmont.pl\",\"isPartOf\":{\"@id\":\"https:\/\/b2b.hempmont.pl\/#website\"},\"primaryImageOfPage\":{\"@id\":\"https:\/\/b2b.hempmont.pl\/produkt\/olejek-konopny-cbd-dla-kotow-5-600-mg-hempmont-pets-care-12-ml\/#primaryimage\"},\"datePublished\":\"2021-12-23T01:13:18+00:00\",\"dateModified\":\"2023-07-26T13:36:23+00:00\",\"description\":\"Olejek Konopny CBD o st\u0119\u017ceniu 5% i zawarto\u015bci 600mg CBD. Przebadany i certyfikowany produkt przeznaczony dla kot\u00f3w i ma\u0142ych zwierz\u0105t\",\"breadcrumb\":{\"@id\":\"https:\/\/b2b.hempmont.pl\/produkt\/olejek-konopny-cbd-dla-kotow-5-600-mg-hempmont-pets-care-12-ml\/#breadcrumb\"},\"inLanguage\":\"de\",\"potentialAction\":[{\"@type\":\"ReadAction\",\"target\":[\"https:\/\/b2b.hempmont.pl\/produkt\/olejek-konopny-cbd-dla-kotow-5-600-mg-hempmont-pets-care-12-ml\/\"]}]},{\"@type\":\"BreadcrumbList\",\"@id\":\"https:\/\/b2b.hempmont.pl\/produkt\/olejek-konopny-cbd-dla-kotow-5-600-mg-hempmont-pets-care-12-ml\/#breadcrumb\",\"itemListElement\":[{\"@type\":\"ListItem\",\"position\":1,\"name\":\"Strona g\u0142\u00f3wna\",\"item\":\"https:\/\/b2b.hempmont.pl\/\"},{\"@type\":\"ListItem\",\"position\":2,\"name\":\"Sklep CBD\",\"item\":\"https:\/\/b2b.hempmont.pl\/sklep-cbd\/\"},{\"@type\":\"ListItem\",\"position\":3,\"name\":\"Olej konopny dla kot\u00f3w 5% 600 mg, Hempmont Pets Care &#8211; 12 ml\"}]}]}<\/script>\n<!-- \/ Yoast SEO plugin. -->","yoast_head_json":{"title":"Olejek CBD 5% Pets Care - olej dla kot\u00f3w 600 mg CBD - Hempmont.pl","description":"Olejek Konopny CBD o st\u0119\u017ceniu 5% i zawarto\u015bci 600mg CBD. Przebadany i certyfikowany produkt przeznaczony dla kot\u00f3w i ma\u0142ych zwierz\u0105t","robots":{"index":"index","follow":"follow","max-snippet":"max-snippet:-1","max-image-preview":"max-image-preview:large","max-video-preview":"max-video-preview:-1"},"canonical":"https:\/\/b2b.hempmont.pl\/de\/produkt\/cbd-ol-fur-katzen-5-600-mg-hempmont-pets-care-12-ml\/","og_locale":"de_DE","og_type":"article","og_title":"Olejek CBD 5% Pets Care - olej dla kot\u00f3w 600 mg CBD - Hempmont.pl","og_description":"Olejek Konopny CBD o st\u0119\u017ceniu 5% i zawarto\u015bci 600mg CBD. Przebadany i certyfikowany produkt przeznaczony dla kot\u00f3w i ma\u0142ych zwierz\u0105t","og_url":"https:\/\/b2b.hempmont.pl\/de\/produkt\/cbd-ol-fur-katzen-5-600-mg-hempmont-pets-care-12-ml\/","og_site_name":"Hempmont","article_modified_time":"2023-07-26T13:36:23+00:00","twitter_card":"summary_large_image","twitter_image":"https:\/\/b2b.hempmont.pl\/wp-content\/uploads\/2021\/12\/koty-min.webp","twitter_misc":{"Gesch\u00e4tzte Lesezeit":"3\u00a0Minuten"},"schema":{"@context":"https:\/\/schema.org","@graph":[{"@type":"WebSite","@id":"https:\/\/b2b.hempmont.pl\/#website","url":"https:\/\/b2b.hempmont.pl\/","name":"Hempmont","description":"","potentialAction":[{"@type":"SearchAction","target":{"@type":"EntryPoint","urlTemplate":"https:\/\/b2b.hempmont.pl\/?s={search_term_string}"},"query-input":"required name=search_term_string"}],"inLanguage":"de"},{"@type":"ImageObject","@id":"https:\/\/b2b.hempmont.pl\/produkt\/olejek-konopny-cbd-dla-kotow-5-600-mg-hempmont-pets-care-12-ml\/#primaryimage","inLanguage":"de","url":"https:\/\/b2b.hempmont.pl\/wp-content\/uploads\/2021\/12\/koty-min.webp","contentUrl":"https:\/\/b2b.hempmont.pl\/wp-content\/uploads\/2021\/12\/koty-min.webp","width":1000,"height":1000,"caption":"Olejek dla kot\u00f3w Hempmont"},{"@type":"WebPage","@id":"https:\/\/b2b.hempmont.pl\/produkt\/olejek-konopny-cbd-dla-kotow-5-600-mg-hempmont-pets-care-12-ml\/#webpage","url":"https:\/\/b2b.hempmont.pl\/produkt\/olejek-konopny-cbd-dla-kotow-5-600-mg-hempmont-pets-care-12-ml\/","name":"Olejek CBD 5% Pets Care - olej dla kot\u00f3w 600 mg CBD - Hempmont.pl","isPartOf":{"@id":"https:\/\/b2b.hempmont.pl\/#website"},"primaryImageOfPage":{"@id":"https:\/\/b2b.hempmont.pl\/produkt\/olejek-konopny-cbd-dla-kotow-5-600-mg-hempmont-pets-care-12-ml\/#primaryimage"},"datePublished":"2021-12-23T01:13:18+00:00","dateModified":"2023-07-26T13:36:23+00:00","description":"Olejek Konopny CBD o st\u0119\u017ceniu 5% i zawarto\u015bci 600mg CBD. Przebadany i certyfikowany produkt przeznaczony dla kot\u00f3w i ma\u0142ych zwierz\u0105t","breadcrumb":{"@id":"https:\/\/b2b.hempmont.pl\/produkt\/olejek-konopny-cbd-dla-kotow-5-600-mg-hempmont-pets-care-12-ml\/#breadcrumb"},"inLanguage":"de","potentialAction":[{"@type":"ReadAction","target":["https:\/\/b2b.hempmont.pl\/produkt\/olejek-konopny-cbd-dla-kotow-5-600-mg-hempmont-pets-care-12-ml\/"]}]},{"@type":"BreadcrumbList","@id":"https:\/\/b2b.hempmont.pl\/produkt\/olejek-konopny-cbd-dla-kotow-5-600-mg-hempmont-pets-care-12-ml\/#breadcrumb","itemListElement":[{"@type":"ListItem","position":1,"name":"Strona g\u0142\u00f3wna","item":"https:\/\/b2b.hempmont.pl\/"},{"@type":"ListItem","position":2,"name":"Sklep CBD","item":"https:\/\/b2b.hempmont.pl\/sklep-cbd\/"},{"@type":"ListItem","position":3,"name":"Olej konopny dla kot\u00f3w 5% 600 mg, Hempmont Pets Care &#8211; 12 ml"}]}]}},"_links":{"self":[{"href":"https:\/\/b2b.hempmont.pl\/de\/wp-json\/wp\/v2\/product\/25908"}],"collection":[{"href":"https:\/\/b2b.hempmont.pl\/de\/wp-json\/wp\/v2\/product"}],"about":[{"href":"https:\/\/b2b.hempmont.pl\/de\/wp-json\/wp\/v2\/types\/product"}],"replies":[{"embeddable":true,"href":"https:\/\/b2b.hempmont.pl\/de\/wp-json\/wp\/v2\/comments?post=25908"}],"wp:featuredmedia":[{"embeddable":true,"href":"https:\/\/b2b.hempmont.pl\/de\/wp-json\/wp\/v2\/media\/29309"}],"wp:attachment":[{"href":"https:\/\/b2b.hempmont.pl\/de\/wp-json\/wp\/v2\/media?parent=25908"}],"wp:term":[{"taxonomy":"product_cat","embeddable":true,"href":"https:\/\/b2b.hempmont.pl\/de\/wp-json\/wp\/v2\/product_cat?post=25908"},{"taxonomy":"product_tag","embeddable":true,"href":"https:\/\/b2b.hempmont.pl\/de\/wp-json\/wp\/v2\/product_tag?post=25908"}],"curies":[{"name":"wp","href":"https:\/\/api.w.org\/{rel}","templated":true}]}}