{"id":29748,"date":"2022-08-23T16:35:07","date_gmt":"2022-08-23T14:35:07","guid":{"rendered":"https:\/\/b2b.hempmont.pl\/?post_type=product&#038;p=29748"},"modified":"2025-06-23T20:50:53","modified_gmt":"2025-06-23T18:50:53","slug":"susz-konopny-cbd-gold-65-hempmont-flos-3-gramy","status":"publish","type":"product","link":"https:\/\/b2b.hempmont.pl\/de\/produkt\/cannabis-blumen-cbd-gold-65-hempmont-flos-3-gramm\/","title":{"rendered":"Getrockneter Bio-Hanf CBD Gold 6.5%, Hanfmont Flos - 3 Gramm"},"content":{"rendered":"<div class=\"et_pb_tab_content\">\n<h4 style=\"text-align: justify;\">CBD Gold 6.5% Hanfsamen mit au\u00dfergew\u00f6hnlichem Aroma<\/h4>\n<p style=\"text-align: justify;\">CBD trocken der Marke Hempmont mit einem Mindestgehalt von 6,5% Cannabidiol (CBD) und anderen nat\u00fcrlich vorkommenden Substanzen im Hanf.<\/p>\n<h4 style=\"text-align: justify;\">Wichtigste Produktmerkmale:<\/h4>\n<ul style=\"text-align: justify;\">\n<li>hilft bei vielen Beschwerden<\/li>\n<li>enth\u00e4lt das gesamte Spektrum der Hanfverbindungen<\/li>\n<li>ist nicht psychoaktiv<\/li>\n<li>ist v\u00f6llig legal<\/li>\n<li>gepr\u00fcft von <strong>akkreditiert<\/strong> Laboratorien<\/li>\n<li>Lieferung am n\u00e4chsten Tag<\/li>\n<li>gro\u00dfe 3-Gramm-Packung<\/li>\n<\/ul>\n<p style=\"text-align: justify;\">Die nat\u00fcrlichen Hanfprodukte von Hempmont sind eine F\u00fclle von mindestens f\u00fcnfhundert im Hanf vorkommenden Substanzen mit einer breiten Palette von therapeutischen Anwendungen.<\/p>\n<h4 style=\"text-align: justify;\">Eigenschaften von CBD<\/h4>\n<p style=\"text-align: justify;\">Cannabidiol ist einer der wichtigsten Wirkstoffe, die in medizinischem Marihuana und Hanf enthalten sind. Es hat ein sehr breites Wirkungsspektrum. Von den mehr als 500 Wirkstoffen, die in Hanf vorkommen, hat CBD die meisten gesundheitsf\u00f6rdernden Eigenschaften. <a href=\"https:\/\/b2b.hempmont.pl\/de\/produktkategorien\/olejki-cbd\/\">CBD-Produkte<\/a> Hanf ist nicht berauschend, da CBD keine psychoaktive Substanz ist.<br \/>\nDas Produkt kann als vielseitiges therapeutisches Mittel eingesetzt werden, ohne dass die Wahrnehmung oder das ver\u00e4nderte Bewusstsein beeintr\u00e4chtigt werden. Cannabidiol (CBD) hat, anders als THC, keine Nebenwirkungen und macht nicht s\u00fcchtig. Es ist wissenschaftlich erwiesen, dass dieses Cannabinoid eine breite Palette positiver Eigenschaften hat, die sowohl im Heilungsprozess als auch beim Sport oder bei der Arbeit hilfreich sind.<\/p>\n<p style=\"text-align: justify;\">Neben Cannabidiol (CBD) enth\u00e4lt die Trockensubstanz vernachl\u00e4ssigbare Mengen anderer Cannabinoide, d.h. : <strong>CBDA, CBDV, CBN, CBC, THC, THCA, CBG, CBGA, <\/strong>und Flavonoide und <strong>Terpene.<br \/>\n<\/strong><\/p>\n<p style=\"text-align: justify;\"><strong>Terpene, die in den CBD-Produkten von Hempmont nat\u00fcrlich vorkommen:<\/strong>\u00a0Limonen, Linalool, Myrcen, Alpha- und Beta-Pinen, Beta-Caryophyllen, Cariophyllenoxid, Humulen, Nerolidol, Phytol und viele andere.<\/p>\n<p style=\"text-align: justify;\">Weitere nat\u00fcrlich vorkommende Stoffe sind: Spurenelemente - Phosphor, Kalium, Magnesium, Kalzium, Eisen, Natrium, Mangan, Vitamine - Vitamin E, Thiamin (B1), Riboflavin (B2), Vitamin K, sowie Chlorophyll, Alkane, Stickstoffverbindungen, Aminos\u00e4uren, Zucker, Aldehyde, Alkohole, Ketone, Flavonoide, Glykoside, Farbstoffe, Wasser und Bio-Hanfsamen\u00f6l, das reich an mehrfach unges\u00e4ttigten Fetts\u00e4uren (Omega) ist.<\/p>\n<p style=\"text-align: justify;\">Das getrocknete CBD von Hempmont wird aus Hanfsamen hergestellt, bei deren Anbau keine Pestizide, Herbizide oder GVOs verwendet werden. Jedes unserer Produkte ist laborgepr\u00fcft und frei von Schadstoffen wie Schwermetallen und mikrobiellen Verunreinigungen wie Bakterien oder Pilzen.<\/p>\n<p style=\"text-align: justify;\">Das Produkt enth\u00e4lt kein synthetisches CBD.<\/p>\n<h4 style=\"text-align: justify;\"><strong>Zusammensetzung:<\/strong><\/h4>\n<p style=\"text-align: justify;\">Getrocknete Hanfbl\u00fcten, 3 Gramm<\/p>\n<h4 style=\"text-align: justify;\">Spezifikation:<\/h4>\n<p style=\"text-align: justify;\"><strong>Inhalt:<\/strong>\u00a03 Gramm<br \/>\n<strong>Verfallsdatum:<\/strong> mindestens 12 Monate<\/p>\n<h4 style=\"text-align: justify;\">Gebrauchsanweisung<\/h4>\n<p style=\"text-align: justify;\">Das getrocknete CBD von Hempmont wird zum Verdampfen verwendet. Geben Sie die gew\u00fcnschte Menge in den Verdampfer und inhalieren Sie dann.<\/p>\n<p style=\"text-align: justify;\">\n<\/div>","protected":false},"excerpt":{"rendered":"<div class=\"woocommerce-product-details__short-description\">\n<div class=\"page\" title=\"Seite 3\">\n<div class=\"section\">\n<div class=\"layoutArea\">\n<div class=\"column\">\n<p style=\"text-align: justify;\">Hempmont CBD Gold Hanfsamen, enth\u00e4lt das gesamte Spektrum der Phyton\u00e4hrstoffe, Terpene, Flavonoide und Phenole, in einer Zusammensetzung ideal f\u00fcr Ihr Wohlbefinden. Ein Produkt polnischen Ursprungs, v\u00f6llig nat\u00fcrlich aus Indoor-Anbau. Es handelt sich um ein hochwertiges getrocknetes Produkt, frei von Stielen und Samen, mit einem sch\u00f6nen Aroma und Aussehen. Das Erzeugnis ist zur Verdampfung bestimmt.<\/p>\n<\/div>\n<\/div>\n<\/div>\n<\/div>\n<p style=\"text-align: justify;\"><strong>F\u00fcr wen? <\/strong>F\u00fcr alle<strong><br \/>\n<\/strong><strong>CBD-Anteil pro Portion: <\/strong>ND<strong><br \/>\nMenge pro Packung: <\/strong>3 Gramm<strong><br \/>\nCBD-Gehalt: <\/strong>650 mg \/ 1 Gramm<strong><br \/>\nForm: <\/strong>D\u00fcrre\u00a0<strong>\/ <\/strong>Vollspektrum-Cannabisbl\u00fcten<\/p>\n<\/div>","protected":false},"featured_media":29749,"comment_status":"open","ping_status":"closed","template":"","meta":[],"product_cat":[593],"product_tag":[],"yoast_head":"<!-- This site is optimized with the Yoast SEO plugin v18.4.1 - https:\/\/yoast.com\/wordpress\/plugins\/seo\/ -->\n<title>Susz konopny CBD Gold 6.5% - 3 gramy 100% naturalny - Hempmont.pl<\/title>\n<meta name=\"description\" content=\"Susz Konopny CBD o st\u0119\u017ceniu 6.5%. Przebadany i certyfikowany produkt przeznaczony do waporyzacji\" \/>\n<meta name=\"robots\" content=\"index, follow, max-snippet:-1, max-image-preview:large, max-video-preview:-1\" \/>\n<link rel=\"canonical\" href=\"https:\/\/b2b.hempmont.pl\/de\/produkt\/cannabis-blumen-cbd-gold-65-hempmont-flos-3-gramm\/\" \/>\n<meta property=\"og:locale\" content=\"de_DE\" \/>\n<meta property=\"og:type\" content=\"article\" \/>\n<meta property=\"og:title\" content=\"Susz konopny CBD Gold 6.5% - 3 gramy 100% naturalny - Hempmont.pl\" \/>\n<meta property=\"og:description\" content=\"Susz Konopny CBD o st\u0119\u017ceniu 6.5%. Przebadany i certyfikowany produkt przeznaczony do waporyzacji\" \/>\n<meta property=\"og:url\" content=\"https:\/\/b2b.hempmont.pl\/de\/produkt\/cannabis-blumen-cbd-gold-65-hempmont-flos-3-gramm\/\" \/>\n<meta property=\"og:site_name\" content=\"Hempmont\" \/>\n<meta property=\"article:modified_time\" content=\"2025-06-23T18:50:53+00:00\" \/>\n<meta name=\"twitter:card\" content=\"summary_large_image\" \/>\n<meta name=\"twitter:image\" content=\"https:\/\/b2b.hempmont.pl\/wp-content\/uploads\/2022\/08\/susz-gold-min.webp\" \/>\n<meta name=\"twitter:label1\" content=\"Gesch\u00e4tzte Lesezeit\" \/>\n\t<meta name=\"twitter:data1\" content=\"2\u00a0Minuten\" \/>\n<script type=\"application\/ld+json\" class=\"yoast-schema-graph\">{\"@context\":\"https:\/\/schema.org\",\"@graph\":[{\"@type\":\"WebSite\",\"@id\":\"https:\/\/b2b.hempmont.pl\/#website\",\"url\":\"https:\/\/b2b.hempmont.pl\/\",\"name\":\"Hempmont\",\"description\":\"\",\"potentialAction\":[{\"@type\":\"SearchAction\",\"target\":{\"@type\":\"EntryPoint\",\"urlTemplate\":\"https:\/\/b2b.hempmont.pl\/?s={search_term_string}\"},\"query-input\":\"required name=search_term_string\"}],\"inLanguage\":\"de\"},{\"@type\":\"ImageObject\",\"@id\":\"https:\/\/b2b.hempmont.pl\/produkt\/susz-konopny-cbd-gold-65-hempmont-flos-3-gramy\/#primaryimage\",\"inLanguage\":\"de\",\"url\":\"https:\/\/b2b.hempmont.pl\/wp-content\/uploads\/2022\/08\/susz-gold-min.webp\",\"contentUrl\":\"https:\/\/b2b.hempmont.pl\/wp-content\/uploads\/2022\/08\/susz-gold-min.webp\",\"width\":1000,\"height\":1000},{\"@type\":\"WebPage\",\"@id\":\"https:\/\/b2b.hempmont.pl\/produkt\/susz-konopny-cbd-gold-65-hempmont-flos-3-gramy\/#webpage\",\"url\":\"https:\/\/b2b.hempmont.pl\/produkt\/susz-konopny-cbd-gold-65-hempmont-flos-3-gramy\/\",\"name\":\"Susz konopny CBD Gold 6.5% - 3 gramy 100% naturalny - Hempmont.pl\",\"isPartOf\":{\"@id\":\"https:\/\/b2b.hempmont.pl\/#website\"},\"primaryImageOfPage\":{\"@id\":\"https:\/\/b2b.hempmont.pl\/produkt\/susz-konopny-cbd-gold-65-hempmont-flos-3-gramy\/#primaryimage\"},\"datePublished\":\"2022-08-23T14:35:07+00:00\",\"dateModified\":\"2025-06-23T18:50:53+00:00\",\"description\":\"Susz Konopny CBD o st\u0119\u017ceniu 6.5%. Przebadany i certyfikowany produkt przeznaczony do waporyzacji\",\"breadcrumb\":{\"@id\":\"https:\/\/b2b.hempmont.pl\/produkt\/susz-konopny-cbd-gold-65-hempmont-flos-3-gramy\/#breadcrumb\"},\"inLanguage\":\"de\",\"potentialAction\":[{\"@type\":\"ReadAction\",\"target\":[\"https:\/\/b2b.hempmont.pl\/produkt\/susz-konopny-cbd-gold-65-hempmont-flos-3-gramy\/\"]}]},{\"@type\":\"BreadcrumbList\",\"@id\":\"https:\/\/b2b.hempmont.pl\/produkt\/susz-konopny-cbd-gold-65-hempmont-flos-3-gramy\/#breadcrumb\",\"itemListElement\":[{\"@type\":\"ListItem\",\"position\":1,\"name\":\"Strona g\u0142\u00f3wna\",\"item\":\"https:\/\/b2b.hempmont.pl\/\"},{\"@type\":\"ListItem\",\"position\":2,\"name\":\"Sklep CBD\",\"item\":\"https:\/\/b2b.hempmont.pl\/sklep-cbd\/\"},{\"@type\":\"ListItem\",\"position\":3,\"name\":\"Ekologiczny susz konopny CBD Gold 6,5%, Hempmont Flos &#8211; 3 gramy\"}]}]}<\/script>\n<!-- \/ Yoast SEO plugin. -->","yoast_head_json":{"title":"Susz konopny CBD Gold 6.5% - 3 gramy 100% naturalny - Hempmont.pl","description":"Susz Konopny CBD o st\u0119\u017ceniu 6.5%. Przebadany i certyfikowany produkt przeznaczony do waporyzacji","robots":{"index":"index","follow":"follow","max-snippet":"max-snippet:-1","max-image-preview":"max-image-preview:large","max-video-preview":"max-video-preview:-1"},"canonical":"https:\/\/b2b.hempmont.pl\/de\/produkt\/cannabis-blumen-cbd-gold-65-hempmont-flos-3-gramm\/","og_locale":"de_DE","og_type":"article","og_title":"Susz konopny CBD Gold 6.5% - 3 gramy 100% naturalny - Hempmont.pl","og_description":"Susz Konopny CBD o st\u0119\u017ceniu 6.5%. Przebadany i certyfikowany produkt przeznaczony do waporyzacji","og_url":"https:\/\/b2b.hempmont.pl\/de\/produkt\/cannabis-blumen-cbd-gold-65-hempmont-flos-3-gramm\/","og_site_name":"Hempmont","article_modified_time":"2025-06-23T18:50:53+00:00","twitter_card":"summary_large_image","twitter_image":"https:\/\/b2b.hempmont.pl\/wp-content\/uploads\/2022\/08\/susz-gold-min.webp","twitter_misc":{"Gesch\u00e4tzte Lesezeit":"2\u00a0Minuten"},"schema":{"@context":"https:\/\/schema.org","@graph":[{"@type":"WebSite","@id":"https:\/\/b2b.hempmont.pl\/#website","url":"https:\/\/b2b.hempmont.pl\/","name":"Hempmont","description":"","potentialAction":[{"@type":"SearchAction","target":{"@type":"EntryPoint","urlTemplate":"https:\/\/b2b.hempmont.pl\/?s={search_term_string}"},"query-input":"required name=search_term_string"}],"inLanguage":"de"},{"@type":"ImageObject","@id":"https:\/\/b2b.hempmont.pl\/produkt\/susz-konopny-cbd-gold-65-hempmont-flos-3-gramy\/#primaryimage","inLanguage":"de","url":"https:\/\/b2b.hempmont.pl\/wp-content\/uploads\/2022\/08\/susz-gold-min.webp","contentUrl":"https:\/\/b2b.hempmont.pl\/wp-content\/uploads\/2022\/08\/susz-gold-min.webp","width":1000,"height":1000},{"@type":"WebPage","@id":"https:\/\/b2b.hempmont.pl\/produkt\/susz-konopny-cbd-gold-65-hempmont-flos-3-gramy\/#webpage","url":"https:\/\/b2b.hempmont.pl\/produkt\/susz-konopny-cbd-gold-65-hempmont-flos-3-gramy\/","name":"Susz konopny CBD Gold 6.5% - 3 gramy 100% naturalny - Hempmont.pl","isPartOf":{"@id":"https:\/\/b2b.hempmont.pl\/#website"},"primaryImageOfPage":{"@id":"https:\/\/b2b.hempmont.pl\/produkt\/susz-konopny-cbd-gold-65-hempmont-flos-3-gramy\/#primaryimage"},"datePublished":"2022-08-23T14:35:07+00:00","dateModified":"2025-06-23T18:50:53+00:00","description":"Susz Konopny CBD o st\u0119\u017ceniu 6.5%. Przebadany i certyfikowany produkt przeznaczony do waporyzacji","breadcrumb":{"@id":"https:\/\/b2b.hempmont.pl\/produkt\/susz-konopny-cbd-gold-65-hempmont-flos-3-gramy\/#breadcrumb"},"inLanguage":"de","potentialAction":[{"@type":"ReadAction","target":["https:\/\/b2b.hempmont.pl\/produkt\/susz-konopny-cbd-gold-65-hempmont-flos-3-gramy\/"]}]},{"@type":"BreadcrumbList","@id":"https:\/\/b2b.hempmont.pl\/produkt\/susz-konopny-cbd-gold-65-hempmont-flos-3-gramy\/#breadcrumb","itemListElement":[{"@type":"ListItem","position":1,"name":"Strona g\u0142\u00f3wna","item":"https:\/\/b2b.hempmont.pl\/"},{"@type":"ListItem","position":2,"name":"Sklep CBD","item":"https:\/\/b2b.hempmont.pl\/sklep-cbd\/"},{"@type":"ListItem","position":3,"name":"Ekologiczny susz konopny CBD Gold 6,5%, Hempmont Flos &#8211; 3 gramy"}]}]}},"_links":{"self":[{"href":"https:\/\/b2b.hempmont.pl\/de\/wp-json\/wp\/v2\/product\/29748"}],"collection":[{"href":"https:\/\/b2b.hempmont.pl\/de\/wp-json\/wp\/v2\/product"}],"about":[{"href":"https:\/\/b2b.hempmont.pl\/de\/wp-json\/wp\/v2\/types\/product"}],"replies":[{"embeddable":true,"href":"https:\/\/b2b.hempmont.pl\/de\/wp-json\/wp\/v2\/comments?post=29748"}],"wp:featuredmedia":[{"embeddable":true,"href":"https:\/\/b2b.hempmont.pl\/de\/wp-json\/wp\/v2\/media\/29749"}],"wp:attachment":[{"href":"https:\/\/b2b.hempmont.pl\/de\/wp-json\/wp\/v2\/media?parent=29748"}],"wp:term":[{"taxonomy":"product_cat","embeddable":true,"href":"https:\/\/b2b.hempmont.pl\/de\/wp-json\/wp\/v2\/product_cat?post=29748"},{"taxonomy":"product_tag","embeddable":true,"href":"https:\/\/b2b.hempmont.pl\/de\/wp-json\/wp\/v2\/product_tag?post=29748"}],"curies":[{"name":"wp","href":"https:\/\/api.w.org\/{rel}","templated":true}]}}