{"id":30624,"date":"2022-10-31T11:20:14","date_gmt":"2022-10-31T10:20:14","guid":{"rendered":"https:\/\/b2b.hempmont.pl\/?post_type=product&#038;p=30624"},"modified":"2025-06-23T20:50:25","modified_gmt":"2025-06-23T18:50:25","slug":"ekologiczny-susz-konopny-cbg-gold-125-hempmont-flos-3-gramy","status":"publish","type":"product","link":"https:\/\/b2b.hempmont.pl\/de\/produkt\/cannabis-blumen-cbg-gold-65-3-gramm\/","title":{"rendered":"Getrockneter Bio-Hanf CBG Gold 12.5%, Hempmont Flos - 3 Gramm"},"content":{"rendered":"<div class=\"et_pb_tab_content\">\n<h4 style=\"text-align: justify;\">Ekologiczny Susz konopny CBG Gold 12.5% o wyj\u0105tkowym aromacie<\/h4>\n<p style=\"text-align: justify;\">Susz CBG marki Hempmont o zawarto\u015bci minimum 12.5% kannabigerolu (CBG) oraz pozosta\u0142ych substancji naturalnie wyst\u0119puj\u0105cych w konopi.<\/p>\n<h4 style=\"text-align: justify;\">Wichtigste Produktmerkmale:<\/h4>\n<ul style=\"text-align: justify;\">\n<li>hilft bei vielen Beschwerden<\/li>\n<li>enth\u00e4lt das gesamte Spektrum der Hanfverbindungen<\/li>\n<li>ist nicht psychoaktiv<\/li>\n<li>ist v\u00f6llig legal<\/li>\n<li>gepr\u00fcft von <strong>akkreditiert<\/strong> Laboratorien<\/li>\n<li>Lieferung am n\u00e4chsten Tag<\/li>\n<li>gro\u00dfe 3-Gramm-Packung<\/li>\n<li>z upraw ekologicznych<\/li>\n<\/ul>\n<p style=\"text-align: justify;\">Die nat\u00fcrlichen Hanfprodukte von Hempmont sind eine F\u00fclle von mindestens f\u00fcnfhundert im Hanf vorkommenden Substanzen mit einer breiten Palette von therapeutischen Anwendungen.<\/p>\n<h4 style=\"text-align: justify;\">Eigenschaften von CBG<\/h4>\n<p style=\"text-align: justify;\">CBG podobnie jak inne kannabinoidy wp\u0142ywaj\u0105 na prac\u0119 uk\u0142adu endokannabinoidowego. Zwi\u0105zek ten jest cz\u0119\u015bciowym agonist\u0105 receptor\u00f3w CB1 oraz CB2 odpowiedzialnych za liczne funkcje organizmu.\u00a0Wed\u0142ug niekt\u00f3rych \u017ar\u00f3de\u0142 kannabigerol posiada silniejsze w\u0142a\u015bciwo\u015bci przeciwb\u00f3lowe oraz przeciwarytmiczne ni\u017c szeroko rozpowszechniony THC.<\/p>\n<p>Das Produkt kann als vielseitiges therapeutisches Mittel eingesetzt werden, ohne dass die Wahrnehmung oder das ver\u00e4nderte Bewusstsein beeintr\u00e4chtigt werden. Cannabidiol (CBD) hat, anders als THC, keine Nebenwirkungen und macht nicht s\u00fcchtig. Es ist wissenschaftlich erwiesen, dass dieses Cannabinoid eine breite Palette positiver Eigenschaften hat, die sowohl im Heilungsprozess als auch beim Sport oder bei der Arbeit hilfreich sind.<\/p>\n<p style=\"text-align: justify;\">Poza kannabigerolem (CBG) susz zawiera r\u00f3wnie\u017c nieznaczne ilo\u015bci innych kannabinoid\u00f3w tj. : <strong>CBDA, CBD, CBDV, CBN, CBC, THC, THCA, CBG, CBGA, <\/strong>und Flavonoide und <strong>Terpene.<br \/>\n<\/strong><\/p>\n<p style=\"text-align: justify;\"><strong>Terpeny naturalnie wyst\u0119puj\u0105ce w produktach Hempmont:<\/strong>\u00a0Limonen, Linalool, Myrcen, Alpha- und Beta-Pinen, Beta-Caryophyllen, Cariophyllenoxid, Humulen, Nerolidol, Phytol und viele andere.<\/p>\n<p style=\"text-align: justify;\">Weitere nat\u00fcrlich vorkommende Stoffe sind: Spurenelemente - Phosphor, Kalium, Magnesium, Kalzium, Eisen, Natrium, Mangan, Vitamine - Vitamin E, Thiamin (B1), Riboflavin (B2), Vitamin K, sowie Chlorophyll, Alkane, Stickstoffverbindungen, Aminos\u00e4uren, Zucker, Aldehyde, Alkohole, Ketone, Flavonoide, Glykoside, Farbstoffe, Wasser und Bio-Hanfsamen\u00f6l, das reich an mehrfach unges\u00e4ttigten Fetts\u00e4uren (Omega) ist.<\/p>\n<p style=\"text-align: justify;\">Susz CBG Hempmont produkuje si\u0119 z konopi siewnych, przy uprawie kt\u00f3rych nie stosuj\u0119 si\u0119 pestycyd\u00f3w, herbicyd\u00f3w czy GMO. Ka\u017cdy nasz produkt jest przebadany laboratoryjnie, wolny od zanieczyszcze\u0144 takich jak metale ci\u0119zkie, oraz mikrobiologicznych zanieczyszcze\u0144 jak bakterie czy grzyby.<\/p>\n<p style=\"text-align: justify;\">Das Produkt enth\u00e4lt kein synthetisches CBD.<\/p>\n<h4 style=\"text-align: justify;\"><strong>Zusammensetzung:<\/strong><\/h4>\n<p style=\"text-align: justify;\">Getrocknete Hanfbl\u00fcten, 3 Gramm<\/p>\n<h4 style=\"text-align: justify;\">Spezifikation:<\/h4>\n<p style=\"text-align: justify;\"><strong>Inhalt:<\/strong>\u00a03 Gramm<br \/>\n<strong>Verfallsdatum:<\/strong> mindestens 12 Monate<\/p>\n<h4 style=\"text-align: justify;\">Gebrauchsanweisung<\/h4>\n<p style=\"text-align: justify;\">Susz CBG Hempmont znajduje zastosowanie w waporyzacji. W\u0142\u00f3\u017c wybran\u0105 ilo\u015b\u0107 do waporyzatora, nast\u0119pnie przyst\u0105p do inhalacji.<\/p>\n<p style=\"text-align: justify;\">\n<\/div>","protected":false},"excerpt":{"rendered":"<div class=\"woocommerce-product-details__short-description\">\n<div class=\"page\" title=\"Seite 3\">\n<div class=\"section\">\n<div class=\"layoutArea\">\n<div class=\"column\">\n<p style=\"text-align: justify;\">Susz konopny Hempmont CBG Gold, zawiera pe\u0142ne spektrum fitosk\u0142adniko\u0301w, terpeny, flawonoidy oraz fenole, w kompozycji idealnej dla Twojego samopoczucia. Produkt polskiego pochodzenia, ca\u0142kowicie naturalny z ekologicznej uprawy wewn\u0119trznej. Jest to susz najwy\u017cszej jako\u015bci, pozbawiony \u0142odyg i nasion, o pi\u0119knym aromacie oraz wygl\u0105dzie. Produkt przeznaczony do waporyzacji.<\/p>\n<\/div>\n<\/div>\n<\/div>\n<\/div>\n<p style=\"text-align: justify;\"><strong>F\u00fcr wen? <\/strong>F\u00fcr alle<strong><br \/>\n<\/strong><strong>CBD-Anteil pro Portion: <\/strong>ND<strong><br \/>\nMenge pro Packung: <\/strong>3 Gramm<strong><br \/>\nCBG-Inhalt: <\/strong>125 mg \/ 1 gram<strong><br \/>\nForm: <\/strong>D\u00fcrre\u00a0<strong>\/ <\/strong>Vollspektrum-Cannabisbl\u00fcten<\/p>\n<\/div>","protected":false},"featured_media":30626,"comment_status":"open","ping_status":"closed","template":"","meta":[],"product_cat":[593],"product_tag":[],"yoast_head":"<!-- This site is optimized with the Yoast SEO plugin v18.4.1 - https:\/\/yoast.com\/wordpress\/plugins\/seo\/ -->\n<title>Ekologiczny susz konopny CBG Gold 12.5% - 3 gramy 100% naturalny<\/title>\n<meta name=\"description\" content=\"Ekologiczny susz Konopny CBG o st\u0119\u017ceniu 12.5%. Przebadany i certyfikowany produkt przeznaczony do waporyzacji\" \/>\n<meta name=\"robots\" content=\"index, follow, max-snippet:-1, max-image-preview:large, max-video-preview:-1\" \/>\n<link rel=\"canonical\" href=\"https:\/\/b2b.hempmont.pl\/de\/produkt\/cannabis-blumen-cbg-gold-65-3-gramm\/\" \/>\n<meta property=\"og:locale\" content=\"de_DE\" \/>\n<meta property=\"og:type\" content=\"article\" \/>\n<meta property=\"og:title\" content=\"Ekologiczny susz konopny CBG Gold 12.5% - 3 gramy 100% naturalny\" \/>\n<meta property=\"og:description\" content=\"Ekologiczny susz Konopny CBG o st\u0119\u017ceniu 12.5%. Przebadany i certyfikowany produkt przeznaczony do waporyzacji\" \/>\n<meta property=\"og:url\" content=\"https:\/\/b2b.hempmont.pl\/de\/produkt\/cannabis-blumen-cbg-gold-65-3-gramm\/\" \/>\n<meta property=\"og:site_name\" content=\"Hempmont\" \/>\n<meta property=\"article:modified_time\" content=\"2025-06-23T18:50:25+00:00\" \/>\n<meta name=\"twitter:card\" content=\"summary_large_image\" \/>\n<meta name=\"twitter:image\" content=\"https:\/\/b2b.hempmont.pl\/wp-content\/uploads\/2022\/10\/susz-cbg-min.webp\" \/>\n<meta name=\"twitter:label1\" content=\"Gesch\u00e4tzte Lesezeit\" \/>\n\t<meta name=\"twitter:data1\" content=\"3\u00a0Minuten\" \/>\n<script type=\"application\/ld+json\" class=\"yoast-schema-graph\">{\"@context\":\"https:\/\/schema.org\",\"@graph\":[{\"@type\":\"WebSite\",\"@id\":\"https:\/\/b2b.hempmont.pl\/#website\",\"url\":\"https:\/\/b2b.hempmont.pl\/\",\"name\":\"Hempmont\",\"description\":\"\",\"potentialAction\":[{\"@type\":\"SearchAction\",\"target\":{\"@type\":\"EntryPoint\",\"urlTemplate\":\"https:\/\/b2b.hempmont.pl\/?s={search_term_string}\"},\"query-input\":\"required name=search_term_string\"}],\"inLanguage\":\"de\"},{\"@type\":\"ImageObject\",\"@id\":\"https:\/\/b2b.hempmont.pl\/produkt\/ekologiczny-susz-konopny-cbg-gold-125-hempmont-flos-3-gramy\/#primaryimage\",\"inLanguage\":\"de\",\"url\":\"https:\/\/b2b.hempmont.pl\/wp-content\/uploads\/2022\/10\/susz-cbg-min.webp\",\"contentUrl\":\"https:\/\/b2b.hempmont.pl\/wp-content\/uploads\/2022\/10\/susz-cbg-min.webp\",\"width\":1000,\"height\":1000,\"caption\":\"Susz konopny CBG\"},{\"@type\":\"WebPage\",\"@id\":\"https:\/\/b2b.hempmont.pl\/produkt\/ekologiczny-susz-konopny-cbg-gold-125-hempmont-flos-3-gramy\/#webpage\",\"url\":\"https:\/\/b2b.hempmont.pl\/produkt\/ekologiczny-susz-konopny-cbg-gold-125-hempmont-flos-3-gramy\/\",\"name\":\"Ekologiczny susz konopny CBG Gold 12.5% - 3 gramy 100% naturalny\",\"isPartOf\":{\"@id\":\"https:\/\/b2b.hempmont.pl\/#website\"},\"primaryImageOfPage\":{\"@id\":\"https:\/\/b2b.hempmont.pl\/produkt\/ekologiczny-susz-konopny-cbg-gold-125-hempmont-flos-3-gramy\/#primaryimage\"},\"datePublished\":\"2022-10-31T10:20:14+00:00\",\"dateModified\":\"2025-06-23T18:50:25+00:00\",\"description\":\"Ekologiczny susz Konopny CBG o st\u0119\u017ceniu 12.5%. Przebadany i certyfikowany produkt przeznaczony do waporyzacji\",\"breadcrumb\":{\"@id\":\"https:\/\/b2b.hempmont.pl\/produkt\/ekologiczny-susz-konopny-cbg-gold-125-hempmont-flos-3-gramy\/#breadcrumb\"},\"inLanguage\":\"de\",\"potentialAction\":[{\"@type\":\"ReadAction\",\"target\":[\"https:\/\/b2b.hempmont.pl\/produkt\/ekologiczny-susz-konopny-cbg-gold-125-hempmont-flos-3-gramy\/\"]}]},{\"@type\":\"BreadcrumbList\",\"@id\":\"https:\/\/b2b.hempmont.pl\/produkt\/ekologiczny-susz-konopny-cbg-gold-125-hempmont-flos-3-gramy\/#breadcrumb\",\"itemListElement\":[{\"@type\":\"ListItem\",\"position\":1,\"name\":\"Strona g\u0142\u00f3wna\",\"item\":\"https:\/\/b2b.hempmont.pl\/\"},{\"@type\":\"ListItem\",\"position\":2,\"name\":\"Sklep CBD\",\"item\":\"https:\/\/b2b.hempmont.pl\/sklep-cbd\/\"},{\"@type\":\"ListItem\",\"position\":3,\"name\":\"Ekologiczny susz konopny CBG Gold 12,5%, Hempmont Flos &#8211; 3 gramy\"}]}]}<\/script>\n<!-- \/ Yoast SEO plugin. -->","yoast_head_json":{"title":"Ekologiczny susz konopny CBG Gold 12.5% - 3 gramy 100% naturalny","description":"Ekologiczny susz Konopny CBG o st\u0119\u017ceniu 12.5%. Przebadany i certyfikowany produkt przeznaczony do waporyzacji","robots":{"index":"index","follow":"follow","max-snippet":"max-snippet:-1","max-image-preview":"max-image-preview:large","max-video-preview":"max-video-preview:-1"},"canonical":"https:\/\/b2b.hempmont.pl\/de\/produkt\/cannabis-blumen-cbg-gold-65-3-gramm\/","og_locale":"de_DE","og_type":"article","og_title":"Ekologiczny susz konopny CBG Gold 12.5% - 3 gramy 100% naturalny","og_description":"Ekologiczny susz Konopny CBG o st\u0119\u017ceniu 12.5%. Przebadany i certyfikowany produkt przeznaczony do waporyzacji","og_url":"https:\/\/b2b.hempmont.pl\/de\/produkt\/cannabis-blumen-cbg-gold-65-3-gramm\/","og_site_name":"Hempmont","article_modified_time":"2025-06-23T18:50:25+00:00","twitter_card":"summary_large_image","twitter_image":"https:\/\/b2b.hempmont.pl\/wp-content\/uploads\/2022\/10\/susz-cbg-min.webp","twitter_misc":{"Gesch\u00e4tzte Lesezeit":"3\u00a0Minuten"},"schema":{"@context":"https:\/\/schema.org","@graph":[{"@type":"WebSite","@id":"https:\/\/b2b.hempmont.pl\/#website","url":"https:\/\/b2b.hempmont.pl\/","name":"Hempmont","description":"","potentialAction":[{"@type":"SearchAction","target":{"@type":"EntryPoint","urlTemplate":"https:\/\/b2b.hempmont.pl\/?s={search_term_string}"},"query-input":"required name=search_term_string"}],"inLanguage":"de"},{"@type":"ImageObject","@id":"https:\/\/b2b.hempmont.pl\/produkt\/ekologiczny-susz-konopny-cbg-gold-125-hempmont-flos-3-gramy\/#primaryimage","inLanguage":"de","url":"https:\/\/b2b.hempmont.pl\/wp-content\/uploads\/2022\/10\/susz-cbg-min.webp","contentUrl":"https:\/\/b2b.hempmont.pl\/wp-content\/uploads\/2022\/10\/susz-cbg-min.webp","width":1000,"height":1000,"caption":"Susz konopny CBG"},{"@type":"WebPage","@id":"https:\/\/b2b.hempmont.pl\/produkt\/ekologiczny-susz-konopny-cbg-gold-125-hempmont-flos-3-gramy\/#webpage","url":"https:\/\/b2b.hempmont.pl\/produkt\/ekologiczny-susz-konopny-cbg-gold-125-hempmont-flos-3-gramy\/","name":"Ekologiczny susz konopny CBG Gold 12.5% - 3 gramy 100% naturalny","isPartOf":{"@id":"https:\/\/b2b.hempmont.pl\/#website"},"primaryImageOfPage":{"@id":"https:\/\/b2b.hempmont.pl\/produkt\/ekologiczny-susz-konopny-cbg-gold-125-hempmont-flos-3-gramy\/#primaryimage"},"datePublished":"2022-10-31T10:20:14+00:00","dateModified":"2025-06-23T18:50:25+00:00","description":"Ekologiczny susz Konopny CBG o st\u0119\u017ceniu 12.5%. Przebadany i certyfikowany produkt przeznaczony do waporyzacji","breadcrumb":{"@id":"https:\/\/b2b.hempmont.pl\/produkt\/ekologiczny-susz-konopny-cbg-gold-125-hempmont-flos-3-gramy\/#breadcrumb"},"inLanguage":"de","potentialAction":[{"@type":"ReadAction","target":["https:\/\/b2b.hempmont.pl\/produkt\/ekologiczny-susz-konopny-cbg-gold-125-hempmont-flos-3-gramy\/"]}]},{"@type":"BreadcrumbList","@id":"https:\/\/b2b.hempmont.pl\/produkt\/ekologiczny-susz-konopny-cbg-gold-125-hempmont-flos-3-gramy\/#breadcrumb","itemListElement":[{"@type":"ListItem","position":1,"name":"Strona g\u0142\u00f3wna","item":"https:\/\/b2b.hempmont.pl\/"},{"@type":"ListItem","position":2,"name":"Sklep CBD","item":"https:\/\/b2b.hempmont.pl\/sklep-cbd\/"},{"@type":"ListItem","position":3,"name":"Ekologiczny susz konopny CBG Gold 12,5%, Hempmont Flos &#8211; 3 gramy"}]}]}},"_links":{"self":[{"href":"https:\/\/b2b.hempmont.pl\/de\/wp-json\/wp\/v2\/product\/30624"}],"collection":[{"href":"https:\/\/b2b.hempmont.pl\/de\/wp-json\/wp\/v2\/product"}],"about":[{"href":"https:\/\/b2b.hempmont.pl\/de\/wp-json\/wp\/v2\/types\/product"}],"replies":[{"embeddable":true,"href":"https:\/\/b2b.hempmont.pl\/de\/wp-json\/wp\/v2\/comments?post=30624"}],"wp:featuredmedia":[{"embeddable":true,"href":"https:\/\/b2b.hempmont.pl\/de\/wp-json\/wp\/v2\/media\/30626"}],"wp:attachment":[{"href":"https:\/\/b2b.hempmont.pl\/de\/wp-json\/wp\/v2\/media?parent=30624"}],"wp:term":[{"taxonomy":"product_cat","embeddable":true,"href":"https:\/\/b2b.hempmont.pl\/de\/wp-json\/wp\/v2\/product_cat?post=30624"},{"taxonomy":"product_tag","embeddable":true,"href":"https:\/\/b2b.hempmont.pl\/de\/wp-json\/wp\/v2\/product_tag?post=30624"}],"curies":[{"name":"wp","href":"https:\/\/api.w.org\/{rel}","templated":true}]}}