{"id":2093,"date":"2021-01-30T20:55:43","date_gmt":"2021-01-30T19:55:43","guid":{"rendered":"http:\/\/beta.hempmont.pl\/sklep-cbd\/bez-kategorii\/olejek-cbd-5-600mg-hempmont-apeks-12-ml\/"},"modified":"2025-06-03T04:12:54","modified_gmt":"2025-06-03T02:12:54","slug":"olejek-cbd-5-600mg-hempmont-apeks-12-ml","status":"publish","type":"product","link":"https:\/\/b2b.hempmont.pl\/en\/product\/cbd-oil-5-600mg-hempmont-apeks-12-ml\/","title":{"rendered":"Olej konopny 5% 600 mg, Hempmont Apeks\u00ae &#8211; 12 ml"},"content":{"rendered":"<div class=\"et_pb_tab_content\">\n<div class=\"et_pb_tab_content\">\n<h4 style=\"text-align: justify;\">CBD oil 5% Hempmont Apeks<\/h4>\n<p style=\"text-align: justify;\">Hempmont Apeks 5% brand CBD oil, with a minimum of 600 mg of cannabidiol (CBD) and other substances naturally found in hemp. Hempmont natural hemp extracts are a wealth of at least five hundred substances found in hemp, with a wide range of uses.<\/p>\n<h4 style=\"text-align: justify;\">Key product features:<\/h4>\n<ul style=\"text-align: justify;\">\n<li>helps regulate sleep<\/li>\n<li>has a full spectrum of hemp compounds<\/li>\n<li>is not psychoactive<\/li>\n<li>is completely legal<\/li>\n<li>examined by <strong>accredited<\/strong> laboratories<\/li>\n<li>next day delivery<\/li>\n<li>a bottle lasts for 60 days<\/li>\n<\/ul>\n<h4 style=\"text-align: justify;\">Properties of CBD<\/h4>\n<p style=\"text-align: justify;\">Cannabidiol is one of the most important active substances found in medical marijuana and hemp. It has a very broad spectrum of effects. Of the more than 500 active substances found in hemp, CBD has the most health-promoting properties. <a href=\"https:\/\/b2b.hempmont.pl\/en\/product-category\/olejki-cbd\/\">CBD oils<\/a> Hemp is not intoxicating because CBD is not a psychoactive substance.<br \/>\nThe product can be used as an all-rounder, without worrying about perception or altered consciousness. Unlike THC, cannabidiol (CBD) has no side effects and is not addictive. It is scientifically proven that this cannabinoid has a huge number of positive properties, which are helpful in the healing process as well as during sport or work.<\/p>\n<p style=\"text-align: justify;\"><strong>Besides cannabidiol (CBD), the oil also contains other cannabinoids, i.e.<\/strong>CBDA, CBDV, CBN, CBC, THC, THCA, CBG, CBGA, and flavonoids and terpenes.<strong><br \/>\n<\/strong><\/p>\n<p style=\"text-align: justify;\"><strong>Terpenes naturally occurring in Hempmont CBD oil:<\/strong>\u00a0limonene, linalool, myrcene, alpha and beta pinene, beta-caryophyllene, cariophyllene oxide, humulene, nerolidol, phytol and many others.<\/p>\n<p style=\"text-align: justify;\"><strong>Other naturally occurring substances include:<\/strong> trace elements - phosphorus, potassium, magnesium, calcium, iron, sodium, manganese, vitamins - vitamin E, thiamine (B1), riboflavin (B2), vitamin K, as well as chlorophyll, alkanes nitrogenous compounds, amino acids, sugars, aldehydes, alcohols, ketones, flavonoids, glycosides, dyes, water and organic hemp seed oil rich in polyunsaturated fatty acids (omega).<\/p>\n<p style=\"text-align: justify;\">Hempmont CBD oil is made from hemp seed, which is grown without pesticides, herbicides or GMOs. Each of our products is laboratory tested, free from substances such as heavy metals, and microbiological contaminants such as bacteria and fungi. The product does not contain synthetic CBD.<\/p>\n<h4 style=\"text-align: justify;\">Specification:<\/h4>\n<p style=\"text-align: justify;\"><strong>Bottle capacity:<\/strong>\u00a012 ml, approx. 240 drops<br \/>\n<strong>Content:<\/strong> min. 600 mg CBD<br \/>\n<strong>Expiry date:<\/strong> 05.2024<br \/>\n<strong>Number of portions:<\/strong> 60. 1 dose (4 drops) contains 10 mg CBD and other substances contained in hemp.<br \/>\n<strong>Composition:<\/strong> fibrous hemp extract, organic hemp seed oil<\/p>\n<\/div>\n<h4 style=\"text-align: justify;\">Directions for use<\/h4>\n<p style=\"text-align: justify;\">Hempmont oils come with convenient droppers for easy dosing. To use the CBD oil you need to:<\/p>\n<ol style=\"text-align: justify;\">\n<li>Shake the bottle before use;<\/li>\n<li>squeeze the rubber element on the nut so that the oil is in the tube;<\/li>\n<li>unscrew the pipette cap;<\/li>\n<li>Gently remove the pipette from the bottle;<\/li>\n<li>Apply the oil by gently squeezing the rubber cap, according to the dosage instructions.<\/li>\n<\/ol>\n<p style=\"text-align: justify;\">The preparation is not intended for children under 3 years of age, pregnant women and nursing mothers. Do not use in the case of hypersensitivity to any of the preparation ingredients. Shake before use.<\/p>\n<\/div>","protected":false},"excerpt":{"rendered":"<div class=\"woocommerce-product-details__short-description\">\n<p>Hempmont Apeks\u00ae Series CBD Hemp Oil, is an all-natural and legal product, extracted by CO2 extraction, from the finest quality local hemp. Apeks Series oils, are extracted using one of the few CO2 extractors of this class available in the world, by Apeks Supercritical. <strong>It is characterised by its incredible purity and aroma.<\/strong>\u00a0This is <strong>world quality extract<\/strong> not available anywhere else, by using it - you can be sure that you are using an oil <strong>the best in the world<\/strong>.<\/p>\n<p style=\"text-align: justify;\"><em>The product contains the full spectrum of cannabinoids such as CBDA, CBDV, CBN, THC, THCA, CBC, CBG, CBGA, as well as terpenes and flavonoids.<\/em><\/p>\n<p style=\"text-align: justify;\"><strong><br \/>\n<span style=\"color: #d46a6a;\">For whom?<\/span><\/strong> Beginner \/ Intermediate<strong><br \/>\nAmount of CBD per serving:<\/strong>\u00a010 mg \/ 4 drops<strong><br \/>\nNumber of servings per pack:<\/strong> 60<strong><br \/>\nCBD content: <\/strong>5%, 600 mg<strong><br \/>\nForm: <\/strong>Extract <strong>\/ <\/strong>Full spectrum extended oil<\/p>\n<h6>Not sure how to choose the right dose?<\/h6>\n<p><a class=\"lte-btn btn-xl btn-second\" href=\"https:\/\/b2b.hempmont.pl\/en\/application-guide\/\">Go to calculator<\/a><\/p>\n<\/div>","protected":false},"featured_media":29315,"comment_status":"open","ping_status":"closed","template":"","meta":[],"product_cat":[359,525],"product_tag":[],"yoast_head":"<!-- This site is optimized with the Yoast SEO plugin v18.4.1 - https:\/\/yoast.com\/wordpress\/plugins\/seo\/ -->\n<title>Olejek CBD 5% Apeks\u00ae - olej konopny 600 mg CBD - Hempmont.pl<\/title>\n<meta name=\"description\" content=\"Olejek Konopny CBD o st\u0119\u017ceniu 5% i zawarto\u015bci 600 mg CBD. Produkt przebadany i certyfikowany, zawieraj\u0105cy pe\u0142ne spektrum kannabinoid\u00f3w.\" \/>\n<meta name=\"robots\" content=\"index, follow, max-snippet:-1, max-image-preview:large, max-video-preview:-1\" \/>\n<link rel=\"canonical\" href=\"https:\/\/b2b.hempmont.pl\/en\/product\/cbd-oil-5-600mg-hempmont-apeks-12-ml\/\" \/>\n<meta property=\"og:locale\" content=\"en_GB\" \/>\n<meta property=\"og:type\" content=\"article\" \/>\n<meta property=\"og:title\" content=\"Olejek CBD 5% Apeks\u00ae - olej konopny 600 mg CBD - Hempmont.pl\" \/>\n<meta property=\"og:description\" content=\"Olejek Konopny CBD o st\u0119\u017ceniu 5% i zawarto\u015bci 600 mg CBD. Produkt przebadany i certyfikowany, zawieraj\u0105cy pe\u0142ne spektrum kannabinoid\u00f3w.\" \/>\n<meta property=\"og:url\" content=\"https:\/\/b2b.hempmont.pl\/en\/product\/cbd-oil-5-600mg-hempmont-apeks-12-ml\/\" \/>\n<meta property=\"og:site_name\" content=\"Hempmont\" \/>\n<meta property=\"article:modified_time\" content=\"2025-06-03T02:12:54+00:00\" \/>\n<meta name=\"twitter:card\" content=\"summary_large_image\" \/>\n<meta name=\"twitter:image\" content=\"https:\/\/b2b.hempmont.pl\/wp-content\/uploads\/2021\/01\/apeks5-min.webp\" \/>\n<meta name=\"twitter:label1\" content=\"Estimated reading time\" \/>\n\t<meta name=\"twitter:data1\" content=\"2 minutes\" \/>\n<script type=\"application\/ld+json\" class=\"yoast-schema-graph\">{\"@context\":\"https:\/\/schema.org\",\"@graph\":[{\"@type\":\"WebSite\",\"@id\":\"https:\/\/b2b.hempmont.pl\/#website\",\"url\":\"https:\/\/b2b.hempmont.pl\/\",\"name\":\"Hempmont\",\"description\":\"\",\"potentialAction\":[{\"@type\":\"SearchAction\",\"target\":{\"@type\":\"EntryPoint\",\"urlTemplate\":\"https:\/\/b2b.hempmont.pl\/?s={search_term_string}\"},\"query-input\":\"required name=search_term_string\"}],\"inLanguage\":\"en-GB\"},{\"@type\":\"ImageObject\",\"@id\":\"https:\/\/b2b.hempmont.pl\/produkt\/olejek-cbd-5-600mg-hempmont-apeks-12-ml\/#primaryimage\",\"inLanguage\":\"en-GB\",\"url\":\"https:\/\/b2b.hempmont.pl\/wp-content\/uploads\/2021\/01\/apeks5-min.webp\",\"contentUrl\":\"https:\/\/b2b.hempmont.pl\/wp-content\/uploads\/2021\/01\/apeks5-min.webp\",\"width\":1000,\"height\":1000,\"caption\":\"Olejek konopny CBD 5% 600mg, Hempmont Apeks\u00ae - 12 ml\"},{\"@type\":\"WebPage\",\"@id\":\"https:\/\/b2b.hempmont.pl\/produkt\/olejek-cbd-5-600mg-hempmont-apeks-12-ml\/#webpage\",\"url\":\"https:\/\/b2b.hempmont.pl\/produkt\/olejek-cbd-5-600mg-hempmont-apeks-12-ml\/\",\"name\":\"Olejek CBD 5% Apeks\u00ae - olej konopny 600 mg CBD - Hempmont.pl\",\"isPartOf\":{\"@id\":\"https:\/\/b2b.hempmont.pl\/#website\"},\"primaryImageOfPage\":{\"@id\":\"https:\/\/b2b.hempmont.pl\/produkt\/olejek-cbd-5-600mg-hempmont-apeks-12-ml\/#primaryimage\"},\"datePublished\":\"2021-01-30T19:55:43+00:00\",\"dateModified\":\"2025-06-03T02:12:54+00:00\",\"description\":\"Olejek Konopny CBD o st\u0119\u017ceniu 5% i zawarto\u015bci 600 mg CBD. Produkt przebadany i certyfikowany, zawieraj\u0105cy pe\u0142ne spektrum kannabinoid\u00f3w.\",\"breadcrumb\":{\"@id\":\"https:\/\/b2b.hempmont.pl\/produkt\/olejek-cbd-5-600mg-hempmont-apeks-12-ml\/#breadcrumb\"},\"inLanguage\":\"en-GB\",\"potentialAction\":[{\"@type\":\"ReadAction\",\"target\":[\"https:\/\/b2b.hempmont.pl\/produkt\/olejek-cbd-5-600mg-hempmont-apeks-12-ml\/\"]}]},{\"@type\":\"BreadcrumbList\",\"@id\":\"https:\/\/b2b.hempmont.pl\/produkt\/olejek-cbd-5-600mg-hempmont-apeks-12-ml\/#breadcrumb\",\"itemListElement\":[{\"@type\":\"ListItem\",\"position\":1,\"name\":\"Strona g\u0142\u00f3wna\",\"item\":\"https:\/\/b2b.hempmont.pl\/\"},{\"@type\":\"ListItem\",\"position\":2,\"name\":\"Sklep CBD\",\"item\":\"https:\/\/b2b.hempmont.pl\/sklep-cbd\/\"},{\"@type\":\"ListItem\",\"position\":3,\"name\":\"Olej konopny 5% 600 mg, Hempmont Apeks\u00ae &#8211; 12 ml\"}]}]}<\/script>\n<!-- \/ Yoast SEO plugin. -->","yoast_head_json":{"title":"Olejek CBD 5% Apeks\u00ae - olej konopny 600 mg CBD - Hempmont.pl","description":"Olejek Konopny CBD o st\u0119\u017ceniu 5% i zawarto\u015bci 600 mg CBD. Produkt przebadany i certyfikowany, zawieraj\u0105cy pe\u0142ne spektrum kannabinoid\u00f3w.","robots":{"index":"index","follow":"follow","max-snippet":"max-snippet:-1","max-image-preview":"max-image-preview:large","max-video-preview":"max-video-preview:-1"},"canonical":"https:\/\/b2b.hempmont.pl\/en\/product\/cbd-oil-5-600mg-hempmont-apeks-12-ml\/","og_locale":"en_GB","og_type":"article","og_title":"Olejek CBD 5% Apeks\u00ae - olej konopny 600 mg CBD - Hempmont.pl","og_description":"Olejek Konopny CBD o st\u0119\u017ceniu 5% i zawarto\u015bci 600 mg CBD. Produkt przebadany i certyfikowany, zawieraj\u0105cy pe\u0142ne spektrum kannabinoid\u00f3w.","og_url":"https:\/\/b2b.hempmont.pl\/en\/product\/cbd-oil-5-600mg-hempmont-apeks-12-ml\/","og_site_name":"Hempmont","article_modified_time":"2025-06-03T02:12:54+00:00","twitter_card":"summary_large_image","twitter_image":"https:\/\/b2b.hempmont.pl\/wp-content\/uploads\/2021\/01\/apeks5-min.webp","twitter_misc":{"Estimated reading time":"2 minutes"},"schema":{"@context":"https:\/\/schema.org","@graph":[{"@type":"WebSite","@id":"https:\/\/b2b.hempmont.pl\/#website","url":"https:\/\/b2b.hempmont.pl\/","name":"Hempmont","description":"","potentialAction":[{"@type":"SearchAction","target":{"@type":"EntryPoint","urlTemplate":"https:\/\/b2b.hempmont.pl\/?s={search_term_string}"},"query-input":"required name=search_term_string"}],"inLanguage":"en-GB"},{"@type":"ImageObject","@id":"https:\/\/b2b.hempmont.pl\/produkt\/olejek-cbd-5-600mg-hempmont-apeks-12-ml\/#primaryimage","inLanguage":"en-GB","url":"https:\/\/b2b.hempmont.pl\/wp-content\/uploads\/2021\/01\/apeks5-min.webp","contentUrl":"https:\/\/b2b.hempmont.pl\/wp-content\/uploads\/2021\/01\/apeks5-min.webp","width":1000,"height":1000,"caption":"Olejek konopny CBD 5% 600mg, Hempmont Apeks\u00ae - 12 ml"},{"@type":"WebPage","@id":"https:\/\/b2b.hempmont.pl\/produkt\/olejek-cbd-5-600mg-hempmont-apeks-12-ml\/#webpage","url":"https:\/\/b2b.hempmont.pl\/produkt\/olejek-cbd-5-600mg-hempmont-apeks-12-ml\/","name":"Olejek CBD 5% Apeks\u00ae - olej konopny 600 mg CBD - Hempmont.pl","isPartOf":{"@id":"https:\/\/b2b.hempmont.pl\/#website"},"primaryImageOfPage":{"@id":"https:\/\/b2b.hempmont.pl\/produkt\/olejek-cbd-5-600mg-hempmont-apeks-12-ml\/#primaryimage"},"datePublished":"2021-01-30T19:55:43+00:00","dateModified":"2025-06-03T02:12:54+00:00","description":"Olejek Konopny CBD o st\u0119\u017ceniu 5% i zawarto\u015bci 600 mg CBD. Produkt przebadany i certyfikowany, zawieraj\u0105cy pe\u0142ne spektrum kannabinoid\u00f3w.","breadcrumb":{"@id":"https:\/\/b2b.hempmont.pl\/produkt\/olejek-cbd-5-600mg-hempmont-apeks-12-ml\/#breadcrumb"},"inLanguage":"en-GB","potentialAction":[{"@type":"ReadAction","target":["https:\/\/b2b.hempmont.pl\/produkt\/olejek-cbd-5-600mg-hempmont-apeks-12-ml\/"]}]},{"@type":"BreadcrumbList","@id":"https:\/\/b2b.hempmont.pl\/produkt\/olejek-cbd-5-600mg-hempmont-apeks-12-ml\/#breadcrumb","itemListElement":[{"@type":"ListItem","position":1,"name":"Strona g\u0142\u00f3wna","item":"https:\/\/b2b.hempmont.pl\/"},{"@type":"ListItem","position":2,"name":"Sklep CBD","item":"https:\/\/b2b.hempmont.pl\/sklep-cbd\/"},{"@type":"ListItem","position":3,"name":"Olej konopny 5% 600 mg, Hempmont Apeks\u00ae &#8211; 12 ml"}]}]}},"_links":{"self":[{"href":"https:\/\/b2b.hempmont.pl\/en\/wp-json\/wp\/v2\/product\/2093"}],"collection":[{"href":"https:\/\/b2b.hempmont.pl\/en\/wp-json\/wp\/v2\/product"}],"about":[{"href":"https:\/\/b2b.hempmont.pl\/en\/wp-json\/wp\/v2\/types\/product"}],"replies":[{"embeddable":true,"href":"https:\/\/b2b.hempmont.pl\/en\/wp-json\/wp\/v2\/comments?post=2093"}],"wp:featuredmedia":[{"embeddable":true,"href":"https:\/\/b2b.hempmont.pl\/en\/wp-json\/wp\/v2\/media\/29315"}],"wp:attachment":[{"href":"https:\/\/b2b.hempmont.pl\/en\/wp-json\/wp\/v2\/media?parent=2093"}],"wp:term":[{"taxonomy":"product_cat","embeddable":true,"href":"https:\/\/b2b.hempmont.pl\/en\/wp-json\/wp\/v2\/product_cat?post=2093"},{"taxonomy":"product_tag","embeddable":true,"href":"https:\/\/b2b.hempmont.pl\/en\/wp-json\/wp\/v2\/product_tag?post=2093"}],"curies":[{"name":"wp","href":"https:\/\/api.w.org\/{rel}","templated":true}]}}