{"id":24624,"date":"2021-11-01T02:11:02","date_gmt":"2021-11-01T01:11:02","guid":{"rendered":"https:\/\/b2b.hempmont.pl\/?post_type=product&#038;p=24624"},"modified":"2023-02-09T18:11:37","modified_gmt":"2023-02-09T17:11:37","slug":"probka-olejek-konopny-cbd-20-hempmont-raw-2-ml","status":"publish","type":"product","link":"https:\/\/b2b.hempmont.pl\/en\/product\/sample-hemp-oil-cbd-20-hempmont-raw-2-ml\/","title":{"rendered":"Sample - CBD hemp oil 20%, Hempmont RAW, 2 ml"},"content":{"rendered":"<div class=\"et_pb_tab_content\">\n<h4>CBD oil 20% Hempmont<\/h4>\n<p>A sample of Hempmont RAW 20% brand CBD oil with 2400mg of cannabidiol (CBD) and other substances naturally found in hemp.<\/p>\n<h4>Key product features:<\/h4>\n<ul>\n<li><strong>completely raw, unfiltered<\/strong><\/li>\n<li>helps regulate sleep<\/li>\n<li>has a full spectrum of hemp compounds<\/li>\n<li>is not psychoactive<\/li>\n<li>is completely legal<\/li>\n<li>examined by <strong>accredited<\/strong> laboratories<\/li>\n<li>next day delivery<\/li>\n<\/ul>\n<p>Hempmont natural hemp extracts are a wealth of at least five hundred substances found in hemp, with a wide range of uses.<\/p>\n<h4>Properties of CBD<\/h4>\n<p>Cannabidiol is one of the most important active substances found in medical marijuana and hemp. It has a very broad spectrum of effects. Of the more than 500 active substances found in hemp, CBD has the most health-promoting properties. <a href=\"https:\/\/b2b.hempmont.pl\/en\/product-category\/olejki-cbd\/\">CBD oils<\/a> Hemp is not intoxicating because CBD is not a psychoactive substance.<br \/>\nThe product can be used as a versatile therapeutic agent, without concern for perception or altered consciousness. Cannabidiol (CBD), unlike THC, has no side effects and is not addictive. It is scientifically proven that this cannabinoid has a wide range of positive properties, which are helpful in the healing process as well as during sport or work.<\/p>\n<p>Apart from cannabidiol (CBD), the oil also contains small amounts of other cannabinoids, i.e. : <strong>CBDA, CBDV, CBN, CBC, THC, THCA, CBG, CBGA, <\/strong>and flavonoids and <strong>terpenes.<br \/>\n<\/strong><\/p>\n<p><strong>Terpenes naturally occurring in Hempmont CBD oil:<\/strong>\u00a0limonene, linalool, myrcene, alpha and beta pinene, beta-caryophyllene, cariophyllene oxide, humulene, nerolidol, phytol and many others.<\/p>\n<p>Other naturally occurring substances include: trace elements - phosphorus, potassium, magnesium, calcium, iron, sodium, manganese, vitamins - vitamin E, thiamine(B1), riboflavin(B2), vitamin K, as well as chlorophyll, alkanes, nitrogenous compounds, amino acids, sugars, aldehydes, alcohols, ketones, flavonoids, glycosides, dyes, water and organic hemp seed oil rich in polyunsaturated fatty acids (omega).<\/p>\n<p>Hempmont CBD oil is made from hemp seed, which is grown without pesticides, herbicides or GMOs. Each of our products is laboratory tested, free from contaminants such as heavy metals, and microbiological contaminants such as bacteria and fungi.<\/p>\n<p>The product does not contain synthetic CBD.<\/p>\n<p>Ingredients: fibrous hemp extract, organic hemp seed oil<\/p>\n<h4>Specification:<\/h4>\n<p><strong>Vial capacity:<\/strong>\u00a02ml, approx. 40 drops<br \/>\n<strong>Content:<\/strong> min. 400mg CBD<br \/>\n<strong>Expiry date:<\/strong> minimum 12 months<\/p>\n<p>1 drop contains 10mg CBD, 1 ml contains approximately 200mg CBD<\/p>\n<\/div>\n<h4>Directions for use<\/h4>\n<p>Hempmont oils come with convenient droppers for easy dosing. To use the CBD oil you need to:<\/p>\n<ol>\n<li>Shake the bottle before use;<\/li>\n<li>squeeze the rubber element on the nut so that the oil is in the tube;<\/li>\n<li>unscrew the pipette cap;<\/li>\n<li>Gently remove the pipette from the bottle;<\/li>\n<li>Apply the oil by gently squeezing the rubber cap, according to the dosage instructions.<\/li>\n<\/ol>\n<h4>Use of<\/h4>\n<p>1 dose (4 drops) contains 40 mg of CBD (cannabidiol) and all other substances contained in hemp.<\/p>\n<p>The preparation is not intended for children under 3 years of age, pregnant women and nursing mothers. Do not use in the case of hypersensitivity to any of the preparation ingredients. Shake before use.<\/p>","protected":false},"excerpt":{"rendered":"<div class=\"woocommerce-product-details__short-description\">\n<div class=\"woocommerce-product-details__short-description\">\n<p>A sample of hemp CBD oil from the RAW range by Hempmont. This is a completely raw, natural CBD extract, not processed or filtered in any way. It is extracted using CO2 technology, without the use of solvents or other chemicals. It has a wealth of chlorophylls, waxes and phytosubstances. Hempmont CBD oils are also one of the few to be tested.<\/p>\n<p><b>NOTE: pronounced, perceptible bitterness.\u00a0<\/b><\/p>\n<p>The product contains the full spectrum of cannabinoids such as CBDA, CBDV, CBN, THC, THCA, CBC, CBG, CBGA, as well as terpenes and flavonoids.<\/p>\n<p>The concentration of CBD in the vial is 20%, a 2ml vial contains a minimum of 400mg of CBD.<\/p>\n<p>Original and certified product.<\/p>\n<p><strong>For whom? <\/strong>Beginner\/Intermediate<strong><br \/>\n<\/strong><strong>Amount of CBD per serving: <\/strong>40mg \/ 4 drops<strong><br \/>\nNumber of servings per pack: <\/strong>10<strong><br \/>\nCBD content in the sample: <\/strong>400mg<strong><br \/>\nForm: <\/strong>Crude extract <strong>\/ <\/strong>Full spectrum oil<strong><br \/>\n<\/strong><\/p>\n<\/div>\n<\/div>","protected":false},"featured_media":24626,"comment_status":"open","ping_status":"closed","template":"","meta":[],"product_cat":[524,542],"product_tag":[],"yoast_head":"<!-- This site is optimized with the Yoast SEO plugin v18.4.1 - https:\/\/yoast.com\/wordpress\/plugins\/seo\/ -->\n<title>Pr\u00f3bka olejku CBD Hempmont RAW 20% - Hempmont<\/title>\n<meta name=\"description\" content=\"Olejek Konopny CBD o st\u0119\u017ceniu 20% i zawarto\u015bci 2400mg CBD. Produkt przebadany i certyfikowany, zawieraj\u0105cy pe\u0142ne spektrum kannabinoid\u00f3w.\" \/>\n<meta name=\"robots\" content=\"index, follow, max-snippet:-1, max-image-preview:large, max-video-preview:-1\" \/>\n<link rel=\"canonical\" href=\"https:\/\/b2b.hempmont.pl\/en\/product\/sample-hemp-oil-cbd-20-hempmont-raw-2-ml\/\" \/>\n<meta property=\"og:locale\" content=\"en_GB\" \/>\n<meta property=\"og:type\" content=\"article\" \/>\n<meta property=\"og:title\" content=\"Pr\u00f3bka olejku CBD Hempmont RAW 20% - Hempmont\" \/>\n<meta property=\"og:description\" content=\"Olejek Konopny CBD o st\u0119\u017ceniu 20% i zawarto\u015bci 2400mg CBD. Produkt przebadany i certyfikowany, zawieraj\u0105cy pe\u0142ne spektrum kannabinoid\u00f3w.\" \/>\n<meta property=\"og:url\" content=\"https:\/\/b2b.hempmont.pl\/en\/product\/sample-hemp-oil-cbd-20-hempmont-raw-2-ml\/\" \/>\n<meta property=\"og:site_name\" content=\"Hempmont\" \/>\n<meta property=\"article:modified_time\" content=\"2023-02-09T17:11:37+00:00\" \/>\n<meta property=\"og:image\" content=\"https:\/\/b2b.hempmont.pl\/wp-content\/uploads\/2021\/11\/sample-raw-min-2.jpg\" \/>\n\t<meta property=\"og:image:width\" content=\"1000\" \/>\n\t<meta property=\"og:image:height\" content=\"1000\" \/>\n\t<meta property=\"og:image:type\" content=\"image\/jpeg\" \/>\n<meta name=\"twitter:card\" content=\"summary_large_image\" \/>\n<meta name=\"twitter:label1\" content=\"Estimated reading time\" \/>\n\t<meta name=\"twitter:data1\" content=\"2 minutes\" \/>\n<script type=\"application\/ld+json\" class=\"yoast-schema-graph\">{\"@context\":\"https:\/\/schema.org\",\"@graph\":[{\"@type\":\"WebSite\",\"@id\":\"https:\/\/b2b.hempmont.pl\/#website\",\"url\":\"https:\/\/b2b.hempmont.pl\/\",\"name\":\"Hempmont\",\"description\":\"\",\"potentialAction\":[{\"@type\":\"SearchAction\",\"target\":{\"@type\":\"EntryPoint\",\"urlTemplate\":\"https:\/\/b2b.hempmont.pl\/?s={search_term_string}\"},\"query-input\":\"required name=search_term_string\"}],\"inLanguage\":\"en-GB\"},{\"@type\":\"ImageObject\",\"@id\":\"https:\/\/b2b.hempmont.pl\/produkt\/probka-olejek-konopny-cbd-20-hempmont-raw-2-ml\/#primaryimage\",\"inLanguage\":\"en-GB\",\"url\":\"https:\/\/b2b.hempmont.pl\/wp-content\/uploads\/2021\/11\/sample-raw-min-2.jpg\",\"contentUrl\":\"https:\/\/b2b.hempmont.pl\/wp-content\/uploads\/2021\/11\/sample-raw-min-2.jpg\",\"width\":1000,\"height\":1000,\"caption\":\"Pr\u00f3bka Hempmont RAW 20%\"},{\"@type\":\"WebPage\",\"@id\":\"https:\/\/b2b.hempmont.pl\/produkt\/probka-olejek-konopny-cbd-20-hempmont-raw-2-ml\/#webpage\",\"url\":\"https:\/\/b2b.hempmont.pl\/produkt\/probka-olejek-konopny-cbd-20-hempmont-raw-2-ml\/\",\"name\":\"Pr\u00f3bka olejku CBD Hempmont RAW 20% - Hempmont\",\"isPartOf\":{\"@id\":\"https:\/\/b2b.hempmont.pl\/#website\"},\"primaryImageOfPage\":{\"@id\":\"https:\/\/b2b.hempmont.pl\/produkt\/probka-olejek-konopny-cbd-20-hempmont-raw-2-ml\/#primaryimage\"},\"datePublished\":\"2021-11-01T01:11:02+00:00\",\"dateModified\":\"2023-02-09T17:11:37+00:00\",\"description\":\"Olejek Konopny CBD o st\u0119\u017ceniu 20% i zawarto\u015bci 2400mg CBD. Produkt przebadany i certyfikowany, zawieraj\u0105cy pe\u0142ne spektrum kannabinoid\u00f3w.\",\"breadcrumb\":{\"@id\":\"https:\/\/b2b.hempmont.pl\/produkt\/probka-olejek-konopny-cbd-20-hempmont-raw-2-ml\/#breadcrumb\"},\"inLanguage\":\"en-GB\",\"potentialAction\":[{\"@type\":\"ReadAction\",\"target\":[\"https:\/\/b2b.hempmont.pl\/produkt\/probka-olejek-konopny-cbd-20-hempmont-raw-2-ml\/\"]}]},{\"@type\":\"BreadcrumbList\",\"@id\":\"https:\/\/b2b.hempmont.pl\/produkt\/probka-olejek-konopny-cbd-20-hempmont-raw-2-ml\/#breadcrumb\",\"itemListElement\":[{\"@type\":\"ListItem\",\"position\":1,\"name\":\"Strona g\u0142\u00f3wna\",\"item\":\"https:\/\/b2b.hempmont.pl\/\"},{\"@type\":\"ListItem\",\"position\":2,\"name\":\"Sklep CBD\",\"item\":\"https:\/\/b2b.hempmont.pl\/sklep-cbd\/\"},{\"@type\":\"ListItem\",\"position\":3,\"name\":\"Pr\u00f3bka &#8211; olejek konopny CBD 20%, Hempmont RAW, 2 ml\"}]}]}<\/script>\n<!-- \/ Yoast SEO plugin. -->","yoast_head_json":{"title":"Pr\u00f3bka olejku CBD Hempmont RAW 20% - Hempmont","description":"Olejek Konopny CBD o st\u0119\u017ceniu 20% i zawarto\u015bci 2400mg CBD. Produkt przebadany i certyfikowany, zawieraj\u0105cy pe\u0142ne spektrum kannabinoid\u00f3w.","robots":{"index":"index","follow":"follow","max-snippet":"max-snippet:-1","max-image-preview":"max-image-preview:large","max-video-preview":"max-video-preview:-1"},"canonical":"https:\/\/b2b.hempmont.pl\/en\/product\/sample-hemp-oil-cbd-20-hempmont-raw-2-ml\/","og_locale":"en_GB","og_type":"article","og_title":"Pr\u00f3bka olejku CBD Hempmont RAW 20% - Hempmont","og_description":"Olejek Konopny CBD o st\u0119\u017ceniu 20% i zawarto\u015bci 2400mg CBD. Produkt przebadany i certyfikowany, zawieraj\u0105cy pe\u0142ne spektrum kannabinoid\u00f3w.","og_url":"https:\/\/b2b.hempmont.pl\/en\/product\/sample-hemp-oil-cbd-20-hempmont-raw-2-ml\/","og_site_name":"Hempmont","article_modified_time":"2023-02-09T17:11:37+00:00","og_image":[{"width":1000,"height":1000,"url":"https:\/\/b2b.hempmont.pl\/wp-content\/uploads\/2021\/11\/sample-raw-min-2.jpg","type":"image\/jpeg"}],"twitter_card":"summary_large_image","twitter_misc":{"Estimated reading time":"2 minutes"},"schema":{"@context":"https:\/\/schema.org","@graph":[{"@type":"WebSite","@id":"https:\/\/b2b.hempmont.pl\/#website","url":"https:\/\/b2b.hempmont.pl\/","name":"Hempmont","description":"","potentialAction":[{"@type":"SearchAction","target":{"@type":"EntryPoint","urlTemplate":"https:\/\/b2b.hempmont.pl\/?s={search_term_string}"},"query-input":"required name=search_term_string"}],"inLanguage":"en-GB"},{"@type":"ImageObject","@id":"https:\/\/b2b.hempmont.pl\/produkt\/probka-olejek-konopny-cbd-20-hempmont-raw-2-ml\/#primaryimage","inLanguage":"en-GB","url":"https:\/\/b2b.hempmont.pl\/wp-content\/uploads\/2021\/11\/sample-raw-min-2.jpg","contentUrl":"https:\/\/b2b.hempmont.pl\/wp-content\/uploads\/2021\/11\/sample-raw-min-2.jpg","width":1000,"height":1000,"caption":"Pr\u00f3bka Hempmont RAW 20%"},{"@type":"WebPage","@id":"https:\/\/b2b.hempmont.pl\/produkt\/probka-olejek-konopny-cbd-20-hempmont-raw-2-ml\/#webpage","url":"https:\/\/b2b.hempmont.pl\/produkt\/probka-olejek-konopny-cbd-20-hempmont-raw-2-ml\/","name":"Pr\u00f3bka olejku CBD Hempmont RAW 20% - Hempmont","isPartOf":{"@id":"https:\/\/b2b.hempmont.pl\/#website"},"primaryImageOfPage":{"@id":"https:\/\/b2b.hempmont.pl\/produkt\/probka-olejek-konopny-cbd-20-hempmont-raw-2-ml\/#primaryimage"},"datePublished":"2021-11-01T01:11:02+00:00","dateModified":"2023-02-09T17:11:37+00:00","description":"Olejek Konopny CBD o st\u0119\u017ceniu 20% i zawarto\u015bci 2400mg CBD. Produkt przebadany i certyfikowany, zawieraj\u0105cy pe\u0142ne spektrum kannabinoid\u00f3w.","breadcrumb":{"@id":"https:\/\/b2b.hempmont.pl\/produkt\/probka-olejek-konopny-cbd-20-hempmont-raw-2-ml\/#breadcrumb"},"inLanguage":"en-GB","potentialAction":[{"@type":"ReadAction","target":["https:\/\/b2b.hempmont.pl\/produkt\/probka-olejek-konopny-cbd-20-hempmont-raw-2-ml\/"]}]},{"@type":"BreadcrumbList","@id":"https:\/\/b2b.hempmont.pl\/produkt\/probka-olejek-konopny-cbd-20-hempmont-raw-2-ml\/#breadcrumb","itemListElement":[{"@type":"ListItem","position":1,"name":"Strona g\u0142\u00f3wna","item":"https:\/\/b2b.hempmont.pl\/"},{"@type":"ListItem","position":2,"name":"Sklep CBD","item":"https:\/\/b2b.hempmont.pl\/sklep-cbd\/"},{"@type":"ListItem","position":3,"name":"Pr\u00f3bka &#8211; olejek konopny CBD 20%, Hempmont RAW, 2 ml"}]}]}},"_links":{"self":[{"href":"https:\/\/b2b.hempmont.pl\/en\/wp-json\/wp\/v2\/product\/24624"}],"collection":[{"href":"https:\/\/b2b.hempmont.pl\/en\/wp-json\/wp\/v2\/product"}],"about":[{"href":"https:\/\/b2b.hempmont.pl\/en\/wp-json\/wp\/v2\/types\/product"}],"replies":[{"embeddable":true,"href":"https:\/\/b2b.hempmont.pl\/en\/wp-json\/wp\/v2\/comments?post=24624"}],"wp:featuredmedia":[{"embeddable":true,"href":"https:\/\/b2b.hempmont.pl\/en\/wp-json\/wp\/v2\/media\/24626"}],"wp:attachment":[{"href":"https:\/\/b2b.hempmont.pl\/en\/wp-json\/wp\/v2\/media?parent=24624"}],"wp:term":[{"taxonomy":"product_cat","embeddable":true,"href":"https:\/\/b2b.hempmont.pl\/en\/wp-json\/wp\/v2\/product_cat?post=24624"},{"taxonomy":"product_tag","embeddable":true,"href":"https:\/\/b2b.hempmont.pl\/en\/wp-json\/wp\/v2\/product_tag?post=24624"}],"curies":[{"name":"wp","href":"https:\/\/api.w.org\/{rel}","templated":true}]}}