{"id":24644,"date":"2021-11-01T03:50:53","date_gmt":"2021-11-01T02:50:53","guid":{"rendered":"https:\/\/b2b.hempmont.pl\/?post_type=product&#038;p=24644"},"modified":"2024-07-07T22:09:39","modified_gmt":"2024-07-07T20:09:39","slug":"olejek-konopny-cbg-10-1000mg-hempmont-apeks-10-ml","status":"publish","type":"product","link":"https:\/\/b2b.hempmont.pl\/en\/product\/cbg-oil-1000mg-hempmont-apeks-10-ml\/","title":{"rendered":"Olej konopny CBG 10% 1000mg, Hempmont Apeks\u00ae &#8211; 10 ml"},"content":{"rendered":"<div class=\"et_pb_tab_content\">\n<h3>CBG oil, Hempmont Apeks<\/h3>\n<p>CBG oil 10% by Hempmont, with a minimum of 1000mg of CBG and CBD cannabinoids (500 mg CBG + 500 mg CBD) and other substances naturally found in hemp.<\/p>\n<h3>Key product features:<\/h3>\n<ul>\n<li>helps regulate sleep<\/li>\n<li>has a full spectrum of hemp compounds<\/li>\n<li>is not psychoactive<\/li>\n<li>is completely legal<\/li>\n<li>examined by <strong>accredited<\/strong> laboratories<\/li>\n<li>next day delivery<\/li>\n<li>a bottle lasts for 50 days<\/li>\n<\/ul>\n<p>Hempmont natural hemp extracts are a wealth of at least five hundred substances found in hemp, with a wide range of therapeutic uses.<\/p>\n<h3>Properties of CBG<\/h3>\n<p>CBG, or cannabigerol, is much less common than THC or CBD, and is also not as easy to extract from the hemp plant. However, its potential beneficial effects on the human body are beginning to be explored by the scientific world. What do we know so far about the anti-stress cannabinoid CBG?<\/p>\n<p>CBG is believed to activate the CB1 receptors of the endocannabinoid system and therefore affects the central nervous system. This helps to reduce various ailments such as paranoia and anxiety attacks. CBG has also been found to affect the CB2 receptor; however, its mechanism of action is not yet well understood.<\/p>\n<p>Researcher Ethan B Russo has published an article [1] in the British Journal of Pharmacology that takes an in-depth look at the effects of phytocannabinoids and terpenoids, their therapeutic properties and how they can work together to generate more potent effects.<\/p>\n<p>Russo says CBG has antifungal, analgesic properties and has also been shown to exhibit antidepressant properties in particular. CBG may also play a role in psoriasis and MRSA. CBG may also deal with anxiety and muscle tension due to its ability to inhibit the reuptake of a chemical in the brain called GABA.<\/p>\n<p>Besides cannabidiol (CBG), the oil also contains an analogous amount of CBD and small amounts of other cannabinoids, i.e. : <strong>CBDA, CBDV, CBC, THC, THCA, CBG, CBGA, <\/strong>and flavonoids and <strong>terpenes.<br \/>\n<\/strong><\/p>\n<p><strong>Terpenes naturally occurring in Hempmont CBG oil:<\/strong>\u00a0limonene, linalool, myrcene, alpha and beta pinene, beta-caryophyllene, cariophyllene oxide, humulene, nerolidol, phytol and many others.<\/p>\n<p>Other naturally occurring substances include: trace elements - phosphorus, potassium, magnesium, calcium, iron, sodium, manganese, vitamins - vitamin E, thiamine(B1), riboflavin(B2), vitamin K, as well as chlorophyll, alkanes, nitrogenous compounds, amino acids, sugars, aldehydes, alcohols, ketones, flavonoids, glycosides, dyes, water and organic hemp seed oil rich in polyunsaturated fatty acids (omega).<\/p>\n<p>Hempmont CBD oil is made from hemp seed, which is grown without pesticides, herbicides or GMOs. Each of our products is laboratory tested, free from contaminants such as heavy metals, and microbiological contaminants such as bacteria and fungi.<\/p>\n<p>The product does not contain synthetic CBD.<\/p>\n<p>Ingredients: Fibrous hemp extract, MCT oil<\/p>\n<h3>Specification:<\/h3>\n<p><strong>Bottle capacity:<\/strong>\u00a010 ml, about 200 drops<br \/>\n<strong>Content:<\/strong>\u00a0500 mg CBN, 500 mg CBD<br \/>\n<strong>Expiry date:<\/strong> minimum 12 months<\/p>\n<p>1 drop contains 2.5 mg CBN and 2.5 mg CBD<\/p>\n<\/div>\n<h3>Directions for use:<\/h3>\n<p>Hempmont oils come with convenient droppers for easy dosing. To use the CBD oil you need to:<\/p>\n<ol>\n<li>Shake the bottle before use;<\/li>\n<li>squeeze the rubber element on the nut so that the oil is in the tube;<\/li>\n<li>unscrew the pipette cap;<\/li>\n<li>Gently remove the pipette from the bottle;<\/li>\n<li>Apply the oil by gently squeezing the rubber cap, according to the dosage instructions.<\/li>\n<\/ol>\n<h3>Application:<\/h3>\n<p>1 dose (4 drops) contains 10 mg CBN+CBD (10 mg CBN + 10 mg CBD) and all other substances contained in hemp.<\/p>\n<p>The preparation is not intended for children under 3 years of age, pregnant women and nursing mothers. Do not use in the case of hypersensitivity to any of the preparation ingredients. Shake before use.<\/p>","protected":false},"excerpt":{"rendered":"<div class=\"woocommerce-product-details__short-description\">\n<p>CBG hemp oil, from the Hempmont Apeks\u00ae range. It is an all-natural and legal product, extracted by CO2 extraction, from the finest quality hemp. Apeks Series oils are extracted using one of the few CO2 extractors of its class available in the world, the Apeks Supercritical. It is characterised by amazing purity and aroma<\/p>\n<p><strong>When CBD and CBG combine, they can produce anti-stress, anti-anxiety and anti-depressant effects.<\/strong> With this expertly formulated formula, you can boost your endocannabinoid system and experience a bit of calm during the day or tranquility before bed.<\/p>\n<p>The product also contains a full spectrum of cannabinoids such as CBDA, CBDV, CBN, THC, THCA, CBC, CBG, CBGA, as well as terpenes and flavonoids.<\/p>\n<p>The concentration of CBG in the bottle is 5% and 5% CBD, a 10ml bottle contains a minimum of 500mg CBG and 500 mg CBD.<\/p>\n<p>Original and certified product.<\/p>\n<p><strong>For whom? <\/strong>For all<strong><br \/>\n<\/strong><strong>Amount of CBG per serving: <\/strong>10 mg \/ 4 drops<br \/>\n<strong>Amount of CBD per serving: <\/strong>10 mg \/ 4 drops<strong><br \/>\nNumber of servings per pack: <\/strong>60<strong><br \/>\nCBG content: <\/strong>500mg<br \/>\n<strong>CBD content: <\/strong>500mg<strong><br \/>\nForm: <\/strong>Extract <strong>\/ <\/strong>Full spectrum extended oil<strong><br \/>\n<\/strong><\/p>\n<\/div>","protected":false},"featured_media":29316,"comment_status":"open","ping_status":"closed","template":"","meta":[],"product_cat":[441],"product_tag":[],"yoast_head":"<!-- This site is optimized with the Yoast SEO plugin v18.4.1 - https:\/\/yoast.com\/wordpress\/plugins\/seo\/ -->\n<title>Olejek CBG 10% Apeks\u00ae - olej konopny 500 mg CBN - Hempmont.pl<\/title>\n<meta name=\"description\" content=\"Olejek konopny CBG o st\u0119\u017ceniu 5% i zawarto\u015bci 500mg CBG. Produkt przebadany i certyfikowany, zawieraj\u0105cy pe\u0142ne spektrum kannabinoid\u00f3w.\" \/>\n<meta name=\"robots\" content=\"index, follow, max-snippet:-1, max-image-preview:large, max-video-preview:-1\" \/>\n<link rel=\"canonical\" href=\"https:\/\/b2b.hempmont.pl\/en\/product\/cbg-oil-1000mg-hempmont-apeks-10-ml\/\" \/>\n<meta property=\"og:locale\" content=\"en_GB\" \/>\n<meta property=\"og:type\" content=\"article\" \/>\n<meta property=\"og:title\" content=\"Olejek CBG 10% Apeks\u00ae - olej konopny 500 mg CBN - Hempmont.pl\" \/>\n<meta property=\"og:description\" content=\"Olejek konopny CBG o st\u0119\u017ceniu 5% i zawarto\u015bci 500mg CBG. Produkt przebadany i certyfikowany, zawieraj\u0105cy pe\u0142ne spektrum kannabinoid\u00f3w.\" \/>\n<meta property=\"og:url\" content=\"https:\/\/b2b.hempmont.pl\/en\/product\/cbg-oil-1000mg-hempmont-apeks-10-ml\/\" \/>\n<meta property=\"og:site_name\" content=\"Hempmont\" \/>\n<meta property=\"article:modified_time\" content=\"2024-07-07T20:09:39+00:00\" \/>\n<meta name=\"twitter:card\" content=\"summary_large_image\" \/>\n<meta name=\"twitter:image\" content=\"https:\/\/b2b.hempmont.pl\/wp-content\/uploads\/2021\/07\/cbg-min.webp\" \/>\n<meta name=\"twitter:label1\" content=\"Estimated reading time\" \/>\n\t<meta name=\"twitter:data1\" content=\"3 minutes\" \/>\n<script type=\"application\/ld+json\" class=\"yoast-schema-graph\">{\"@context\":\"https:\/\/schema.org\",\"@graph\":[{\"@type\":\"WebSite\",\"@id\":\"https:\/\/b2b.hempmont.pl\/#website\",\"url\":\"https:\/\/b2b.hempmont.pl\/\",\"name\":\"Hempmont\",\"description\":\"\",\"potentialAction\":[{\"@type\":\"SearchAction\",\"target\":{\"@type\":\"EntryPoint\",\"urlTemplate\":\"https:\/\/b2b.hempmont.pl\/?s={search_term_string}\"},\"query-input\":\"required name=search_term_string\"}],\"inLanguage\":\"en-GB\"},{\"@type\":\"ImageObject\",\"@id\":\"https:\/\/b2b.hempmont.pl\/produkt\/olejek-konopny-cbg-10-1000mg-hempmont-apeks-10-ml\/#primaryimage\",\"inLanguage\":\"en-GB\",\"url\":\"https:\/\/b2b.hempmont.pl\/wp-content\/uploads\/2021\/07\/cbg-min.webp\",\"contentUrl\":\"https:\/\/b2b.hempmont.pl\/wp-content\/uploads\/2021\/07\/cbg-min.webp\",\"width\":1000,\"height\":1000,\"caption\":\"Olejek konopny CBG 10% 500mg, Hempmont Apeks\u00ae - 10 ml\"},{\"@type\":\"WebPage\",\"@id\":\"https:\/\/b2b.hempmont.pl\/produkt\/olejek-konopny-cbg-10-1000mg-hempmont-apeks-10-ml\/#webpage\",\"url\":\"https:\/\/b2b.hempmont.pl\/produkt\/olejek-konopny-cbg-10-1000mg-hempmont-apeks-10-ml\/\",\"name\":\"Olejek CBG 10% Apeks\u00ae - olej konopny 500 mg CBN - Hempmont.pl\",\"isPartOf\":{\"@id\":\"https:\/\/b2b.hempmont.pl\/#website\"},\"primaryImageOfPage\":{\"@id\":\"https:\/\/b2b.hempmont.pl\/produkt\/olejek-konopny-cbg-10-1000mg-hempmont-apeks-10-ml\/#primaryimage\"},\"datePublished\":\"2021-11-01T02:50:53+00:00\",\"dateModified\":\"2024-07-07T20:09:39+00:00\",\"description\":\"Olejek konopny CBG o st\u0119\u017ceniu 5% i zawarto\u015bci 500mg CBG. Produkt przebadany i certyfikowany, zawieraj\u0105cy pe\u0142ne spektrum kannabinoid\u00f3w.\",\"breadcrumb\":{\"@id\":\"https:\/\/b2b.hempmont.pl\/produkt\/olejek-konopny-cbg-10-1000mg-hempmont-apeks-10-ml\/#breadcrumb\"},\"inLanguage\":\"en-GB\",\"potentialAction\":[{\"@type\":\"ReadAction\",\"target\":[\"https:\/\/b2b.hempmont.pl\/produkt\/olejek-konopny-cbg-10-1000mg-hempmont-apeks-10-ml\/\"]}]},{\"@type\":\"BreadcrumbList\",\"@id\":\"https:\/\/b2b.hempmont.pl\/produkt\/olejek-konopny-cbg-10-1000mg-hempmont-apeks-10-ml\/#breadcrumb\",\"itemListElement\":[{\"@type\":\"ListItem\",\"position\":1,\"name\":\"Strona g\u0142\u00f3wna\",\"item\":\"https:\/\/b2b.hempmont.pl\/\"},{\"@type\":\"ListItem\",\"position\":2,\"name\":\"Sklep CBD\",\"item\":\"https:\/\/b2b.hempmont.pl\/sklep-cbd\/\"},{\"@type\":\"ListItem\",\"position\":3,\"name\":\"Olej konopny CBG 10% 1000mg, Hempmont Apeks\u00ae &#8211; 10 ml\"}]}]}<\/script>\n<!-- \/ Yoast SEO plugin. -->","yoast_head_json":{"title":"Olejek CBG 10% Apeks\u00ae - olej konopny 500 mg CBN - Hempmont.pl","description":"Olejek konopny CBG o st\u0119\u017ceniu 5% i zawarto\u015bci 500mg CBG. Produkt przebadany i certyfikowany, zawieraj\u0105cy pe\u0142ne spektrum kannabinoid\u00f3w.","robots":{"index":"index","follow":"follow","max-snippet":"max-snippet:-1","max-image-preview":"max-image-preview:large","max-video-preview":"max-video-preview:-1"},"canonical":"https:\/\/b2b.hempmont.pl\/en\/product\/cbg-oil-1000mg-hempmont-apeks-10-ml\/","og_locale":"en_GB","og_type":"article","og_title":"Olejek CBG 10% Apeks\u00ae - olej konopny 500 mg CBN - Hempmont.pl","og_description":"Olejek konopny CBG o st\u0119\u017ceniu 5% i zawarto\u015bci 500mg CBG. Produkt przebadany i certyfikowany, zawieraj\u0105cy pe\u0142ne spektrum kannabinoid\u00f3w.","og_url":"https:\/\/b2b.hempmont.pl\/en\/product\/cbg-oil-1000mg-hempmont-apeks-10-ml\/","og_site_name":"Hempmont","article_modified_time":"2024-07-07T20:09:39+00:00","twitter_card":"summary_large_image","twitter_image":"https:\/\/b2b.hempmont.pl\/wp-content\/uploads\/2021\/07\/cbg-min.webp","twitter_misc":{"Estimated reading time":"3 minutes"},"schema":{"@context":"https:\/\/schema.org","@graph":[{"@type":"WebSite","@id":"https:\/\/b2b.hempmont.pl\/#website","url":"https:\/\/b2b.hempmont.pl\/","name":"Hempmont","description":"","potentialAction":[{"@type":"SearchAction","target":{"@type":"EntryPoint","urlTemplate":"https:\/\/b2b.hempmont.pl\/?s={search_term_string}"},"query-input":"required name=search_term_string"}],"inLanguage":"en-GB"},{"@type":"ImageObject","@id":"https:\/\/b2b.hempmont.pl\/produkt\/olejek-konopny-cbg-10-1000mg-hempmont-apeks-10-ml\/#primaryimage","inLanguage":"en-GB","url":"https:\/\/b2b.hempmont.pl\/wp-content\/uploads\/2021\/07\/cbg-min.webp","contentUrl":"https:\/\/b2b.hempmont.pl\/wp-content\/uploads\/2021\/07\/cbg-min.webp","width":1000,"height":1000,"caption":"Olejek konopny CBG 10% 500mg, Hempmont Apeks\u00ae - 10 ml"},{"@type":"WebPage","@id":"https:\/\/b2b.hempmont.pl\/produkt\/olejek-konopny-cbg-10-1000mg-hempmont-apeks-10-ml\/#webpage","url":"https:\/\/b2b.hempmont.pl\/produkt\/olejek-konopny-cbg-10-1000mg-hempmont-apeks-10-ml\/","name":"Olejek CBG 10% Apeks\u00ae - olej konopny 500 mg CBN - Hempmont.pl","isPartOf":{"@id":"https:\/\/b2b.hempmont.pl\/#website"},"primaryImageOfPage":{"@id":"https:\/\/b2b.hempmont.pl\/produkt\/olejek-konopny-cbg-10-1000mg-hempmont-apeks-10-ml\/#primaryimage"},"datePublished":"2021-11-01T02:50:53+00:00","dateModified":"2024-07-07T20:09:39+00:00","description":"Olejek konopny CBG o st\u0119\u017ceniu 5% i zawarto\u015bci 500mg CBG. Produkt przebadany i certyfikowany, zawieraj\u0105cy pe\u0142ne spektrum kannabinoid\u00f3w.","breadcrumb":{"@id":"https:\/\/b2b.hempmont.pl\/produkt\/olejek-konopny-cbg-10-1000mg-hempmont-apeks-10-ml\/#breadcrumb"},"inLanguage":"en-GB","potentialAction":[{"@type":"ReadAction","target":["https:\/\/b2b.hempmont.pl\/produkt\/olejek-konopny-cbg-10-1000mg-hempmont-apeks-10-ml\/"]}]},{"@type":"BreadcrumbList","@id":"https:\/\/b2b.hempmont.pl\/produkt\/olejek-konopny-cbg-10-1000mg-hempmont-apeks-10-ml\/#breadcrumb","itemListElement":[{"@type":"ListItem","position":1,"name":"Strona g\u0142\u00f3wna","item":"https:\/\/b2b.hempmont.pl\/"},{"@type":"ListItem","position":2,"name":"Sklep CBD","item":"https:\/\/b2b.hempmont.pl\/sklep-cbd\/"},{"@type":"ListItem","position":3,"name":"Olej konopny CBG 10% 1000mg, Hempmont Apeks\u00ae &#8211; 10 ml"}]}]}},"_links":{"self":[{"href":"https:\/\/b2b.hempmont.pl\/en\/wp-json\/wp\/v2\/product\/24644"}],"collection":[{"href":"https:\/\/b2b.hempmont.pl\/en\/wp-json\/wp\/v2\/product"}],"about":[{"href":"https:\/\/b2b.hempmont.pl\/en\/wp-json\/wp\/v2\/types\/product"}],"replies":[{"embeddable":true,"href":"https:\/\/b2b.hempmont.pl\/en\/wp-json\/wp\/v2\/comments?post=24644"}],"wp:featuredmedia":[{"embeddable":true,"href":"https:\/\/b2b.hempmont.pl\/en\/wp-json\/wp\/v2\/media\/29316"}],"wp:attachment":[{"href":"https:\/\/b2b.hempmont.pl\/en\/wp-json\/wp\/v2\/media?parent=24644"}],"wp:term":[{"taxonomy":"product_cat","embeddable":true,"href":"https:\/\/b2b.hempmont.pl\/en\/wp-json\/wp\/v2\/product_cat?post=24644"},{"taxonomy":"product_tag","embeddable":true,"href":"https:\/\/b2b.hempmont.pl\/en\/wp-json\/wp\/v2\/product_tag?post=24644"}],"curies":[{"name":"wp","href":"https:\/\/api.w.org\/{rel}","templated":true}]}}