{"id":25911,"date":"2021-12-23T02:23:55","date_gmt":"2021-12-23T01:23:55","guid":{"rendered":"https:\/\/b2b.hempmont.pl\/?post_type=product&#038;p=25911"},"modified":"2024-11-10T22:23:53","modified_gmt":"2024-11-10T21:23:53","slug":"olej-konopny-dla-psow-10-1200-mg-hempmont-pets-care-12-ml","status":"publish","type":"product","link":"https:\/\/b2b.hempmont.pl\/en\/product\/cbd-oil-for-dogs-10-1200-mg-hempmont-pets-care-12-ml\/","title":{"rendered":"Olej konopny dla ps\u00f3w 10% 1200 mg, Hempmont Pets Care &#8211; 12 ml"},"content":{"rendered":"<div class=\"et_pb_tab_content\">\n<h4 style=\"text-align: justify;\">CBD oil 10% for dogs and large animals, Hempmont Pets Care<\/h4>\n<p style=\"text-align: justify;\">Hempmont brand CBD oil 10% with a minimum of 1200 mg of cannabidiol (CBD) and other substances naturally found in hemp.<\/p>\n<h4 style=\"text-align: justify;\">Key product features:<\/h4>\n<ul style=\"text-align: justify;\">\n<li>helps with many animal ailments<\/li>\n<li>has a full spectrum of hemp compounds<\/li>\n<li>is not psychoactive<\/li>\n<li>is completely legal<\/li>\n<li>examined by <strong>accredited<\/strong> laboratories<\/li>\n<li>next day delivery<\/li>\n<li>a bottle lasts for up to 240 days<\/li>\n<\/ul>\n<p style=\"text-align: justify;\">Hempmont natural hemp extracts are a wealth of at least five hundred substances found in hemp, with a wide range of therapeutic uses.<\/p>\n<h4 style=\"text-align: justify;\">Properties of CBD<\/h4>\n<p style=\"text-align: justify;\">Cannabidiol is one of the most important active substances found in medical marijuana and hemp. It has a very broad spectrum of effects. Of the more than 500 active substances found in hemp, CBD has the most health-promoting properties. <a href=\"https:\/\/b2b.hempmont.pl\/en\/product-category\/olejki-cbd\/\">CBD oils<\/a> Hemp is not intoxicating because CBD is not a psychoactive substance.<br \/>\nThe product can be used as a versatile therapeutic agent, without concern for perception or altered consciousness. Cannabidiol (CBD), unlike THC, has no side effects and is not addictive. It is scientifically proven that this cannabinoid has a wide range of positive properties, which are helpful in the healing process as well as during sport or work.<\/p>\n<p style=\"text-align: justify;\">Apart from cannabidiol (CBD), the oil also contains small amounts of other cannabinoids, i.e. : <strong>CBDA, CBDV, CBN, CBC, THC, THCA, CBG, CBGA, <\/strong>and flavonoids and <strong>terpenes.<br \/>\n<\/strong><\/p>\n<p style=\"text-align: justify;\"><strong>Terpenes naturally occurring in Hempmont CBD oil:<\/strong>\u00a0limonene, linalool, myrcene, alpha and beta pinene, beta-caryophyllene, cariophyllene oxide, humulene, nerolidol, phytol and many others.<\/p>\n<p style=\"text-align: justify;\">Other naturally occurring substances include: trace elements - phosphorus, potassium, magnesium, calcium, iron, sodium, manganese, vitamins - vitamin E, thiamine(B1), riboflavin(B2), vitamin K, as well as chlorophyll, alkanes, nitrogenous compounds, amino acids, sugars, aldehydes, alcohols, ketones, flavonoids, glycosides, dyes, water and organic hemp seed oil rich in polyunsaturated fatty acids (omega).<\/p>\n<p style=\"text-align: justify;\">Hempmont CBD oil is made from hemp seed, which is grown without pesticides, herbicides or GMOs. Each of our products is laboratory tested, free from contaminants such as heavy metals, and microbiological contaminants such as bacteria and fungi.<\/p>\n<p style=\"text-align: justify;\">The product does not contain synthetic CBD.<\/p>\n<h4 style=\"text-align: justify;\"><strong>Composition:<\/strong><\/h4>\n<p style=\"text-align: justify;\">Organic hemp oil, cod liver oil, thistle oil, hemp extract with a full spectrum of hemp compounds, terpenoids and flavonoids. THC &lt; 0.2%<\/p>\n<h4 style=\"text-align: justify;\">Specification:<\/h4>\n<p style=\"text-align: justify;\"><strong>Bottle capacity:<\/strong>\u00a012 ml, approx. 240 drops<br \/>\n<strong>Content:<\/strong>\u00a01200 mg CBD<br \/>\n<strong>Expiry date:<\/strong> minimum 12 months<\/p>\n<p style=\"text-align: justify;\">1 drop contains 5 mg CBD, 1 ml contains approximately 100 mg CBD<\/p>\n<h4 style=\"text-align: justify;\">Directions for use<\/h4>\n<p style=\"text-align: justify;\">Hempmont oils come with convenient droppers for easy dosing. To use the CBD oil you need to:<\/p>\n<ol style=\"text-align: justify;\">\n<li>Shake the bottle before use;<\/li>\n<li>squeeze the rubber element on the nut so that the oil is in the tube;<\/li>\n<li>unscrew the pipette cap;<\/li>\n<li>Gently remove the pipette from the bottle;<\/li>\n<li>Apply the oil by gently squeezing the rubber cap as indicated.<\/li>\n<\/ol>\n<div class=\"page\" style=\"text-align: justify;\" title=\"Page 3\">\n<div class=\"section\">\n<div class=\"layoutArea\">\n<div class=\"column\">\n<p>The package contains min. 1200 mg CBD.<\/p>\n<p>Dosage: 1 drop, 1 to 3 times a day.<\/p>\n<p>Recommended Use: Measure the recommended amount with a measuring cup. Do not exceed the daily amount.<\/p>\n<\/div>\n<\/div>\n<\/div>\n<\/div>\n<p style=\"text-align: justify;\">\n<\/div>","protected":false},"excerpt":{"rendered":"<div class=\"woocommerce-product-details__short-description\">\n<div class=\"page\" title=\"Page 3\">\n<div class=\"section\">\n<div class=\"layoutArea\">\n<div class=\"column\">\n<p style=\"text-align: justify;\">Hempmont Pets Care Hemp Oil contains the full spectrum of phytonutrients, terpenes, flavonoids and phenols, in a composition ideal for your pet. The product is enriched with cod liver oil and thistle oil for additional health-promoting properties. Hempmont Pets Care for Dogs is a completely natural, holistic product that cares for your pet's wellbeing and health.<\/p>\n<\/div>\n<\/div>\n<\/div>\n<\/div>\n<p style=\"text-align: justify;\"><strong>For whom? <\/strong>For dogs\/large animals<strong><br \/>\n<\/strong><strong>Amount of CBD per serving: <\/strong>5 mg \/ 1 drop<strong><br \/>\nNumber of servings per pack: <\/strong>up to 240<strong><br \/>\nCBD content: <\/strong>1200 mg<strong><br \/>\nForm: <\/strong>Extract <strong>\/ <\/strong>Full spectrum oil<\/p>\n<\/div>","protected":false},"featured_media":29308,"comment_status":"open","ping_status":"closed","template":"","meta":[],"product_cat":[359,537],"product_tag":[],"yoast_head":"<!-- This site is optimized with the Yoast SEO plugin v18.4.1 - https:\/\/yoast.com\/wordpress\/plugins\/seo\/ -->\n<title>Olejek CBD 10% Pets Care - olej dla ps\u00f3w 1200 mg CBD - Hempmont.pl<\/title>\n<meta name=\"description\" content=\"Olejek Konopny CBD o st\u0119\u017ceniu 10% i zawarto\u015bci 1200mg CBD. Przebadany i certyfikowany produkt przeznaczony dla ps\u00f3w i du\u017cych zwierz\u0105t\" \/>\n<meta name=\"robots\" content=\"index, follow, max-snippet:-1, max-image-preview:large, max-video-preview:-1\" \/>\n<link rel=\"canonical\" href=\"https:\/\/b2b.hempmont.pl\/en\/product\/cbd-oil-for-dogs-10-1200-mg-hempmont-pets-care-12-ml\/\" \/>\n<meta property=\"og:locale\" content=\"en_GB\" \/>\n<meta property=\"og:type\" content=\"article\" \/>\n<meta property=\"og:title\" content=\"Olejek CBD 10% Pets Care - olej dla ps\u00f3w 1200 mg CBD - Hempmont.pl\" \/>\n<meta property=\"og:description\" content=\"Olejek Konopny CBD o st\u0119\u017ceniu 10% i zawarto\u015bci 1200mg CBD. Przebadany i certyfikowany produkt przeznaczony dla ps\u00f3w i du\u017cych zwierz\u0105t\" \/>\n<meta property=\"og:url\" content=\"https:\/\/b2b.hempmont.pl\/en\/product\/cbd-oil-for-dogs-10-1200-mg-hempmont-pets-care-12-ml\/\" \/>\n<meta property=\"og:site_name\" content=\"Hempmont\" \/>\n<meta property=\"article:modified_time\" content=\"2024-11-10T21:23:53+00:00\" \/>\n<meta name=\"twitter:card\" content=\"summary_large_image\" \/>\n<meta name=\"twitter:image\" content=\"https:\/\/b2b.hempmont.pl\/wp-content\/uploads\/2021\/12\/Hempmont_Dropper_Final0010-min-min-3.webp\" \/>\n<meta name=\"twitter:label1\" content=\"Estimated reading time\" \/>\n\t<meta name=\"twitter:data1\" content=\"2 minutes\" \/>\n<script type=\"application\/ld+json\" class=\"yoast-schema-graph\">{\"@context\":\"https:\/\/schema.org\",\"@graph\":[{\"@type\":\"WebSite\",\"@id\":\"https:\/\/b2b.hempmont.pl\/#website\",\"url\":\"https:\/\/b2b.hempmont.pl\/\",\"name\":\"Hempmont\",\"description\":\"\",\"potentialAction\":[{\"@type\":\"SearchAction\",\"target\":{\"@type\":\"EntryPoint\",\"urlTemplate\":\"https:\/\/b2b.hempmont.pl\/?s={search_term_string}\"},\"query-input\":\"required name=search_term_string\"}],\"inLanguage\":\"en-GB\"},{\"@type\":\"ImageObject\",\"@id\":\"https:\/\/b2b.hempmont.pl\/produkt\/olej-konopny-dla-psow-10-1200-mg-hempmont-pets-care-12-ml\/#primaryimage\",\"inLanguage\":\"en-GB\",\"url\":\"https:\/\/b2b.hempmont.pl\/wp-content\/uploads\/2021\/12\/Hempmont_Dropper_Final0010-min-min-3.webp\",\"contentUrl\":\"https:\/\/b2b.hempmont.pl\/wp-content\/uploads\/2021\/12\/Hempmont_Dropper_Final0010-min-min-3.webp\",\"width\":1000,\"height\":1000,\"caption\":\"Olejek dla zwierz\u0105t, ps\u00f3w Hempmont\"},{\"@type\":\"WebPage\",\"@id\":\"https:\/\/b2b.hempmont.pl\/produkt\/olej-konopny-dla-psow-10-1200-mg-hempmont-pets-care-12-ml\/#webpage\",\"url\":\"https:\/\/b2b.hempmont.pl\/produkt\/olej-konopny-dla-psow-10-1200-mg-hempmont-pets-care-12-ml\/\",\"name\":\"Olejek CBD 10% Pets Care - olej dla ps\u00f3w 1200 mg CBD - Hempmont.pl\",\"isPartOf\":{\"@id\":\"https:\/\/b2b.hempmont.pl\/#website\"},\"primaryImageOfPage\":{\"@id\":\"https:\/\/b2b.hempmont.pl\/produkt\/olej-konopny-dla-psow-10-1200-mg-hempmont-pets-care-12-ml\/#primaryimage\"},\"datePublished\":\"2021-12-23T01:23:55+00:00\",\"dateModified\":\"2024-11-10T21:23:53+00:00\",\"description\":\"Olejek Konopny CBD o st\u0119\u017ceniu 10% i zawarto\u015bci 1200mg CBD. Przebadany i certyfikowany produkt przeznaczony dla ps\u00f3w i du\u017cych zwierz\u0105t\",\"breadcrumb\":{\"@id\":\"https:\/\/b2b.hempmont.pl\/produkt\/olej-konopny-dla-psow-10-1200-mg-hempmont-pets-care-12-ml\/#breadcrumb\"},\"inLanguage\":\"en-GB\",\"potentialAction\":[{\"@type\":\"ReadAction\",\"target\":[\"https:\/\/b2b.hempmont.pl\/produkt\/olej-konopny-dla-psow-10-1200-mg-hempmont-pets-care-12-ml\/\"]}]},{\"@type\":\"BreadcrumbList\",\"@id\":\"https:\/\/b2b.hempmont.pl\/produkt\/olej-konopny-dla-psow-10-1200-mg-hempmont-pets-care-12-ml\/#breadcrumb\",\"itemListElement\":[{\"@type\":\"ListItem\",\"position\":1,\"name\":\"Strona g\u0142\u00f3wna\",\"item\":\"https:\/\/b2b.hempmont.pl\/\"},{\"@type\":\"ListItem\",\"position\":2,\"name\":\"Sklep CBD\",\"item\":\"https:\/\/b2b.hempmont.pl\/sklep-cbd\/\"},{\"@type\":\"ListItem\",\"position\":3,\"name\":\"Olej konopny dla ps\u00f3w 10% 1200 mg, Hempmont Pets Care &#8211; 12 ml\"}]}]}<\/script>\n<!-- \/ Yoast SEO plugin. -->","yoast_head_json":{"title":"Olejek CBD 10% Pets Care - olej dla ps\u00f3w 1200 mg CBD - Hempmont.pl","description":"Olejek Konopny CBD o st\u0119\u017ceniu 10% i zawarto\u015bci 1200mg CBD. Przebadany i certyfikowany produkt przeznaczony dla ps\u00f3w i du\u017cych zwierz\u0105t","robots":{"index":"index","follow":"follow","max-snippet":"max-snippet:-1","max-image-preview":"max-image-preview:large","max-video-preview":"max-video-preview:-1"},"canonical":"https:\/\/b2b.hempmont.pl\/en\/product\/cbd-oil-for-dogs-10-1200-mg-hempmont-pets-care-12-ml\/","og_locale":"en_GB","og_type":"article","og_title":"Olejek CBD 10% Pets Care - olej dla ps\u00f3w 1200 mg CBD - Hempmont.pl","og_description":"Olejek Konopny CBD o st\u0119\u017ceniu 10% i zawarto\u015bci 1200mg CBD. Przebadany i certyfikowany produkt przeznaczony dla ps\u00f3w i du\u017cych zwierz\u0105t","og_url":"https:\/\/b2b.hempmont.pl\/en\/product\/cbd-oil-for-dogs-10-1200-mg-hempmont-pets-care-12-ml\/","og_site_name":"Hempmont","article_modified_time":"2024-11-10T21:23:53+00:00","twitter_card":"summary_large_image","twitter_image":"https:\/\/b2b.hempmont.pl\/wp-content\/uploads\/2021\/12\/Hempmont_Dropper_Final0010-min-min-3.webp","twitter_misc":{"Estimated reading time":"2 minutes"},"schema":{"@context":"https:\/\/schema.org","@graph":[{"@type":"WebSite","@id":"https:\/\/b2b.hempmont.pl\/#website","url":"https:\/\/b2b.hempmont.pl\/","name":"Hempmont","description":"","potentialAction":[{"@type":"SearchAction","target":{"@type":"EntryPoint","urlTemplate":"https:\/\/b2b.hempmont.pl\/?s={search_term_string}"},"query-input":"required name=search_term_string"}],"inLanguage":"en-GB"},{"@type":"ImageObject","@id":"https:\/\/b2b.hempmont.pl\/produkt\/olej-konopny-dla-psow-10-1200-mg-hempmont-pets-care-12-ml\/#primaryimage","inLanguage":"en-GB","url":"https:\/\/b2b.hempmont.pl\/wp-content\/uploads\/2021\/12\/Hempmont_Dropper_Final0010-min-min-3.webp","contentUrl":"https:\/\/b2b.hempmont.pl\/wp-content\/uploads\/2021\/12\/Hempmont_Dropper_Final0010-min-min-3.webp","width":1000,"height":1000,"caption":"Olejek dla zwierz\u0105t, ps\u00f3w Hempmont"},{"@type":"WebPage","@id":"https:\/\/b2b.hempmont.pl\/produkt\/olej-konopny-dla-psow-10-1200-mg-hempmont-pets-care-12-ml\/#webpage","url":"https:\/\/b2b.hempmont.pl\/produkt\/olej-konopny-dla-psow-10-1200-mg-hempmont-pets-care-12-ml\/","name":"Olejek CBD 10% Pets Care - olej dla ps\u00f3w 1200 mg CBD - Hempmont.pl","isPartOf":{"@id":"https:\/\/b2b.hempmont.pl\/#website"},"primaryImageOfPage":{"@id":"https:\/\/b2b.hempmont.pl\/produkt\/olej-konopny-dla-psow-10-1200-mg-hempmont-pets-care-12-ml\/#primaryimage"},"datePublished":"2021-12-23T01:23:55+00:00","dateModified":"2024-11-10T21:23:53+00:00","description":"Olejek Konopny CBD o st\u0119\u017ceniu 10% i zawarto\u015bci 1200mg CBD. Przebadany i certyfikowany produkt przeznaczony dla ps\u00f3w i du\u017cych zwierz\u0105t","breadcrumb":{"@id":"https:\/\/b2b.hempmont.pl\/produkt\/olej-konopny-dla-psow-10-1200-mg-hempmont-pets-care-12-ml\/#breadcrumb"},"inLanguage":"en-GB","potentialAction":[{"@type":"ReadAction","target":["https:\/\/b2b.hempmont.pl\/produkt\/olej-konopny-dla-psow-10-1200-mg-hempmont-pets-care-12-ml\/"]}]},{"@type":"BreadcrumbList","@id":"https:\/\/b2b.hempmont.pl\/produkt\/olej-konopny-dla-psow-10-1200-mg-hempmont-pets-care-12-ml\/#breadcrumb","itemListElement":[{"@type":"ListItem","position":1,"name":"Strona g\u0142\u00f3wna","item":"https:\/\/b2b.hempmont.pl\/"},{"@type":"ListItem","position":2,"name":"Sklep CBD","item":"https:\/\/b2b.hempmont.pl\/sklep-cbd\/"},{"@type":"ListItem","position":3,"name":"Olej konopny dla ps\u00f3w 10% 1200 mg, Hempmont Pets Care &#8211; 12 ml"}]}]}},"_links":{"self":[{"href":"https:\/\/b2b.hempmont.pl\/en\/wp-json\/wp\/v2\/product\/25911"}],"collection":[{"href":"https:\/\/b2b.hempmont.pl\/en\/wp-json\/wp\/v2\/product"}],"about":[{"href":"https:\/\/b2b.hempmont.pl\/en\/wp-json\/wp\/v2\/types\/product"}],"replies":[{"embeddable":true,"href":"https:\/\/b2b.hempmont.pl\/en\/wp-json\/wp\/v2\/comments?post=25911"}],"wp:featuredmedia":[{"embeddable":true,"href":"https:\/\/b2b.hempmont.pl\/en\/wp-json\/wp\/v2\/media\/29308"}],"wp:attachment":[{"href":"https:\/\/b2b.hempmont.pl\/en\/wp-json\/wp\/v2\/media?parent=25911"}],"wp:term":[{"taxonomy":"product_cat","embeddable":true,"href":"https:\/\/b2b.hempmont.pl\/en\/wp-json\/wp\/v2\/product_cat?post=25911"},{"taxonomy":"product_tag","embeddable":true,"href":"https:\/\/b2b.hempmont.pl\/en\/wp-json\/wp\/v2\/product_tag?post=25911"}],"curies":[{"name":"wp","href":"https:\/\/api.w.org\/{rel}","templated":true}]}}